{"id":21003,"date":"2023-12-21T11:29:12","date_gmt":"2023-12-21T11:29:12","guid":{"rendered":"https:\/\/motokary-karting.sk\/?post_type=product&#038;p=21003"},"modified":"2024-06-10T08:05:42","modified_gmt":"2024-06-10T08:05:42","slug":"torba-na-kask-alpinestars-z-kopia-ventilation-flow-v3","status":"publish","type":"product","link":"https:\/\/motokary-karting.sk\/pl\/produkt\/alpinestars-taska-na-prilbu-s-ventilaciou-flow-v3-kopia\/","title":{"rendered":"Torba na kask Schuberth"},"content":{"rendered":"<p>Wysokiej jako\u015bci torba na kask wykonana z wytrzyma\u0142ego materia\u0142u. Zawiera p\u0119tle do przenoszenia i pasek do przenoszenia wykonany z wytrzyma\u0142ej ta\u015bmy.<\/p>","protected":false},"excerpt":{"rendered":"<p>Wysokiej jako\u015bci torba na kask wykonana z wytrzyma\u0142ego materia\u0142u. Zawiera p\u0119tle do przenoszenia i pasek do przenoszenia wykonany z wytrzyma\u0142ej ta\u015bmy.<\/p>","protected":false},"featured_media":21004,"template":"","meta":[],"product_brand":[],"product_cat":[32,734,1579,158],"product_tag":[1728,142,1344,81,3318,3321,3320,3319],"class_list":{"0":"post-21003","1":"product","2":"type-product","3":"status-publish","4":"has-post-thumbnail","6":"product_cat-lifestyle-oblecenie-a-produkty-na-volny-cas","7":"product_cat-ruksaky-tasky-na-prilby","8":"product_cat-tasky-na-prilby","9":"product_cat-tip-na-darcek","10":"product_tag-kart-shop","11":"product_tag-karting","12":"product_tag-karting-shop","13":"product_tag-motokary","14":"product_tag-schuberth","15":"product_tag-schuberth-taska-na-prilbu","16":"product_tag-taska-na-prilbu-schuberth","17":"product_tag-taska-schuberth","19":"first","20":"onbackorder","21":"taxable","22":"shipping-taxable","23":"purchasable","24":"product-type-simple","25":"customify-col"},"aioseo_notices":[],"_links":{"self":[{"href":"https:\/\/motokary-karting.sk\/pl\/wp-json\/wp\/v2\/product\/21003","targetHints":{"allow":["GET"]}}],"collection":[{"href":"https:\/\/motokary-karting.sk\/pl\/wp-json\/wp\/v2\/product"}],"about":[{"href":"https:\/\/motokary-karting.sk\/pl\/wp-json\/wp\/v2\/types\/product"}],"wp:featuredmedia":[{"embeddable":true,"href":"https:\/\/motokary-karting.sk\/pl\/wp-json\/wp\/v2\/media\/21004"}],"wp:attachment":[{"href":"https:\/\/motokary-karting.sk\/pl\/wp-json\/wp\/v2\/media?parent=21003"}],"wp:term":[{"taxonomy":"product_brand","embeddable":true,"href":"https:\/\/motokary-karting.sk\/pl\/wp-json\/wp\/v2\/product_brand?post=21003"},{"taxonomy":"product_cat","embeddable":true,"href":"https:\/\/motokary-karting.sk\/pl\/wp-json\/wp\/v2\/product_cat?post=21003"},{"taxonomy":"product_tag","embeddable":true,"href":"https:\/\/motokary-karting.sk\/pl\/wp-json\/wp\/v2\/product_tag?post=21003"}],"curies":[{"name":"wp","href":"https:\/\/api.w.org\/{rel}","templated":true}]}}