{"id":21007,"date":"2023-12-21T12:06:31","date_gmt":"2023-12-21T12:06:31","guid":{"rendered":"https:\/\/motokary-karting.sk\/?post_type=product&#038;p=21007"},"modified":"2026-01-29T19:21:46","modified_gmt":"2026-01-29T19:21:46","slug":"torba-podrozna-bell-rozmiar-s-m-l","status":"publish","type":"product","link":"https:\/\/motokary-karting.sk\/pl\/produkt\/bell-cestovna-taska-velkosti-s-m-l\/","title":{"rendered":"Torba podr\u00f3\u017cna BELL (rozmiary S - M - L)"},"content":{"rendered":"<p>Wykonana z pikowanego materia\u0142u wierzchniego z wysokiej jako\u015bci gumowymi k\u00f3\u0142kami, du\u017ca, wytrzyma\u0142a torba podr\u00f3\u017cna Bell jest idealnym towarzyszem podr\u00f3\u017cy i oferuje du\u017co miejsca do przechowywania sprz\u0119tu, kasku, but\u00f3w i odzie\u017cy. Wysuwany uchwyt transportowy.<\/p>\n<p>Kolor: Czarny<\/p>\n<p>Rozmiar: S<br \/>\nWymiary: 36 x 25 x 56 cm<br \/>\nPojemno\u015b\u0107: 22 litry<\/p>\n<p>Rozmiar: M<br \/>\nWymiary: 38 x 33 x 70 cm<br \/>\nPojemno\u015b\u0107: 86 litr\u00f3w<\/p>\n<p>Rozmiar L<br \/>\nWymiary: 42 x 36 x 92 cm<br \/>\nPojemno\u015b\u0107: 145 litr\u00f3w<\/p>","protected":false},"excerpt":{"rendered":"<p>Wykonana z pikowanego materia\u0142u wierzchniego z wysokiej jako\u015bci gumowymi k\u00f3\u0142kami, du\u017ca, wytrzyma\u0142a torba podr\u00f3\u017cna Bell jest idealnym towarzyszem podr\u00f3\u017cy i oferuje mn\u00f3stwo miejsca do...<\/p>","protected":false},"featured_media":21023,"template":"","meta":[],"product_brand":[],"product_cat":[2917,32],"product_tag":[963,3158,1866,3157,1728,142,1344,81,3159],"class_list":{"0":"post-21007","1":"product","2":"type-product","3":"status-publish","4":"has-post-thumbnail","6":"product_cat-batozina","7":"product_cat-lifestyle-oblecenie-a-produkty-na-volny-cas","8":"product_tag-bell","9":"product_tag-bell-cestovna-taska","10":"product_tag-cestovna-taska","11":"product_tag-cestovna-taska-bell","12":"product_tag-kart-shop","13":"product_tag-karting","14":"product_tag-karting-shop","15":"product_tag-motokary","16":"product_tag-taska-na-kolieskach","18":"first","19":"onbackorder","20":"taxable","21":"shipping-taxable","22":"purchasable","23":"product-type-variable","24":"customify-col","25":"product-has-gallery"},"aioseo_notices":[],"_links":{"self":[{"href":"https:\/\/motokary-karting.sk\/pl\/wp-json\/wp\/v2\/product\/21007","targetHints":{"allow":["GET"]}}],"collection":[{"href":"https:\/\/motokary-karting.sk\/pl\/wp-json\/wp\/v2\/product"}],"about":[{"href":"https:\/\/motokary-karting.sk\/pl\/wp-json\/wp\/v2\/types\/product"}],"wp:featuredmedia":[{"embeddable":true,"href":"https:\/\/motokary-karting.sk\/pl\/wp-json\/wp\/v2\/media\/21023"}],"wp:attachment":[{"href":"https:\/\/motokary-karting.sk\/pl\/wp-json\/wp\/v2\/media?parent=21007"}],"wp:term":[{"taxonomy":"product_brand","embeddable":true,"href":"https:\/\/motokary-karting.sk\/pl\/wp-json\/wp\/v2\/product_brand?post=21007"},{"taxonomy":"product_cat","embeddable":true,"href":"https:\/\/motokary-karting.sk\/pl\/wp-json\/wp\/v2\/product_cat?post=21007"},{"taxonomy":"product_tag","embeddable":true,"href":"https:\/\/motokary-karting.sk\/pl\/wp-json\/wp\/v2\/product_tag?post=21007"}],"curies":[{"name":"wp","href":"https:\/\/api.w.org\/{rel}","templated":true}]}}