{"id":21030,"date":"2023-12-21T12:27:11","date_gmt":"2023-12-21T12:27:11","guid":{"rendered":"https:\/\/motokary-karting.sk\/?post_type=product&#038;p=21030"},"modified":"2024-02-13T08:33:05","modified_gmt":"2024-02-13T08:33:05","slug":"sparco-martini-racing-belt-reversible","status":"publish","type":"product","link":"https:\/\/motokary-karting.sk\/pl\/produkt\/sparco-opasok-martini-racing-obojstranny\/","title":{"rendered":"Odwracalny pasek Sparco Martini Racing"},"content":{"rendered":"<p>Odwracalny pasek Sparco w legendarnych kolorach MARTINI RACING - wykonany z prawdziwej sk\u00f3ry. 100% wyprodukowano we W\u0142oszech.<\/p>\n<p>Materia\u0142: sk\u00f3ra 100%<\/p>","protected":false},"excerpt":{"rendered":"<p>Odwracalny pasek Sparco w legendarnych kolorach MARTINI RACING - wykonany z prawdziwej sk\u00f3ry. 100% wyprodukowano we W\u0142oszech. 100% sk\u00f3ra<\/p>","protected":false},"featured_media":21039,"template":"","meta":[],"product_brand":[],"product_cat":[32,1458,742],"product_tag":[1728,142,1344,81,3323,3322,3159],"class_list":{"0":"post-21030","1":"product","2":"type-product","3":"status-publish","4":"has-post-thumbnail","6":"product_cat-lifestyle-oblecenie-a-produkty-na-volny-cas","7":"product_cat-martini-racing","8":"product_cat-ostatne-lifestyloblecenieadoplnky","9":"product_tag-kart-shop","10":"product_tag-karting","11":"product_tag-karting-shop","12":"product_tag-motokary","13":"product_tag-opasok-sparco","14":"product_tag-sparco-opasok","15":"product_tag-taska-na-kolieskach","17":"first","18":"onbackorder","19":"taxable","20":"shipping-taxable","21":"purchasable","22":"product-type-variable","23":"customify-col","24":"product-has-gallery"},"aioseo_notices":[],"_links":{"self":[{"href":"https:\/\/motokary-karting.sk\/pl\/wp-json\/wp\/v2\/product\/21030","targetHints":{"allow":["GET"]}}],"collection":[{"href":"https:\/\/motokary-karting.sk\/pl\/wp-json\/wp\/v2\/product"}],"about":[{"href":"https:\/\/motokary-karting.sk\/pl\/wp-json\/wp\/v2\/types\/product"}],"wp:featuredmedia":[{"embeddable":true,"href":"https:\/\/motokary-karting.sk\/pl\/wp-json\/wp\/v2\/media\/21039"}],"wp:attachment":[{"href":"https:\/\/motokary-karting.sk\/pl\/wp-json\/wp\/v2\/media?parent=21030"}],"wp:term":[{"taxonomy":"product_brand","embeddable":true,"href":"https:\/\/motokary-karting.sk\/pl\/wp-json\/wp\/v2\/product_brand?post=21030"},{"taxonomy":"product_cat","embeddable":true,"href":"https:\/\/motokary-karting.sk\/pl\/wp-json\/wp\/v2\/product_cat?post=21030"},{"taxonomy":"product_tag","embeddable":true,"href":"https:\/\/motokary-karting.sk\/pl\/wp-json\/wp\/v2\/product_tag?post=21030"}],"curies":[{"name":"wp","href":"https:\/\/api.w.org\/{rel}","templated":true}]}}