{"id":21222,"date":"2023-12-21T15:18:01","date_gmt":"2023-12-21T15:18:01","guid":{"rendered":"https:\/\/motokary-karting.sk\/?post_type=product&#038;p=21222"},"modified":"2026-02-11T11:08:12","modified_gmt":"2026-02-11T11:08:12","slug":"buty-omp-arp-x","status":"publish","type":"product","link":"https:\/\/motokary-karting.sk\/pl\/produkt\/omp-boty-arp-x\/","title":{"rendered":"Buty OMP ARP-X"},"content":{"rendered":"<p>Zoptymalizowane buty kartingowe OMP na zimne i mokre dni w roku. Wyposa\u017cone w wysoki podnosek i dwa paski na rzep dla optymalnego dopasowania. Oddychaj\u0105ca membrana poliuretanowa zapewnia dobr\u0105 izolacj\u0119, jednocze\u015bnie chroni\u0105c przed zimnym wiatrem i wilgoci\u0105. Dopasowany, ergonomiczny kr\u00f3j. Maksymalna kontrola i optymalna przyczepno\u015b\u0107 nawet w bardzo mokrych warunkach.<\/p>\n<p>Idealne na zimne i mokre warunki.<\/p>\n<p>Wodoodporno\u015b\u0107.<\/p>\n<p>Homologacja FIA<\/p>","protected":false},"excerpt":{"rendered":"<p>Zoptymalizowane buty kartingowe OMP na zimne i mokre dni w roku. Wyposa\u017cone w wysoki podnosek i dwa paski na rzep dla optymalnego dopasowania. Oddychaj\u0105ca membrana poliuretanowa...<\/p>","protected":false},"featured_media":21334,"template":"","meta":[],"product_brand":[],"product_cat":[92,28,18],"product_tag":[1728,142,1344,1727,235,940,81,1586,25,1826,1828,1587,1825,1076,87,1585,1827],"class_list":{"0":"post-21222","1":"product","2":"type-product","3":"status-publish","4":"has-post-thumbnail","6":"product_cat-omp-topanky","7":"product_cat-topanky","8":"product_cat-vybava-pretekara","9":"product_tag-kart-shop","10":"product_tag-karting","11":"product_tag-karting-shop","12":"product_tag-kartingove-topanky","13":"product_tag-ks-3","14":"product_tag-motokarove-topanky","15":"product_tag-motokary","16":"product_tag-obuv-na-motokaru","17":"product_tag-omp","18":"product_tag-omp-dealer","19":"product_tag-omp-ks-3","20":"product_tag-omp-motokara","21":"product_tag-omp-shop","22":"product_tag-omp-topanky","23":"product_tag-topanky","24":"product_tag-topanky-na-motokaru","25":"product_tag-topanky-omp","27":"first","28":"onbackorder","29":"taxable","30":"shipping-taxable","31":"purchasable","32":"product-type-variable","33":"customify-col","34":"product-has-gallery"},"aioseo_notices":[],"_links":{"self":[{"href":"https:\/\/motokary-karting.sk\/pl\/wp-json\/wp\/v2\/product\/21222","targetHints":{"allow":["GET"]}}],"collection":[{"href":"https:\/\/motokary-karting.sk\/pl\/wp-json\/wp\/v2\/product"}],"about":[{"href":"https:\/\/motokary-karting.sk\/pl\/wp-json\/wp\/v2\/types\/product"}],"wp:featuredmedia":[{"embeddable":true,"href":"https:\/\/motokary-karting.sk\/pl\/wp-json\/wp\/v2\/media\/21334"}],"wp:attachment":[{"href":"https:\/\/motokary-karting.sk\/pl\/wp-json\/wp\/v2\/media?parent=21222"}],"wp:term":[{"taxonomy":"product_brand","embeddable":true,"href":"https:\/\/motokary-karting.sk\/pl\/wp-json\/wp\/v2\/product_brand?post=21222"},{"taxonomy":"product_cat","embeddable":true,"href":"https:\/\/motokary-karting.sk\/pl\/wp-json\/wp\/v2\/product_cat?post=21222"},{"taxonomy":"product_tag","embeddable":true,"href":"https:\/\/motokary-karting.sk\/pl\/wp-json\/wp\/v2\/product_tag?post=21222"}],"curies":[{"name":"wp","href":"https:\/\/api.w.org\/{rel}","templated":true}]}}