{"id":21774,"date":"2024-02-15T13:46:37","date_gmt":"2024-02-15T13:46:37","guid":{"rendered":"https:\/\/motokary-karting.sk\/?post_type=product&#038;p=21774"},"modified":"2024-02-26T11:40:51","modified_gmt":"2024-02-26T11:40:51","slug":"plecak-bell","status":"publish","type":"product","link":"https:\/\/motokary-karting.sk\/pl\/produkt\/bell-ruksak\/","title":{"rendered":"Plecak BELL"},"content":{"rendered":"<p>Plecak sportowy w swojej klasie ze zintegrowan\u0105 komor\u0105 na laptopa\/tablet (do 15\u2033) i wy\u015bcie\u0142anymi paskami na ramiona. Szczeg\u00f3lnie praktyczny dzi\u0119ki kilku oddzielnym przegrodom zapinanym na zamek.<\/p>\n<p>Wymiary: 32 x 24 x 50 cm<br \/>\nPojemno\u015b\u0107: 20 litr\u00f3w<\/p>","protected":false},"excerpt":{"rendered":"<p>Dostawa w ci\u0105gu 7 dni<\/p>","protected":false},"featured_media":21775,"template":"","meta":[],"product_brand":[],"product_cat":[32,734,1579,18],"product_tag":[963,3327,3326,733,81,730,731,728,729],"class_list":{"0":"post-21774","1":"product","2":"type-product","3":"status-publish","4":"has-post-thumbnail","6":"product_cat-lifestyle-oblecenie-a-produkty-na-volny-cas","7":"product_cat-ruksaky-tasky-na-prilby","8":"product_cat-tasky-na-prilby","9":"product_cat-vybava-pretekara","10":"product_tag-bell","11":"product_tag-bell-backpack","12":"product_tag-bell-ruksak","13":"product_tag-kartimg","14":"product_tag-motokary","15":"product_tag-ruksak","16":"product_tag-ruksak-na-prilbu","17":"product_tag-taska-na-helmu","18":"product_tag-taska-na-prilbu","20":"first","21":"onbackorder","22":"taxable","23":"shipping-taxable","24":"purchasable","25":"product-type-simple","26":"customify-col"},"aioseo_notices":[],"_links":{"self":[{"href":"https:\/\/motokary-karting.sk\/pl\/wp-json\/wp\/v2\/product\/21774","targetHints":{"allow":["GET"]}}],"collection":[{"href":"https:\/\/motokary-karting.sk\/pl\/wp-json\/wp\/v2\/product"}],"about":[{"href":"https:\/\/motokary-karting.sk\/pl\/wp-json\/wp\/v2\/types\/product"}],"wp:featuredmedia":[{"embeddable":true,"href":"https:\/\/motokary-karting.sk\/pl\/wp-json\/wp\/v2\/media\/21775"}],"wp:attachment":[{"href":"https:\/\/motokary-karting.sk\/pl\/wp-json\/wp\/v2\/media?parent=21774"}],"wp:term":[{"taxonomy":"product_brand","embeddable":true,"href":"https:\/\/motokary-karting.sk\/pl\/wp-json\/wp\/v2\/product_brand?post=21774"},{"taxonomy":"product_cat","embeddable":true,"href":"https:\/\/motokary-karting.sk\/pl\/wp-json\/wp\/v2\/product_cat?post=21774"},{"taxonomy":"product_tag","embeddable":true,"href":"https:\/\/motokary-karting.sk\/pl\/wp-json\/wp\/v2\/product_tag?post=21774"}],"curies":[{"name":"wp","href":"https:\/\/api.w.org\/{rel}","templated":true}]}}