{"id":21785,"date":"2024-02-22T10:35:41","date_gmt":"2024-02-22T10:35:41","guid":{"rendered":"https:\/\/motokary-karting.sk\/?post_type=product&#038;p=21785"},"modified":"2026-02-11T10:45:54","modified_gmt":"2026-02-11T10:45:54","slug":"kombinezon-sparco-prime-k-advanced","status":"publish","type":"product","link":"https:\/\/motokary-karting.sk\/pl\/produkt\/sparco-prime-k-advanced-kombineza\/","title":{"rendered":"Kombinezon Sparco PRIME K-Advanced"},"content":{"rendered":"<p>Sparco prezentuje przysz\u0142o\u015b\u0107 kartingu z PRIME K. Dzi\u0119ki innowacyjnym materia\u0142om i najnowocze\u015bniejszej technologii druku, Sparco uda\u0142o si\u0119 stworzy\u0107 gokarta, kt\u00f3ry mo\u017cna zadrukowa\u0107 prawie 100%. Nowa technologia druku gwarantuje wysok\u0105 precyzj\u0119, dok\u0142adne drukowanie z doskona\u0142ym odwzorowaniem kolor\u00f3w - drukowany mi\u0119kki materia\u0142 zewn\u0119trzny jest trwa\u0142y, mi\u0119kki i nadal mo\u017cna go pra\u0107 nawet po latach.<\/p>\n<p>Strategicznie rozmieszczone du\u017ce elastyczne wstawki zapewniaj\u0105 maksymaln\u0105 swobod\u0119 ruch\u00f3w, pomimo sportowego dopasowania do cia\u0142a. Poprawiona oddychalno\u015b\u0107 dzi\u0119ki sprawdzonym oddychaj\u0105cym wstawkom w okolicy l\u0119d\u017awiowej i na ko\u0144cach nogawek. Zatwierdzony zgodnie z najnowszym standardem bezpiecze\u0144stwa FIA8877-2022 dla kartingu.<\/p>","protected":false},"excerpt":{"rendered":"<p>Sparco prezentuje przysz\u0142o\u015b\u0107 kartingu z PRIME K. Z pomoc\u0105 innowacyjnych materia\u0142\u00f3w i najnowocze\u015bniejszej technologii druku, Sparco uda\u0142o si\u0119 stworzy\u0107 gokarta, kt\u00f3ry jest niemal...<\/p>","protected":false},"featured_media":25384,"template":"","meta":[],"product_brand":[],"product_cat":[22,98,18],"product_tag":[142,1344,85,482,1255,1258,81,2083,2085,26,1257,3328,1256,100,2084],"class_list":{"0":"post-21785","1":"product","2":"type-product","3":"status-publish","4":"has-post-thumbnail","6":"product_cat-kombinezy","7":"product_cat-sparco-kombinezy","8":"product_cat-vybava-pretekara","9":"product_tag-karting","10":"product_tag-karting-shop","11":"product_tag-kombineza","12":"product_tag-kombineza-na-motokary","13":"product_tag-kombineza-sparco-thunder","14":"product_tag-motokarova-kombineza","15":"product_tag-motokary","16":"product_tag-overal-sparco-thunder","17":"product_tag-saprco-shop","18":"product_tag-sparco","19":"product_tag-sparco-kombineza-thunder","20":"product_tag-sparco-prime-k-advanced","21":"product_tag-sparco-thunder","22":"product_tag-thunder","23":"product_tag-thunder-sparco","25":"first","26":"onbackorder","27":"taxable","28":"shipping-taxable","29":"purchasable","30":"product-type-variable","31":"customify-col","32":"product-has-gallery"},"aioseo_notices":[],"_links":{"self":[{"href":"https:\/\/motokary-karting.sk\/pl\/wp-json\/wp\/v2\/product\/21785","targetHints":{"allow":["GET"]}}],"collection":[{"href":"https:\/\/motokary-karting.sk\/pl\/wp-json\/wp\/v2\/product"}],"about":[{"href":"https:\/\/motokary-karting.sk\/pl\/wp-json\/wp\/v2\/types\/product"}],"wp:featuredmedia":[{"embeddable":true,"href":"https:\/\/motokary-karting.sk\/pl\/wp-json\/wp\/v2\/media\/25384"}],"wp:attachment":[{"href":"https:\/\/motokary-karting.sk\/pl\/wp-json\/wp\/v2\/media?parent=21785"}],"wp:term":[{"taxonomy":"product_brand","embeddable":true,"href":"https:\/\/motokary-karting.sk\/pl\/wp-json\/wp\/v2\/product_brand?post=21785"},{"taxonomy":"product_cat","embeddable":true,"href":"https:\/\/motokary-karting.sk\/pl\/wp-json\/wp\/v2\/product_cat?post=21785"},{"taxonomy":"product_tag","embeddable":true,"href":"https:\/\/motokary-karting.sk\/pl\/wp-json\/wp\/v2\/product_tag?post=21785"}],"curies":[{"name":"wp","href":"https:\/\/api.w.org\/{rel}","templated":true}]}}