{"id":22038,"date":"2024-02-22T11:49:55","date_gmt":"2024-02-22T11:49:55","guid":{"rendered":"https:\/\/motokary-karting.sk\/?post_type=product&#038;p=22038"},"modified":"2026-02-11T10:44:40","modified_gmt":"2026-02-11T10:44:40","slug":"kombinezon-sparco-sprint","status":"publish","type":"product","link":"https:\/\/motokary-karting.sk\/pl\/produkt\/sparco-sprint-kombineza\/","title":{"rendered":"Kombinezon Sparco Sprint - ostatnia sztuka - rozmiar 52"},"content":{"rendered":"<p>Kombinezon wy\u015bcigowy z podstawowej kategorii cenowej o jasnym, sportowym designie. Nowy poziom ewolucji kombinezon\u00f3w SPRINT imponuje nie tylko wysokim komfortem noszenia i wyrafinowanymi w\u0142a\u015bciwo\u015bciami materia\u0142u, ale tak\u017ce dobrym dopasowaniem.<\/p>\n<p>Optymalna swoboda ruch\u00f3w dzi\u0119ki elastycznym wstawkom z rozci\u0105gliwego materia\u0142u. Ultralekkie, \u015bci\u015ble przylegaj\u0105ce mankiety na r\u0119kach i nogach. Pagony typowe dla sport\u00f3w motorowych s\u0105 bardzo p\u0142askie, dzi\u0119ki czemu system HANS jest znacznie wygodniejszy w noszeniu. Sparco SPRINT oferuje sprawdzon\u0105 jako\u015b\u0107 Sparco w doskona\u0142ym stosunku ceny do wydajno\u015bci.<\/p>","protected":false},"excerpt":{"rendered":"<p>Kombinezon wy\u015bcigowy z podstawowej kategorii cenowej o jasnym, sportowym designie. Nowy poziom ewolucji kombinezon\u00f3w SPRINT imponuje nie tylko doskona\u0142ym komfortem noszenia i wyrafinowanymi w\u0142a\u015bciwo\u015bciami materia\u0142u, ale tak\u017ce...<\/p>","protected":false},"featured_media":30729,"template":"","meta":[],"product_brand":[],"product_cat":[22,98,18],"product_tag":[142,1344,85,482,1255,1258,81,2083,2085,26,1257,3328,1256,100,2084],"class_list":{"0":"post-22038","1":"product","2":"type-product","3":"status-publish","4":"has-post-thumbnail","6":"product_cat-kombinezy","7":"product_cat-sparco-kombinezy","8":"product_cat-vybava-pretekara","9":"product_tag-karting","10":"product_tag-karting-shop","11":"product_tag-kombineza","12":"product_tag-kombineza-na-motokary","13":"product_tag-kombineza-sparco-thunder","14":"product_tag-motokarova-kombineza","15":"product_tag-motokary","16":"product_tag-overal-sparco-thunder","17":"product_tag-saprco-shop","18":"product_tag-sparco","19":"product_tag-sparco-kombineza-thunder","20":"product_tag-sparco-prime-k-advanced","21":"product_tag-sparco-thunder","22":"product_tag-thunder","23":"product_tag-thunder-sparco","25":"first","26":"instock","27":"sale","28":"taxable","29":"shipping-taxable","30":"purchasable","31":"product-type-variable","32":"customify-col","33":"product-has-gallery"},"aioseo_notices":[],"_links":{"self":[{"href":"https:\/\/motokary-karting.sk\/pl\/wp-json\/wp\/v2\/product\/22038","targetHints":{"allow":["GET"]}}],"collection":[{"href":"https:\/\/motokary-karting.sk\/pl\/wp-json\/wp\/v2\/product"}],"about":[{"href":"https:\/\/motokary-karting.sk\/pl\/wp-json\/wp\/v2\/types\/product"}],"wp:featuredmedia":[{"embeddable":true,"href":"https:\/\/motokary-karting.sk\/pl\/wp-json\/wp\/v2\/media\/30729"}],"wp:attachment":[{"href":"https:\/\/motokary-karting.sk\/pl\/wp-json\/wp\/v2\/media?parent=22038"}],"wp:term":[{"taxonomy":"product_brand","embeddable":true,"href":"https:\/\/motokary-karting.sk\/pl\/wp-json\/wp\/v2\/product_brand?post=22038"},{"taxonomy":"product_cat","embeddable":true,"href":"https:\/\/motokary-karting.sk\/pl\/wp-json\/wp\/v2\/product_cat?post=22038"},{"taxonomy":"product_tag","embeddable":true,"href":"https:\/\/motokary-karting.sk\/pl\/wp-json\/wp\/v2\/product_tag?post=22038"}],"curies":[{"name":"wp","href":"https:\/\/api.w.org\/{rel}","templated":true}]}}