{"id":22201,"date":"2024-02-22T13:12:08","date_gmt":"2024-02-22T13:12:08","guid":{"rendered":"https:\/\/motokary-karting.sk\/?post_type=product&#038;p=22201"},"modified":"2026-02-11T11:07:05","modified_gmt":"2026-02-11T11:07:05","slug":"buty-omp-sport","status":"publish","type":"product","link":"https:\/\/motokary-karting.sk\/pl\/produkt\/omp-topanky-sport\/","title":{"rendered":"OMP Shoes Sport"},"content":{"rendered":"<p>Solidne podstawowe obuwie OMP driver SPORT - jako\u015b\u0107 i wydajno\u015b\u0107 zredukowane do niezb\u0119dnego minimum. Cholewka buta wykonana jest z mi\u0119kkiego, przyjemnego w dotyku i lekkiego materia\u0142u z mikrofibry. Dzi\u0119ki \u015bredniemu dopasowaniu i wysokiemu sznurowaniu kostka jest optymalnie przytulona.<\/p>","protected":false},"excerpt":{"rendered":"<p>Solidne podstawowe obuwie OMP driver SPORT - jako\u015b\u0107 i wydajno\u015b\u0107 zredukowane do niezb\u0119dnego minimum. Cholewka buta wykonana jest z mi\u0119kkiego, przyjemnego w dotyku i lekkiego materia\u0142u....<\/p>","protected":false},"featured_media":22271,"template":"","meta":[],"product_brand":[],"product_cat":[92,28,18],"product_tag":[1728,142,1344,1727,235,940,81,1586,25,1826,1828,1587,1825,1076,87,1585,1827],"class_list":{"0":"post-22201","1":"product","2":"type-product","3":"status-publish","4":"has-post-thumbnail","6":"product_cat-omp-topanky","7":"product_cat-topanky","8":"product_cat-vybava-pretekara","9":"product_tag-kart-shop","10":"product_tag-karting","11":"product_tag-karting-shop","12":"product_tag-kartingove-topanky","13":"product_tag-ks-3","14":"product_tag-motokarove-topanky","15":"product_tag-motokary","16":"product_tag-obuv-na-motokaru","17":"product_tag-omp","18":"product_tag-omp-dealer","19":"product_tag-omp-ks-3","20":"product_tag-omp-motokara","21":"product_tag-omp-shop","22":"product_tag-omp-topanky","23":"product_tag-topanky","24":"product_tag-topanky-na-motokaru","25":"product_tag-topanky-omp","27":"first","28":"instock","29":"sale","30":"taxable","31":"shipping-taxable","32":"purchasable","33":"product-type-variable","34":"customify-col","35":"product-has-gallery"},"aioseo_notices":[],"_links":{"self":[{"href":"https:\/\/motokary-karting.sk\/pl\/wp-json\/wp\/v2\/product\/22201","targetHints":{"allow":["GET"]}}],"collection":[{"href":"https:\/\/motokary-karting.sk\/pl\/wp-json\/wp\/v2\/product"}],"about":[{"href":"https:\/\/motokary-karting.sk\/pl\/wp-json\/wp\/v2\/types\/product"}],"wp:featuredmedia":[{"embeddable":true,"href":"https:\/\/motokary-karting.sk\/pl\/wp-json\/wp\/v2\/media\/22271"}],"wp:attachment":[{"href":"https:\/\/motokary-karting.sk\/pl\/wp-json\/wp\/v2\/media?parent=22201"}],"wp:term":[{"taxonomy":"product_brand","embeddable":true,"href":"https:\/\/motokary-karting.sk\/pl\/wp-json\/wp\/v2\/product_brand?post=22201"},{"taxonomy":"product_cat","embeddable":true,"href":"https:\/\/motokary-karting.sk\/pl\/wp-json\/wp\/v2\/product_cat?post=22201"},{"taxonomy":"product_tag","embeddable":true,"href":"https:\/\/motokary-karting.sk\/pl\/wp-json\/wp\/v2\/product_tag?post=22201"}],"curies":[{"name":"wp","href":"https:\/\/api.w.org\/{rel}","templated":true}]}}