{"id":2228,"date":"2020-08-10T20:52:12","date_gmt":"2020-08-10T20:52:12","guid":{"rendered":"https:\/\/motokary-karting.sk\/?post_type=product&#038;p=2228"},"modified":"2024-07-23T14:25:50","modified_gmt":"2024-07-23T14:25:50","slug":"rozladowarka-bebnowa-typu-428","status":"publish","type":"product","link":"https:\/\/motokary-karting.sk\/pl\/produkt\/vybijac-vyrazac-na-retaz-typu-428\/","title":{"rendered":"Wyrzutnik \/ wybijak sworznia centralnego do \u0142a\u0144cucha typu 428"},"content":{"rendered":"<p>S\u0142u\u017cy do skracania \u0142a\u0144cucha.<\/p>","protected":false},"excerpt":{"rendered":"<p>Dostawa w ci\u0105gu 7 dni<\/p>","protected":false},"featured_media":2229,"template":"","meta":[],"product_brand":[],"product_cat":[3360,3350,58],"product_tag":[577,142,81,572,573,574,575,576,578,579],"class_list":{"0":"post-2228","1":"product","2":"type-product","3":"status-publish","4":"has-post-thumbnail","6":"product_cat-ostatne-vybava-do-garaze","7":"product_cat-pripravky","8":"product_cat-vybava-do-garaze","9":"product_tag-577","10":"product_tag-karting","11":"product_tag-motokary","12":"product_tag-puller","13":"product_tag-puller-for-chain","14":"product_tag-puller-for-chain-219","15":"product_tag-timble","16":"product_tag-timble-for-chain","17":"product_tag-vybijac-na-retaz","18":"product_tag-vyrazac-na-retaz","20":"first","21":"onbackorder","22":"taxable","23":"shipping-taxable","24":"purchasable","25":"product-type-simple","26":"customify-col"},"aioseo_notices":[],"_links":{"self":[{"href":"https:\/\/motokary-karting.sk\/pl\/wp-json\/wp\/v2\/product\/2228","targetHints":{"allow":["GET"]}}],"collection":[{"href":"https:\/\/motokary-karting.sk\/pl\/wp-json\/wp\/v2\/product"}],"about":[{"href":"https:\/\/motokary-karting.sk\/pl\/wp-json\/wp\/v2\/types\/product"}],"wp:featuredmedia":[{"embeddable":true,"href":"https:\/\/motokary-karting.sk\/pl\/wp-json\/wp\/v2\/media\/2229"}],"wp:attachment":[{"href":"https:\/\/motokary-karting.sk\/pl\/wp-json\/wp\/v2\/media?parent=2228"}],"wp:term":[{"taxonomy":"product_brand","embeddable":true,"href":"https:\/\/motokary-karting.sk\/pl\/wp-json\/wp\/v2\/product_brand?post=2228"},{"taxonomy":"product_cat","embeddable":true,"href":"https:\/\/motokary-karting.sk\/pl\/wp-json\/wp\/v2\/product_cat?post=2228"},{"taxonomy":"product_tag","embeddable":true,"href":"https:\/\/motokary-karting.sk\/pl\/wp-json\/wp\/v2\/product_tag?post=2228"}],"curies":[{"name":"wp","href":"https:\/\/api.w.org\/{rel}","templated":true}]}}