{"id":22299,"date":"2025-04-02T15:14:53","date_gmt":"2025-04-02T15:14:53","guid":{"rendered":"https:\/\/motokary-karting.sk\/?post_type=product&#038;p=22299"},"modified":"2026-04-27T07:34:10","modified_gmt":"2026-04-27T07:34:10","slug":"w-pelni-samoobslugowy-wozek-gokartowy","status":"publish","type":"product","link":"https:\/\/motokary-karting.sk\/pl\/produkt\/vozik-na-motokaru-plne-samoobsluzny\/","title":{"rendered":"W\u00f3zek gokartowy W PE\u0141NI WYPOSA\u017bONY - Transformator"},"content":{"rendered":"<p>Potrafi za\u0142adowa\u0107 i roz\u0142adowa\u0107 gokarta bez pomocy innej osoby.<\/p>\n<p>MARKOWY PRODUKT!<\/p>\n<p>&nbsp;<\/p>\n<p>Najnowszy unikalny w\u00f3zek gokartowy, kt\u00f3ry ma wszystkie fantastyczne zalety naszych innych w\u00f3zk\u00f3w z 2 dodatkowymi pozycjami uko\u015bnymi, idealny dla ka\u017cdego mechanika. Wykonany ze stali, z du\u017cymi solidnymi ko\u0142ami poliuretanowymi, waga 17 kg. Mo\u017ce by\u0107 u\u017cywany na wszystkich podwoziach z homologacj\u0105 CIK\/FIA.<br \/>\nDoskona\u0142a stabilno\u015b\u0107 i obs\u0142uga. Maksymalny wska\u017anik obci\u0105\u017cenia wynosi 120 kg.<br \/>\nSkrzynka narz\u0119dziowa z tworzywa ABS jest wliczona w cen\u0119. Dost\u0119pny w kolorze czarnym.<\/p>\n<p><strong>PRODUKT NIE JE VHODN\u00dd PRE NAJMEN\u0160IE MOTOK\u00c1RY BABY-KART. PRE MINI-KART POTREBN\u00c9 DOK\u00daPI\u0164 NADSTAVEC PREDL\u017dOVAC\u00cd POD N\u00c1RAZN\u00cdKOM \u2013 informujte sa u n\u00e1s.<\/strong><\/p>","protected":false},"excerpt":{"rendered":"<p>Mo\u017cliwo\u015b\u0107 za\u0142adunku i roz\u0142adunku gokarta bez pomocy drugiej osoby PRODUKT MARKOWY !   Najnowszy unikalny w\u00f3zek gokartowy, kt\u00f3ry ma wszystkie fantastyczne zalety naszych innych...<\/p>","protected":false},"featured_media":33207,"template":"","meta":[],"product_brand":[],"product_cat":[2447,58],"product_tag":[142,1344,2120,2449,2007,81,2448,108,2006],"class_list":{"0":"post-22299","1":"product","2":"type-product","3":"status-publish","4":"has-post-thumbnail","6":"product_cat-vozikynamotokary","7":"product_cat-vybava-do-garaze","8":"product_tag-karting","9":"product_tag-karting-shop","10":"product_tag-kolesovy-vozik","11":"product_tag-kolesovy-vozik-na-motokary","12":"product_tag-motokarovy-vozik","13":"product_tag-motokary","14":"product_tag-stojan-na-motokaru","15":"product_tag-vozik","16":"product_tag-vozik-na-motokaru","18":"first","19":"onbackorder","20":"sale","21":"taxable","22":"shipping-taxable","23":"purchasable","24":"product-type-simple","25":"customify-col","26":"product-has-gallery"},"aioseo_notices":[],"_links":{"self":[{"href":"https:\/\/motokary-karting.sk\/pl\/wp-json\/wp\/v2\/product\/22299","targetHints":{"allow":["GET"]}}],"collection":[{"href":"https:\/\/motokary-karting.sk\/pl\/wp-json\/wp\/v2\/product"}],"about":[{"href":"https:\/\/motokary-karting.sk\/pl\/wp-json\/wp\/v2\/types\/product"}],"wp:featuredmedia":[{"embeddable":true,"href":"https:\/\/motokary-karting.sk\/pl\/wp-json\/wp\/v2\/media\/33207"}],"wp:attachment":[{"href":"https:\/\/motokary-karting.sk\/pl\/wp-json\/wp\/v2\/media?parent=22299"}],"wp:term":[{"taxonomy":"product_brand","embeddable":true,"href":"https:\/\/motokary-karting.sk\/pl\/wp-json\/wp\/v2\/product_brand?post=22299"},{"taxonomy":"product_cat","embeddable":true,"href":"https:\/\/motokary-karting.sk\/pl\/wp-json\/wp\/v2\/product_cat?post=22299"},{"taxonomy":"product_tag","embeddable":true,"href":"https:\/\/motokary-karting.sk\/pl\/wp-json\/wp\/v2\/product_tag?post=22299"}],"curies":[{"name":"wp","href":"https:\/\/api.w.org\/{rel}","templated":true}]}}