{"id":22303,"date":"2025-04-05T15:26:13","date_gmt":"2025-04-05T15:26:13","guid":{"rendered":"https:\/\/motokary-karting.sk\/?post_type=product&#038;p=22303"},"modified":"2026-04-27T07:34:04","modified_gmt":"2026-04-27T07:34:04","slug":"w-pelni-samoobslugowy-wozek-gokartowy-2","status":"publish","type":"product","link":"https:\/\/motokary-karting.sk\/pl\/produkt\/vozik-na-motokaru-plne-samoobsluzny-2\/","title":{"rendered":"W\u00f3zek gokartowy W PE\u0141NI SAMOJEZDNY - Duty"},"content":{"rendered":"<p>Potrafi za\u0142adowa\u0107 i roz\u0142adowa\u0107 gokarta bez pomocy innej osoby.<\/p>\n<p>MARKOWY PRODUKT!<\/p>\n<p>&nbsp;<\/p>\n<p>W\u00f3zek podno\u015bnikowy LIFTED dla jednej osoby. Wykonany ze stali, z du\u017cymi pe\u0142nymi ko\u0142ami poliuretanowymi, waga 23 kg, mo\u017ce by\u0107 u\u017cywany na wszystkich podwoziach z homologacj\u0105 CIK\/FIA. Doskona\u0142a stabilno\u015b\u0107 i zwrotno\u015b\u0107. Kompletny w\u00f3zek jest wzmocniony, mo\u017ce r\u00f3wnie\u017c podnosi\u0107 podwozia PROKART (potrzebne g\u00f3rne przed\u0142u\u017cenia), gokarty elektryczne Rotax Thunder... Indeks obci\u0105\u017cenia wynosi 170 kg. Plastikowa skrzynka narz\u0119dziowa ABS jest wliczona w cen\u0119.<\/p>\n<p><strong>PRODUKT NIE JE POU\u017dITE\u013dN\u00dd PRE NAJMEN\u0160IE MOTOK\u00c1RY BABY-KART. PRE MINI-KART POTREBA DOK\u00daPI\u0164 PREDL\u017dOVAC\u00cd NADSTAVEC POD N\u00c1RAZN\u00cdK &#8211; informujte sa u n\u00e1s.<\/strong><\/p>","protected":false},"excerpt":{"rendered":"<p>Mo\u017cliwo\u015b\u0107 za\u0142adunku i roz\u0142adunku gokarta bez pomocy drugiej osoby PRODUKT MARKOWY !   U\u017bYWANY w\u00f3zek podno\u015bnikowy dla jednej osoby. Wykonany ze stali, z du\u017cym...<\/p>","protected":false},"featured_media":33209,"template":"","meta":[],"product_brand":[],"product_cat":[2447,58],"product_tag":[142,1344,2120,2449,2007,81,2448,108,2006],"class_list":{"0":"post-22303","1":"product","2":"type-product","3":"status-publish","4":"has-post-thumbnail","6":"product_cat-vozikynamotokary","7":"product_cat-vybava-do-garaze","8":"product_tag-karting","9":"product_tag-karting-shop","10":"product_tag-kolesovy-vozik","11":"product_tag-kolesovy-vozik-na-motokary","12":"product_tag-motokarovy-vozik","13":"product_tag-motokary","14":"product_tag-stojan-na-motokaru","15":"product_tag-vozik","16":"product_tag-vozik-na-motokaru","18":"first","19":"onbackorder","20":"sale","21":"taxable","22":"shipping-taxable","23":"purchasable","24":"product-type-simple","25":"customify-col"},"aioseo_notices":[],"_links":{"self":[{"href":"https:\/\/motokary-karting.sk\/pl\/wp-json\/wp\/v2\/product\/22303","targetHints":{"allow":["GET"]}}],"collection":[{"href":"https:\/\/motokary-karting.sk\/pl\/wp-json\/wp\/v2\/product"}],"about":[{"href":"https:\/\/motokary-karting.sk\/pl\/wp-json\/wp\/v2\/types\/product"}],"wp:featuredmedia":[{"embeddable":true,"href":"https:\/\/motokary-karting.sk\/pl\/wp-json\/wp\/v2\/media\/33209"}],"wp:attachment":[{"href":"https:\/\/motokary-karting.sk\/pl\/wp-json\/wp\/v2\/media?parent=22303"}],"wp:term":[{"taxonomy":"product_brand","embeddable":true,"href":"https:\/\/motokary-karting.sk\/pl\/wp-json\/wp\/v2\/product_brand?post=22303"},{"taxonomy":"product_cat","embeddable":true,"href":"https:\/\/motokary-karting.sk\/pl\/wp-json\/wp\/v2\/product_cat?post=22303"},{"taxonomy":"product_tag","embeddable":true,"href":"https:\/\/motokary-karting.sk\/pl\/wp-json\/wp\/v2\/product_tag?post=22303"}],"curies":[{"name":"wp","href":"https:\/\/api.w.org\/{rel}","templated":true}]}}