{"id":2231,"date":"2020-08-10T21:02:52","date_gmt":"2020-08-10T21:02:52","guid":{"rendered":"https:\/\/motokary-karting.sk\/?post_type=product&#038;p=2231"},"modified":"2024-07-23T14:25:07","modified_gmt":"2024-07-23T14:25:07","slug":"sprzedawca-detaliczny-typ-428-model2","status":"publish","type":"product","link":"https:\/\/motokary-karting.sk\/pl\/produkt\/strojcek-na-retaz-typu-428-model2\/","title":{"rendered":"Przecinarka \u0142a\u0144cuchowa typu 428 | model 2"},"content":{"rendered":"","protected":false},"excerpt":{"rendered":"<p>Dostawa w ci\u0105gu 7 dni<\/p>","protected":false},"featured_media":2232,"template":"","meta":[],"product_brand":[],"product_cat":[3360,3350,58],"product_tag":[142,81,572,573,582,581,580],"class_list":{"0":"post-2231","1":"product","2":"type-product","3":"status-publish","4":"has-post-thumbnail","6":"product_cat-ostatne-vybava-do-garaze","7":"product_cat-pripravky","8":"product_cat-vybava-do-garaze","9":"product_tag-karting","10":"product_tag-motokary","11":"product_tag-puller","12":"product_tag-puller-for-chain","13":"product_tag-strojcek","14":"product_tag-strojcek-na-retaz","15":"product_tag-strojecek-na-retaz","17":"first","18":"onbackorder","19":"taxable","20":"shipping-taxable","21":"purchasable","22":"product-type-simple","23":"customify-col"},"aioseo_notices":[],"_links":{"self":[{"href":"https:\/\/motokary-karting.sk\/pl\/wp-json\/wp\/v2\/product\/2231","targetHints":{"allow":["GET"]}}],"collection":[{"href":"https:\/\/motokary-karting.sk\/pl\/wp-json\/wp\/v2\/product"}],"about":[{"href":"https:\/\/motokary-karting.sk\/pl\/wp-json\/wp\/v2\/types\/product"}],"wp:featuredmedia":[{"embeddable":true,"href":"https:\/\/motokary-karting.sk\/pl\/wp-json\/wp\/v2\/media\/2232"}],"wp:attachment":[{"href":"https:\/\/motokary-karting.sk\/pl\/wp-json\/wp\/v2\/media?parent=2231"}],"wp:term":[{"taxonomy":"product_brand","embeddable":true,"href":"https:\/\/motokary-karting.sk\/pl\/wp-json\/wp\/v2\/product_brand?post=2231"},{"taxonomy":"product_cat","embeddable":true,"href":"https:\/\/motokary-karting.sk\/pl\/wp-json\/wp\/v2\/product_cat?post=2231"},{"taxonomy":"product_tag","embeddable":true,"href":"https:\/\/motokary-karting.sk\/pl\/wp-json\/wp\/v2\/product_tag?post=2231"}],"curies":[{"name":"wp","href":"https:\/\/api.w.org\/{rel}","templated":true}]}}