{"id":22311,"date":"2024-02-26T09:36:22","date_gmt":"2024-02-26T09:36:22","guid":{"rendered":"https:\/\/motokary-karting.sk\/?post_type=product&#038;p=22311"},"modified":"2026-04-24T18:10:42","modified_gmt":"2026-04-24T18:10:42","slug":"vega-zestaw-opon-4szt-xm4-cik-prime-2x-przod-4-6-2x-tyl-7-1","status":"publish","type":"product","link":"https:\/\/motokary-karting.sk\/pl\/produkt\/vega-sada-pneu-4ks-xm4-cik-prime-2x-predna-4-6-2x-zadna-7-1\/","title":{"rendered":"Zestaw 4 opon VEGA - XM4 - CIK | 2x prz\u00f3d 4.6 + 2x ty\u0142 7.1"},"content":{"rendered":"<p>\u201eVEGA WHITE\u201c od lat jest synonimem doskona\u0142o\u015bci i stanowi standard dla opon gokartowych.<\/p>\n<p>Dlatego normalne jest oczekiwanie maksimum od nowej wersji 2024-2026, kt\u00f3ra teraz nosi nazw\u0119 XM4 CIK PRIME.<\/p>\n<p>W por\u00f3wnaniu do poprzedniego modelu XM3, nowy wz\u00f3r bie\u017cnika XM4 jest teraz znacznie ulepszony pod wzgl\u0119dem odporno\u015bci na zu\u017cycie. Przek\u0142ada si\u0119 to na wi\u0119ksz\u0105 sp\u00f3jno\u015b\u0107, okr\u0105\u017cenie po okr\u0105\u017ceniu i sesja po sesji.<\/p>\n<p>XM4 zadziwi Ci\u0119: to po raz kolejny opona bez kompromis\u00f3w. Maksymalna przyczepno\u015b\u0107, sta\u0142e osi\u0105gi, optymalna odporno\u015b\u0107 na zu\u017cycie i wi\u0119ksza przyjemno\u015b\u0107 z jazdy dzi\u0119ki efektowi \u201eszyny\u201c.<\/p>\n<p>Jest to idealna opona dla tych, kt\u00f3rzy chc\u0105 maksymalnych osi\u0105g\u00f3w swojego gokarta.<br \/>\nNowa opona, b\u0119d\u0105ca wynikiem wieloletnich prac rozwojowych z najlepszymi zawodnikami na \u015bwiecie, nadaje si\u0119 do wszystkich gokart\u00f3w, niezale\u017cnie od tego, czy jest to gokart ze zmian\u0105 bieg\u00f3w, czy z bezpo\u015brednim prze\u0142o\u017ceniem. Opracowany przy u\u017cyciu najnowszych technologii, nowy bie\u017cnik pozwoli na pokonywanie okr\u0105\u017cenia za okr\u0105\u017ceniem coraz szybciej.<\/p>","protected":false},"excerpt":{"rendered":"<p>\u201eVEGA WHITE\u201c od lat jest synonimem doskona\u0142o\u015bci i stanowi standard dla opon gokartowych. Dlatego normalne jest oczekiwanie maksimum od nowej wersji 2024-2026, kt\u00f3ra teraz nosi...<\/p>","protected":false},"featured_media":1007,"template":"","meta":[],"product_brand":[],"product_cat":[20,146],"product_tag":[2453,142,1344,425,81,50,1102,1100,2456,2454,44,1101,2457,2455,1098,3330],"class_list":{"0":"post-22311","1":"product","2":"type-product","3":"status-publish","4":"has-post-thumbnail","6":"product_cat-pneumatiky","7":"product_cat-vega","8":"product_tag-cik-vega","9":"product_tag-karting","10":"product_tag-karting-shop","11":"product_tag-motokarove-pneu","12":"product_tag-motokary","13":"product_tag-pneu","14":"product_tag-pneu-na-motokary","15":"product_tag-pneu-vega","16":"product_tag-sada-pneu-vega","17":"product_tag-tyres-vega","18":"product_tag-vega","19":"product_tag-vega-pneu","20":"product_tag-vega-sada-pneu","21":"product_tag-vega-tyres","22":"product_tag-vega-white","23":"product_tag-vega-xm4","25":"first","26":"instock","27":"taxable","28":"shipping-taxable","29":"purchasable","30":"product-type-simple","31":"customify-col"},"aioseo_notices":[],"_links":{"self":[{"href":"https:\/\/motokary-karting.sk\/pl\/wp-json\/wp\/v2\/product\/22311","targetHints":{"allow":["GET"]}}],"collection":[{"href":"https:\/\/motokary-karting.sk\/pl\/wp-json\/wp\/v2\/product"}],"about":[{"href":"https:\/\/motokary-karting.sk\/pl\/wp-json\/wp\/v2\/types\/product"}],"wp:featuredmedia":[{"embeddable":true,"href":"https:\/\/motokary-karting.sk\/pl\/wp-json\/wp\/v2\/media\/1007"}],"wp:attachment":[{"href":"https:\/\/motokary-karting.sk\/pl\/wp-json\/wp\/v2\/media?parent=22311"}],"wp:term":[{"taxonomy":"product_brand","embeddable":true,"href":"https:\/\/motokary-karting.sk\/pl\/wp-json\/wp\/v2\/product_brand?post=22311"},{"taxonomy":"product_cat","embeddable":true,"href":"https:\/\/motokary-karting.sk\/pl\/wp-json\/wp\/v2\/product_cat?post=22311"},{"taxonomy":"product_tag","embeddable":true,"href":"https:\/\/motokary-karting.sk\/pl\/wp-json\/wp\/v2\/product_tag?post=22311"}],"curies":[{"name":"wp","href":"https:\/\/api.w.org\/{rel}","templated":true}]}}