{"id":22312,"date":"2024-02-26T09:45:36","date_gmt":"2024-02-26T09:45:36","guid":{"rendered":"https:\/\/motokary-karting.sk\/?post_type=product&#038;p=22312"},"modified":"2025-08-29T13:51:32","modified_gmt":"2025-08-29T13:51:32","slug":"vega-zestaw-opon-4szt-slick-xh4-cik-przod-4-6-2x-2x-tyl-7-1","status":"publish","type":"product","link":"https:\/\/motokary-karting.sk\/pl\/produkt\/vega-sada-pneu-4ks-slick-xh4-cik-predna-4-6-2x-2x-zadna-7-1\/","title":{"rendered":"Zestaw 4 opon VEGA - XH4 - CIK | 2x prz\u00f3d 4.6 + 2x ty\u0142 7.1"},"content":{"rendered":"<p>Najnowsza opona \u201eHARD\u201c firmy VEGA, zatwierdzona przez FIA CIK na okres homologacji 2024-2026.<\/p>\n<p>Ca\u0142kowicie nowa opcja XH4 CIK stanowi ewolucj\u0119 poprzedniej \u201ezielonej\u201c i oferuje ulepszone okno aplikacji.<\/p>\n<p>XH4 zachowuje dobrze znan\u0105 przyczepno\u015b\u0107, czas rozgrzewania i odporno\u015b\u0107 na zu\u017cycie poprzedniej wersji XH3, poprawiaj\u0105c w ten spos\u00f3b r\u00f3wnowag\u0119 i u\u017cyteczno\u015b\u0107 z ka\u017cd\u0105 mark\u0105 podwozia i w ka\u017cdych warunkach na torze.<br \/>\nW szczeg\u00f3lno\u015bci najwi\u0119ksze korzy\u015bci mo\u017cna zauwa\u017cy\u0107 w przypadku ekstremalnych upa\u0142\u00f3w i na bardzo wymagaj\u0105cych torach.<\/p>\n<p>Opona ta nadal oferuje ekstremalny poziom odporno\u015bci na zu\u017cycie (250 km we wszystkich warunkach torowych, zgodnie z najnowszymi testami torowymi CIK-FIA).<\/p>","protected":false},"excerpt":{"rendered":"<p>Najnowsza opona \u201eHARD\u201c firmy VEGA, zatwierdzona przez CIK FIA na okres homologacji 2024-2026. Ca\u0142kowicie nowa opona XH4 CIK Option stanowi ewolucj\u0119 poprzedniej \u201ezielonej\u201c i jest ulepszon\u0105...<\/p>","protected":false},"featured_media":4566,"template":"","meta":[],"product_brand":[],"product_cat":[20,146],"product_tag":[142,425,81,50,1102,1100,181,182,183,44,1101,3331],"class_list":{"0":"post-22312","1":"product","2":"type-product","3":"status-publish","4":"has-post-thumbnail","6":"product_cat-pneumatiky","7":"product_cat-vega","8":"product_tag-karting","9":"product_tag-motokarove-pneu","10":"product_tag-motokary","11":"product_tag-pneu","12":"product_tag-pneu-na-motokary","13":"product_tag-pneu-vega","14":"product_tag-pneuvega","15":"product_tag-sadapneu","16":"product_tag-sadapneuvega","17":"product_tag-vega","18":"product_tag-vega-pneu","19":"product_tag-vega-xh4","21":"first","22":"onbackorder","23":"taxable","24":"shipping-taxable","25":"purchasable","26":"product-type-simple","27":"customify-col"},"aioseo_notices":[],"_links":{"self":[{"href":"https:\/\/motokary-karting.sk\/pl\/wp-json\/wp\/v2\/product\/22312","targetHints":{"allow":["GET"]}}],"collection":[{"href":"https:\/\/motokary-karting.sk\/pl\/wp-json\/wp\/v2\/product"}],"about":[{"href":"https:\/\/motokary-karting.sk\/pl\/wp-json\/wp\/v2\/types\/product"}],"wp:featuredmedia":[{"embeddable":true,"href":"https:\/\/motokary-karting.sk\/pl\/wp-json\/wp\/v2\/media\/4566"}],"wp:attachment":[{"href":"https:\/\/motokary-karting.sk\/pl\/wp-json\/wp\/v2\/media?parent=22312"}],"wp:term":[{"taxonomy":"product_brand","embeddable":true,"href":"https:\/\/motokary-karting.sk\/pl\/wp-json\/wp\/v2\/product_brand?post=22312"},{"taxonomy":"product_cat","embeddable":true,"href":"https:\/\/motokary-karting.sk\/pl\/wp-json\/wp\/v2\/product_cat?post=22312"},{"taxonomy":"product_tag","embeddable":true,"href":"https:\/\/motokary-karting.sk\/pl\/wp-json\/wp\/v2\/product_tag?post=22312"}],"curies":[{"name":"wp","href":"https:\/\/api.w.org\/{rel}","templated":true}]}}