{"id":22386,"date":"2024-03-06T14:31:43","date_gmt":"2024-03-06T14:31:43","guid":{"rendered":"https:\/\/motokary-karting.sk\/?post_type=product&#038;p=22386"},"modified":"2026-04-08T12:51:35","modified_gmt":"2026-04-08T12:51:35","slug":"xps-castor-racing-oil-2t","status":"publish","type":"product","link":"https:\/\/motokary-karting.sk\/pl\/produkt\/olej-xps-castor-racing-oil-2t\/","title":{"rendered":"XPS Castor Racing Oil 2T"},"content":{"rendered":"<p>Olej opracowany specjalnie do silnik\u00f3w gokart\u00f3w Rotax:<br \/>\n- Doskona\u0142a wydajno\u015b\u0107 silnika nawet przy wysokich obci\u0105\u017ceniach cieplnych.<br \/>\n- Wysoka trwa\u0142o\u015b\u0107 wszystkich element\u00f3w silnika.<br \/>\n- Mniej osad\u00f3w wewn\u0105trz silnika.<br \/>\n- Redukcja osad\u00f3w w\u0119glowych na t\u0142oku.<br \/>\n- Zatwierdzony przez CIK-FIA.<\/p>\n<p>Olej u\u017cywany w mistrzostwach NSK 2024 i RMCF (Rotax Max Challenge France) (zgodnie z regulaminem sportowym imprezy).<br \/>\nZalecana mieszanka: 2 do 3 % dla silnik\u00f3w Rotax.<br \/>\n1 litr.<\/p>","protected":false},"excerpt":{"rendered":"<p>Olej opracowany specjalnie do silnik\u00f3w gokart\u00f3w Rotax: - Doskona\u0142e osi\u0105gi silnika nawet przy wysokich obci\u0105\u017ceniach cieplnych - Wysoka trwa\u0142o\u015b\u0107 wszystkich element\u00f3w silnika -...<\/p>","protected":false},"featured_media":22387,"template":"","meta":[],"product_brand":[],"product_cat":[645,53,744,2692,2436],"product_tag":[142,1344,1279,81,2437,926,618,754,786,924,927],"class_list":{"0":"post-22386","1":"product","2":"type-product","3":"status-publish","4":"has-post-thumbnail","6":"product_cat-nahradne-diely-na-motory","7":"product_cat-olejeamaziva","8":"product_cat-rotax-max","9":"product_cat-sekcia-prislusenstvo","10":"product_cat-xps-rotax","11":"product_tag-karting","12":"product_tag-karting-shop","13":"product_tag-max-dd2-cik-approved","14":"product_tag-motokary","15":"product_tag-olej-do-motora-rotax","16":"product_tag-olej-xps","17":"product_tag-rotax","18":"product_tag-rotax-diely","19":"product_tag-rotax-nahradne-diely","20":"product_tag-xps","21":"product_tag-xps-kart-olej","23":"first","24":"instock","25":"sale","26":"taxable","27":"shipping-taxable","28":"purchasable","29":"product-type-simple","30":"customify-col"},"aioseo_notices":[],"_links":{"self":[{"href":"https:\/\/motokary-karting.sk\/pl\/wp-json\/wp\/v2\/product\/22386","targetHints":{"allow":["GET"]}}],"collection":[{"href":"https:\/\/motokary-karting.sk\/pl\/wp-json\/wp\/v2\/product"}],"about":[{"href":"https:\/\/motokary-karting.sk\/pl\/wp-json\/wp\/v2\/types\/product"}],"wp:featuredmedia":[{"embeddable":true,"href":"https:\/\/motokary-karting.sk\/pl\/wp-json\/wp\/v2\/media\/22387"}],"wp:attachment":[{"href":"https:\/\/motokary-karting.sk\/pl\/wp-json\/wp\/v2\/media?parent=22386"}],"wp:term":[{"taxonomy":"product_brand","embeddable":true,"href":"https:\/\/motokary-karting.sk\/pl\/wp-json\/wp\/v2\/product_brand?post=22386"},{"taxonomy":"product_cat","embeddable":true,"href":"https:\/\/motokary-karting.sk\/pl\/wp-json\/wp\/v2\/product_cat?post=22386"},{"taxonomy":"product_tag","embeddable":true,"href":"https:\/\/motokary-karting.sk\/pl\/wp-json\/wp\/v2\/product_tag?post=22386"}],"curies":[{"name":"wp","href":"https:\/\/api.w.org\/{rel}","templated":true}]}}