{"id":22390,"date":"2024-03-07T12:45:38","date_gmt":"2024-03-07T12:45:38","guid":{"rendered":"https:\/\/motokary-karting.sk\/?post_type=product&#038;p=22390"},"modified":"2026-01-28T16:46:41","modified_gmt":"2026-01-28T16:46:41","slug":"bell-tear-folia-ochronna-10szt-gp3-gt5","status":"publish","type":"product","link":"https:\/\/motokary-karting.sk\/pl\/produkt\/bell-trhacia-ochranna-folia-10ks-gp3-gt5\/","title":{"rendered":"Folia ochronna przed rozdarciem Bell 10szt GP3, GT5,..."},"content":{"rendered":"<p>Os\u0142ony przeciwodpryskowe pasuj\u0105 do wizjer\u00f3w przeciwmgielnych SE03 i SE05 kask\u00f3w Bell.<\/p>\n<p>Zestaw 10 sztuk, grubo\u015b\u0107 0,25 mm.<\/p>\n<p>Inne odpowiednie cz\u0119\u015bci zamienne mo\u017cna r\u00f3wnie\u017c znale\u017a\u0107 w kategorii akcesori\u00f3w i cz\u0119\u015bci zamiennych.<\/p>\n<p>Carbon GP3<br \/>\nGP3 Sport<br \/>\nGT5 Rally<br \/>\nGT5 Touring<br \/>\nHP3<br \/>\nHP5 Touring<br \/>\nKF3<br \/>\nRS3<br \/>\nSport 5<\/p>","protected":false},"excerpt":{"rendered":"<p>Os\u0142ony przeciwodpryskowe pasuj\u0105 do wizjer\u00f3w przeciwmgielnych SE03 i SE05 kask\u00f3w Bell. Zestaw 10 sztuk, grubo\u015b\u0107 0,25 mm. Inne odpowiednie cz\u0119\u015bci zamienne mo\u017cna znale\u017a\u0107...<\/p>","protected":false},"featured_media":6653,"template":"","meta":[],"product_brand":[],"product_cat":[2722,21,18],"product_tag":[1811,1812,1813,1810,1728,142,1344,81,1797,1809],"class_list":{"0":"post-22390","1":"product","2":"type-product","3":"status-publish","4":"has-post-thumbnail","6":"product_cat-bell-prislusenstvo","7":"product_cat-prilby","8":"product_cat-vybava-pretekara","9":"product_tag-bell-trhacia-folia","10":"product_tag-bell-trhacia-folia-na-prilbu","11":"product_tag-bell-trhacie-pasky","12":"product_tag-bell-trhacky","13":"product_tag-kart-shop","14":"product_tag-karting","15":"product_tag-karting-shop","16":"product_tag-motokary","17":"product_tag-trhacia-folia-na-prilbu","18":"product_tag-trhacky-bell","20":"first","21":"onbackorder","22":"taxable","23":"shipping-taxable","24":"purchasable","25":"product-type-simple","26":"customify-col"},"aioseo_notices":[],"_links":{"self":[{"href":"https:\/\/motokary-karting.sk\/pl\/wp-json\/wp\/v2\/product\/22390","targetHints":{"allow":["GET"]}}],"collection":[{"href":"https:\/\/motokary-karting.sk\/pl\/wp-json\/wp\/v2\/product"}],"about":[{"href":"https:\/\/motokary-karting.sk\/pl\/wp-json\/wp\/v2\/types\/product"}],"wp:featuredmedia":[{"embeddable":true,"href":"https:\/\/motokary-karting.sk\/pl\/wp-json\/wp\/v2\/media\/6653"}],"wp:attachment":[{"href":"https:\/\/motokary-karting.sk\/pl\/wp-json\/wp\/v2\/media?parent=22390"}],"wp:term":[{"taxonomy":"product_brand","embeddable":true,"href":"https:\/\/motokary-karting.sk\/pl\/wp-json\/wp\/v2\/product_brand?post=22390"},{"taxonomy":"product_cat","embeddable":true,"href":"https:\/\/motokary-karting.sk\/pl\/wp-json\/wp\/v2\/product_cat?post=22390"},{"taxonomy":"product_tag","embeddable":true,"href":"https:\/\/motokary-karting.sk\/pl\/wp-json\/wp\/v2\/product_tag?post=22390"}],"curies":[{"name":"wp","href":"https:\/\/api.w.org\/{rel}","templated":true}]}}