{"id":22440,"date":"2024-03-08T08:40:52","date_gmt":"2024-03-08T08:40:52","guid":{"rendered":"https:\/\/motokary-karting.sk\/?post_type=product&#038;p=22440"},"modified":"2025-01-01T16:07:04","modified_gmt":"2025-01-01T16:07:04","slug":"stand21-fhr-hans-system-featherlite-30-medium","status":"publish","type":"product","link":"https:\/\/motokary-karting.sk\/pl\/produkt\/stand21-fhr-hans-system-featherlite-%c2%b7-30-medium\/","title":{"rendered":"Stand21 FHR HANS System Featherlite - 30\u00b0 - MEDIUM"},"content":{"rendered":"<p>Jako nowy topowy produkt system\u00f3w Stand21 FHR, FEATHERLITE jest jednym z absolutnie najl\u017cejszych modeli w swojej klasie. Dzi\u0119ki zastosowaniu wysokowytrzyma\u0142ego, zaawansowanego technologicznie w\u0142\u00f3kna w\u0119glowego mo\u017cliwe by\u0142o zmniejszenie grubo\u015bci, a tym samym wagi systemu do absolutnego minimum. Standardowo wyposa\u017cony w ruchomy system mocowania dla wi\u0119kszej swobody ruch\u00f3w. Zatwierdzony przez FIA 8858-2010.<\/p>\n<p>Wersja: \u015brednia<\/p>\n<p>Tag FIA_8858-2010<\/p>\n<p>Przy wyborze rozmiaru nale\u017cy kierowa\u0107 si\u0119 rozmiarem ko\u0142nierza<br \/>\nRozmiar \u015bredni: szeroko\u015b\u0107 ko\u0142nierza mi\u0119dzy 38 a 45,5 cm<\/p>","protected":false},"excerpt":{"rendered":"<p>Jako nowy topowy produkt system\u00f3w Stand21 FHR, FEATHERLITE jest jednym z absolutnie najl\u017cejszych modeli w swojej klasie. Dzi\u0119ki zastosowaniu zaawansowanego technologicznie w\u0142\u00f3kna w\u0119glowego...<\/p>","protected":false},"featured_media":22445,"template":"","meta":[],"product_brand":[],"product_cat":[2203,21,18],"product_tag":[2204,2208,2226,2205,142,1344,81,2207,2209,2227,2206],"class_list":{"0":"post-22440","1":"product","2":"type-product","3":"status-publish","4":"has-post-thumbnail","6":"product_cat-hans-systemy","7":"product_cat-prilby","8":"product_cat-vybava-pretekara","9":"product_tag-hans","10":"product_tag-hans-schroth","11":"product_tag-hans-stand21","12":"product_tag-hans-system","13":"product_tag-karting","14":"product_tag-karting-shop","15":"product_tag-motokary","16":"product_tag-schroth","17":"product_tag-schroth-hans","18":"product_tag-stand21-hans","19":"product_tag-system-hans","21":"first","22":"onbackorder","23":"taxable","24":"shipping-taxable","25":"purchasable","26":"product-type-simple","27":"customify-col","28":"product-has-gallery"},"aioseo_notices":[],"_links":{"self":[{"href":"https:\/\/motokary-karting.sk\/pl\/wp-json\/wp\/v2\/product\/22440","targetHints":{"allow":["GET"]}}],"collection":[{"href":"https:\/\/motokary-karting.sk\/pl\/wp-json\/wp\/v2\/product"}],"about":[{"href":"https:\/\/motokary-karting.sk\/pl\/wp-json\/wp\/v2\/types\/product"}],"wp:featuredmedia":[{"embeddable":true,"href":"https:\/\/motokary-karting.sk\/pl\/wp-json\/wp\/v2\/media\/22445"}],"wp:attachment":[{"href":"https:\/\/motokary-karting.sk\/pl\/wp-json\/wp\/v2\/media?parent=22440"}],"wp:term":[{"taxonomy":"product_brand","embeddable":true,"href":"https:\/\/motokary-karting.sk\/pl\/wp-json\/wp\/v2\/product_brand?post=22440"},{"taxonomy":"product_cat","embeddable":true,"href":"https:\/\/motokary-karting.sk\/pl\/wp-json\/wp\/v2\/product_cat?post=22440"},{"taxonomy":"product_tag","embeddable":true,"href":"https:\/\/motokary-karting.sk\/pl\/wp-json\/wp\/v2\/product_tag?post=22440"}],"curies":[{"name":"wp","href":"https:\/\/api.w.org\/{rel}","templated":true}]}}