{"id":22518,"date":"2024-04-05T08:00:56","date_gmt":"2024-04-05T08:00:56","guid":{"rendered":"https:\/\/motokary-karting.sk\/?post_type=product&#038;p=22518"},"modified":"2026-01-29T18:44:07","modified_gmt":"2026-01-29T18:44:07","slug":"kabel-rozgalezny-2t-aim-mychron","status":"publish","type":"product","link":"https:\/\/motokary-karting.sk\/pl\/produkt\/2t-rozdvojovaci-kabel-aim-mychron\/","title":{"rendered":"Kabel rozga\u0142\u0119ziaj\u0105cy 2T AIM Mychron"},"content":{"rendered":"<p>Z\u0142\u0105cze do monta\u017cu 2 r\u00f3\u017cnych sond temperatury na urz\u0105dzeniach AIM MyChron 2T (UWAGA, nie mo\u017cna zamontowa\u0107 na urz\u0105dzeniach bazowych AIM MyChron)<\/p>","protected":false},"excerpt":{"rendered":"<p>Z\u0142\u0105cze do monta\u017cu 2 r\u00f3\u017cnych sond temperatury na urz\u0105dzeniach AIM MyChron 2T (UWAGA, nie mo\u017cna zamontowa\u0107 na urz\u0105dzeniach bazowych AIM MyChron)<\/p>","protected":false},"featured_media":22519,"template":"","meta":[],"product_brand":[],"product_cat":[2558,335],"product_tag":[2564,142,1344,81,2563,3162,3160,3163,3161],"class_list":{"0":"post-22518","1":"product","2":"type-product","3":"status-publish","4":"has-post-thumbnail","6":"product_cat-aim-mychron","7":"product_cat-telemetrieapristroje","8":"product_tag-aim-mychrone","9":"product_tag-karting","10":"product_tag-karting-shop","11":"product_tag-motokary","12":"product_tag-my-chrone-aim","13":"product_tag-mychron-rpm-clip","14":"product_tag-rpm-clip-mychron","15":"product_tag-rpm-kabel-mychron","16":"product_tag-rpm-klip-mychron","18":"first","19":"instock","20":"taxable","21":"shipping-taxable","22":"purchasable","23":"product-type-simple","24":"customify-col"},"aioseo_notices":[],"_links":{"self":[{"href":"https:\/\/motokary-karting.sk\/pl\/wp-json\/wp\/v2\/product\/22518","targetHints":{"allow":["GET"]}}],"collection":[{"href":"https:\/\/motokary-karting.sk\/pl\/wp-json\/wp\/v2\/product"}],"about":[{"href":"https:\/\/motokary-karting.sk\/pl\/wp-json\/wp\/v2\/types\/product"}],"wp:featuredmedia":[{"embeddable":true,"href":"https:\/\/motokary-karting.sk\/pl\/wp-json\/wp\/v2\/media\/22519"}],"wp:attachment":[{"href":"https:\/\/motokary-karting.sk\/pl\/wp-json\/wp\/v2\/media?parent=22518"}],"wp:term":[{"taxonomy":"product_brand","embeddable":true,"href":"https:\/\/motokary-karting.sk\/pl\/wp-json\/wp\/v2\/product_brand?post=22518"},{"taxonomy":"product_cat","embeddable":true,"href":"https:\/\/motokary-karting.sk\/pl\/wp-json\/wp\/v2\/product_cat?post=22518"},{"taxonomy":"product_tag","embeddable":true,"href":"https:\/\/motokary-karting.sk\/pl\/wp-json\/wp\/v2\/product_tag?post=22518"}],"curies":[{"name":"wp","href":"https:\/\/api.w.org\/{rel}","templated":true}]}}