{"id":22614,"date":"2024-04-18T14:31:04","date_gmt":"2024-04-18T14:31:04","guid":{"rendered":"https:\/\/motokary-karting.sk\/?post_type=product&#038;p=22614"},"modified":"2026-04-13T19:12:09","modified_gmt":"2026-04-13T19:12:09","slug":"kask-zamp-cmr-2016-rz42-mlodziezowy","status":"publish","type":"product","link":"https:\/\/motokary-karting.sk\/pl\/produkt\/zamp-prilba-cmr-2016-rz42-youth\/","title":{"rendered":"Kask ZAMP CMR 2016 RZ42 - YOUTH"},"content":{"rendered":"<p>Zupe\u0142nie nowy na rok 2023, Zamp RZ-42Y CMR Youth White\/Blue Helmet to idealny kask kartingowy z CMR2016. Zaprojektowany dla m\u0142odszych zawodnik\u00f3w kartingowych, kt\u00f3rzy wymagaj\u0105 standardowej homologacji CMR. RZ-42Y oferuje najnowsze funkcje, jest mniejszy i l\u017cejszy, ale nadal ma wszystkie najlepsze specyfikacje i funkcje kasku dla doros\u0142ych.<\/p>\n<p>Jest to kask zaprojektowany specjalnie dla dzieci. Nie zaleca si\u0119 noszenia tego kasku jako osoba doros\u0142a, aby uzyska\u0107 wi\u0119cej informacji, zobacz LINK TUTAJ.<\/p>\n<p>Wykonany z super lekkiej skorupy kompozytowej z w\u0142\u00f3kna szklanego z wieloma otworami wentylacyjnymi dla optymalnej wentylacji. Kask jest r\u00f3wnie\u017c wyposa\u017cony w wyjmowane wk\u0142adki, kt\u00f3re sprawiaj\u0105, \u017ce pranie kasku jest \u0142atwe i wydajne.<\/p>\n<p>Ten wst\u0119pnie pomalowany osza\u0142amiaj\u0105cy bia\u0142o-niebieski kolor jest wyko\u0144czony w doskona\u0142ym standardzie i wyr\u00f3\u017cnia si\u0119 jako lider na rynku w por\u00f3wnaniu do kask\u00f3w innych wiod\u0105cych marek. Bia\u0142o-niebieska grafika Zamp oferuje \u015bwietn\u0105 alternatyw\u0119 dla p\u0142acenia za malowanie na rynku wt\u00f3rnym za u\u0142amek ceny.<\/p>\n<p>Mniejsza i l\u017cejsza obudowa<br \/>\nLekka pow\u0142oka z kompozytu kevlarowego<br \/>\nPluszowe, trudnopalne wn\u0119trze<br \/>\nPrzezroczysta os\u0142ona 2,5 mm z serii Z-20<br \/>\nW tym tylny spojler<br \/>\nWyjmowana\/nadaj\u0105ca si\u0119 do prania komfortowa wy\u015bci\u00f3\u0142ka<br \/>\nG\u00f3rny otw\u00f3r wlotu powietrza i otwory wentylacyjne pod brod\u0105. Umo\u017cliwia korzystanie z akcesori\u00f3w z wymuszonym obiegiem powietrza<br \/>\nStandard SNELL CMR2016<br \/>\nDost\u0119pne rozmiary: 52 cm, 54 cm, 56 cm, 57 cm, 59 cm<\/p>\n<p>Uwaga: je\u015bli mierzysz mi\u0119dzy rozmiarami, zalecamy wybranie rozmiaru wi\u0119kszego ni\u017c zwykle, aby zapewni\u0107 optymalny komfort i odpowiednie dopasowanie kasku.<\/p>","protected":false},"excerpt":{"rendered":"<p>Zupe\u0142nie nowy na rok 2023, Zamp RZ-42Y CMR Youth White\/Blue Helmet to idealny kask kartingowy z CMR2016. Zaprojektowany dla m\u0142odszych zawodnik\u00f3w kartingowych, kt\u00f3rzy wymagaj\u0105...<\/p>","protected":false},"featured_media":22657,"template":"","meta":[],"product_brand":[],"product_cat":[21,18,3342],"product_tag":[142,1344,3343,977,984,81,3344,985,3347,3384,3345,3346,3385],"class_list":{"0":"post-22614","1":"product","2":"type-product","3":"status-publish","4":"has-post-thumbnail","6":"product_cat-prilby","7":"product_cat-vybava-pretekara","8":"product_cat-zamp-helmets","9":"product_tag-karting","10":"product_tag-karting-shop","11":"product_tag-kartingova-prilba","12":"product_tag-lewis-hamilton","13":"product_tag-motokarova-prilba","14":"product_tag-motokary","15":"product_tag-prilba-na-karting","16":"product_tag-prilba-na-motokary","17":"product_tag-prilba-zamp","18":"product_tag-zamp-cmr-2016","19":"product_tag-zamp-helmets","20":"product_tag-zamp-prilby","21":"product_tag-zamp-rzy42y","23":"first","24":"instock","25":"taxable","26":"shipping-taxable","27":"purchasable","28":"product-type-variable","29":"customify-col","30":"product-has-gallery"},"aioseo_notices":[],"_links":{"self":[{"href":"https:\/\/motokary-karting.sk\/pl\/wp-json\/wp\/v2\/product\/22614","targetHints":{"allow":["GET"]}}],"collection":[{"href":"https:\/\/motokary-karting.sk\/pl\/wp-json\/wp\/v2\/product"}],"about":[{"href":"https:\/\/motokary-karting.sk\/pl\/wp-json\/wp\/v2\/types\/product"}],"wp:featuredmedia":[{"embeddable":true,"href":"https:\/\/motokary-karting.sk\/pl\/wp-json\/wp\/v2\/media\/22657"}],"wp:attachment":[{"href":"https:\/\/motokary-karting.sk\/pl\/wp-json\/wp\/v2\/media?parent=22614"}],"wp:term":[{"taxonomy":"product_brand","embeddable":true,"href":"https:\/\/motokary-karting.sk\/pl\/wp-json\/wp\/v2\/product_brand?post=22614"},{"taxonomy":"product_cat","embeddable":true,"href":"https:\/\/motokary-karting.sk\/pl\/wp-json\/wp\/v2\/product_cat?post=22614"},{"taxonomy":"product_tag","embeddable":true,"href":"https:\/\/motokary-karting.sk\/pl\/wp-json\/wp\/v2\/product_tag?post=22614"}],"curies":[{"name":"wp","href":"https:\/\/api.w.org\/{rel}","templated":true}]}}