{"id":22707,"date":"2024-04-18T16:22:43","date_gmt":"2024-04-18T16:22:43","guid":{"rendered":"https:\/\/motokary-karting.sk\/?post_type=product&#038;p=22707"},"modified":"2026-05-03T07:27:51","modified_gmt":"2026-05-03T07:27:51","slug":"kask-zamp-plexi-rz42","status":"publish","type":"product","link":"https:\/\/motokary-karting.sk\/pl\/produkt\/zamp-plexi-na-prilbu-rz42\/","title":{"rendered":"ZAMP - pleksi dla wszystkich kask\u00f3w ZAMP"},"content":{"rendered":"<p>Os\u0142ony z serii Zamp Z-20 zosta\u0142y zaprojektowane tak, aby pasowa\u0142y do wszystkich kask\u00f3w z serii Zamp RZ. Os\u0142ony Zamp Z-20 maj\u0105 grubo\u015b\u0107 3 mm i s\u0105 wyposa\u017cone w odrywane bolce. Wszystkie os\u0142ony Z-20 posiadaj\u0105 r\u00f3wnie\u017c pow\u0142ok\u0119 przeciwmgieln\u0105.<\/p>\n<p>Nale\u017cy pami\u0119ta\u0107, \u017ce klienci nie powinni umieszcza\u0107 przezroczystej folii (kt\u00f3ra jest dostarczana ze wszystkimi standardowymi wizjerami) na wizjerach pryzmatycznych. Nie ochroni to wizjera i mo\u017ce uszkodzi\u0107 jego pow\u0142ok\u0119.<\/p>\n<p>&nbsp;<\/p>\n<p>&nbsp;<\/p>\n<p>Wymiana os\u0142ony Zamp Z-20:<\/p>\n<p>UWAGA: Podczas wymiany os\u0142on wa\u017cne jest, aby NIE u\u017cywa\u0107 elektronarz\u0119dzi ani nie dokr\u0119ca\u0107 \u015brub zbyt mocno.<\/p>\n<p>Krok 1 Po\u0142\u00f3\u017c r\u0119cznik na p\u0142askiej powierzchni i umie\u015b\u0107 na nim kask.<\/p>\n<p>Krok 2 Zdejmij napinacze sworznia os\u0142ony z ka\u017cdej strony. Jest to mniejsza \u015bruba po bokach os\u0142ony.<\/p>\n<p>Krok 3 Odkr\u0119\u0107 \u015bruby obrotowe os\u0142ony z ka\u017cdej strony. Jest to wi\u0119ksza \u015bruba z boku os\u0142ony. Aby uzyska\u0107 najlepsze wyniki, zalecamy u\u017cycie \u0107wiartki do poluzowania \/ dokr\u0119cenia.<\/p>\n<p>Krok 4 Zdejmij os\u0142on\u0119. Aby uzyska\u0107 najlepsze rezultaty, zalecamy przetarcie gumowej uszczelki, a tak\u017ce miejsca, w kt\u00f3rym os\u0142ona jest przymocowana do kasku.<\/p>\n<p>Krok 5 Umie\u015b\u0107 os\u0142on\u0119 na kasku. Pomi\u0119dzy os\u0142on\u0105 a kaskiem znajduj\u0105 si\u0119 dwie bia\u0142e podk\u0142adki, upewnij si\u0119, \u017ce s\u0105 na miejscu przed ponownym za\u0142o\u017ceniem os\u0142ony.<\/p>\n<p>Krok 6 R\u0119cznie wkr\u0119\u0107 szpilki os\u0142ony (wi\u0119ksza \u015bruba), aby przytrzyma\u0107 os\u0142on\u0119 na miejscu. Po r\u0119cznym wkr\u0119ceniu u\u017cyj monety i dokr\u0119\u0107, a\u017c przylegnie do skorupy kasku. Nie dokr\u0119caj zbyt mocno.<\/p>\n<p>Krok 7 R\u0119cznie nawlecz napinacze sworznia os\u0142ony, a nast\u0119pnie dokr\u0119\u0107 je do \u017c\u0105danego napi\u0119cia, aby umo\u017cliwi\u0107 ruch os\u0142ony.<\/p>","protected":false},"excerpt":{"rendered":"<p>Os\u0142ony z serii Zamp Z-20 zosta\u0142y zaprojektowane tak, aby pasowa\u0142y do wszystkich kask\u00f3w z serii Zamp RZ. Os\u0142ony Zamp Z-20 maj\u0105 grubo\u015b\u0107 3 mm i s\u0105 wyposa\u017cone w odrywane bolce. Wszystkie...<\/p>","protected":false},"featured_media":22770,"template":"","meta":[],"product_brand":[],"product_cat":[21,18,3342,3348],"product_tag":[142,1344,3343,977,984,81,3344,985,3347,3345,3346],"class_list":{"0":"post-22707","1":"product","2":"type-product","3":"status-publish","4":"has-post-thumbnail","6":"product_cat-prilby","7":"product_cat-vybava-pretekara","8":"product_cat-zamp-helmets","9":"product_cat-zamp-prislusenstvo","10":"product_tag-karting","11":"product_tag-karting-shop","12":"product_tag-kartingova-prilba","13":"product_tag-lewis-hamilton","14":"product_tag-motokarova-prilba","15":"product_tag-motokary","16":"product_tag-prilba-na-karting","17":"product_tag-prilba-na-motokary","18":"product_tag-prilba-zamp","19":"product_tag-zamp-helmets","20":"product_tag-zamp-prilby","22":"first","23":"instock","24":"sale","25":"taxable","26":"shipping-taxable","27":"purchasable","28":"product-type-variable","29":"customify-col","30":"product-has-gallery"},"aioseo_notices":[],"_links":{"self":[{"href":"https:\/\/motokary-karting.sk\/pl\/wp-json\/wp\/v2\/product\/22707","targetHints":{"allow":["GET"]}}],"collection":[{"href":"https:\/\/motokary-karting.sk\/pl\/wp-json\/wp\/v2\/product"}],"about":[{"href":"https:\/\/motokary-karting.sk\/pl\/wp-json\/wp\/v2\/types\/product"}],"wp:featuredmedia":[{"embeddable":true,"href":"https:\/\/motokary-karting.sk\/pl\/wp-json\/wp\/v2\/media\/22770"}],"wp:attachment":[{"href":"https:\/\/motokary-karting.sk\/pl\/wp-json\/wp\/v2\/media?parent=22707"}],"wp:term":[{"taxonomy":"product_brand","embeddable":true,"href":"https:\/\/motokary-karting.sk\/pl\/wp-json\/wp\/v2\/product_brand?post=22707"},{"taxonomy":"product_cat","embeddable":true,"href":"https:\/\/motokary-karting.sk\/pl\/wp-json\/wp\/v2\/product_cat?post=22707"},{"taxonomy":"product_tag","embeddable":true,"href":"https:\/\/motokary-karting.sk\/pl\/wp-json\/wp\/v2\/product_tag?post=22707"}],"curies":[{"name":"wp","href":"https:\/\/api.w.org\/{rel}","templated":true}]}}