{"id":2272,"date":"2020-08-10T22:31:58","date_gmt":"2020-08-10T22:31:58","guid":{"rendered":"https:\/\/motokary-karting.sk\/?post_type=product&#038;p=2272"},"modified":"2025-05-13T19:45:15","modified_gmt":"2025-05-13T19:45:15","slug":"ogranicznik-piety-standardowy-aluminiowy-czarny","status":"publish","type":"product","link":"https:\/\/motokary-karting.sk\/pl\/produkt\/doraz-pre-nohy-paty-standard-hlinikovy-cierny\/","title":{"rendered":"Podn\u00f3\u017cek (pi\u0119ta) Standardowy aluminiowy czarny"},"content":{"rendered":"","protected":false},"excerpt":{"rendered":"","protected":false},"featured_media":2273,"template":"","meta":[],"product_brand":[],"product_cat":[271,276],"product_tag":[612,614,613,142,1344,81,637,2727],"class_list":{"0":"post-2272","1":"product","2":"type-product","3":"status-publish","4":"has-post-thumbnail","6":"product_cat-nahradne-diely-na-podvozky","7":"product_cat-ostatne","8":"product_tag-doraz-na-nohy","9":"product_tag-doraz-na-paty","10":"product_tag-doraz-pre-nohy","11":"product_tag-karting","12":"product_tag-karting-shop","13":"product_tag-motokary","14":"product_tag-opierka-noh","15":"product_tag-opierka-nohy","17":"first","18":"onbackorder","19":"taxable","20":"shipping-taxable","21":"purchasable","22":"product-type-simple","23":"customify-col"},"aioseo_notices":[],"_links":{"self":[{"href":"https:\/\/motokary-karting.sk\/pl\/wp-json\/wp\/v2\/product\/2272","targetHints":{"allow":["GET"]}}],"collection":[{"href":"https:\/\/motokary-karting.sk\/pl\/wp-json\/wp\/v2\/product"}],"about":[{"href":"https:\/\/motokary-karting.sk\/pl\/wp-json\/wp\/v2\/types\/product"}],"wp:featuredmedia":[{"embeddable":true,"href":"https:\/\/motokary-karting.sk\/pl\/wp-json\/wp\/v2\/media\/2273"}],"wp:attachment":[{"href":"https:\/\/motokary-karting.sk\/pl\/wp-json\/wp\/v2\/media?parent=2272"}],"wp:term":[{"taxonomy":"product_brand","embeddable":true,"href":"https:\/\/motokary-karting.sk\/pl\/wp-json\/wp\/v2\/product_brand?post=2272"},{"taxonomy":"product_cat","embeddable":true,"href":"https:\/\/motokary-karting.sk\/pl\/wp-json\/wp\/v2\/product_cat?post=2272"},{"taxonomy":"product_tag","embeddable":true,"href":"https:\/\/motokary-karting.sk\/pl\/wp-json\/wp\/v2\/product_tag?post=2272"}],"curies":[{"name":"wp","href":"https:\/\/api.w.org\/{rel}","templated":true}]}}