{"id":22774,"date":"2024-04-18T16:50:16","date_gmt":"2024-04-18T16:50:16","guid":{"rendered":"https:\/\/motokary-karting.sk\/?post_type=product&#038;p=22774"},"modified":"2026-01-28T16:42:48","modified_gmt":"2026-01-28T16:42:48","slug":"tylny-spojler-na-kask-zamp","status":"publish","type":"product","link":"https:\/\/motokary-karting.sk\/pl\/produkt\/zamp-zadny-spojler-na-prilbu\/","title":{"rendered":"Tylny spojler kasku ZAMP"},"content":{"rendered":"<p>Dzi\u0119ki doskona\u0142ej konstrukcji ten tylny spojler jest doskona\u0142ym wyborem dla ka\u017cdego zawodnika Zamp, kt\u00f3ry chce zmniejszy\u0107 ruch i op\u00f3r powietrza podczas wy\u015bcig\u00f3w w otwartym kokpicie. \u0141atwy w monta\u017cu i idealny do kartingu, ten tylny spojler mo\u017cna zamontowa\u0107 na nast\u0119puj\u0105cych kaskach:<\/p>\n<p>Grafika RZ 44CE \/ RZ 44CE<br \/>\nRZ 70E<br \/>\nRZ 42 Youth<br \/>\nRZ 65D \/ RZ 65D szary\/czarny<br \/>\nRZ 62<\/p>","protected":false},"excerpt":{"rendered":"<p>Charakteryzuj\u0105cy si\u0119 doskona\u0142\u0105 konstrukcj\u0105, ten tylny spojler jest doskona\u0142ym wyborem dla ka\u017cdego zawodnika Zamp, kt\u00f3ry chce zmniejszy\u0107 ruch i op\u00f3r podczas wy\u015bcig\u00f3w na otwartych ko\u0142ach....<\/p>","protected":false},"featured_media":22775,"template":"","meta":[],"product_brand":[],"product_cat":[21,18,3348],"product_tag":[142,1344,81,1670,1669,2939,2940],"class_list":{"0":"post-22774","1":"product","2":"type-product","3":"status-publish","4":"has-post-thumbnail","6":"product_cat-prilby","7":"product_cat-vybava-pretekara","8":"product_cat-zamp-prislusenstvo","9":"product_tag-karting","10":"product_tag-karting-shop","11":"product_tag-motokary","12":"product_tag-prilba-stilo","13":"product_tag-stilo-prilby","14":"product_tag-stilo-zadny-spojler","15":"product_tag-zadny-spojler-stilo","17":"first","18":"instock","19":"taxable","20":"shipping-taxable","21":"purchasable","22":"product-type-simple","23":"customify-col","24":"product-has-gallery"},"aioseo_notices":[],"_links":{"self":[{"href":"https:\/\/motokary-karting.sk\/pl\/wp-json\/wp\/v2\/product\/22774","targetHints":{"allow":["GET"]}}],"collection":[{"href":"https:\/\/motokary-karting.sk\/pl\/wp-json\/wp\/v2\/product"}],"about":[{"href":"https:\/\/motokary-karting.sk\/pl\/wp-json\/wp\/v2\/types\/product"}],"wp:featuredmedia":[{"embeddable":true,"href":"https:\/\/motokary-karting.sk\/pl\/wp-json\/wp\/v2\/media\/22775"}],"wp:attachment":[{"href":"https:\/\/motokary-karting.sk\/pl\/wp-json\/wp\/v2\/media?parent=22774"}],"wp:term":[{"taxonomy":"product_brand","embeddable":true,"href":"https:\/\/motokary-karting.sk\/pl\/wp-json\/wp\/v2\/product_brand?post=22774"},{"taxonomy":"product_cat","embeddable":true,"href":"https:\/\/motokary-karting.sk\/pl\/wp-json\/wp\/v2\/product_cat?post=22774"},{"taxonomy":"product_tag","embeddable":true,"href":"https:\/\/motokary-karting.sk\/pl\/wp-json\/wp\/v2\/product_tag?post=22774"}],"curies":[{"name":"wp","href":"https:\/\/api.w.org\/{rel}","templated":true}]}}