{"id":23356,"date":"2024-04-19T13:51:50","date_gmt":"2024-04-19T13:51:50","guid":{"rendered":"https:\/\/motokary-karting.sk\/?post_type=product&#038;p=23356"},"modified":"2025-08-19T17:01:44","modified_gmt":"2025-08-19T17:01:44","slug":"aparaty-sluchowe-nahelmowe-zamp","status":"publish","type":"product","link":"https:\/\/motokary-karting.sk\/pl\/produkt\/zamp-sluchadla-do-prilby\/","title":{"rendered":"S\u0142uchawki do kasku ZAMP"},"content":{"rendered":"<p>Zestaw nausznik\u00f3w z g\u0142o\u015bnikami firmy Zamp umo\u017cliwia jedno- lub dwukierunkow\u0105 komunikacj\u0119 w ulubionym kasku. Te nauszniki z g\u0142o\u015bnikami s\u0105 \u0142atwe w monta\u017cu i regulacji oraz mocowane wewn\u0105trz kasku, co u\u0142atwia ich instalacj\u0119 i u\u017cytkowanie.<\/p>\n<p>Wysokiej jako\u015bci g\u0142o\u015bnik o \u015brednicy 28 mm<br \/>\nWtyczka stereo 3,5 mm wsp\u00f3\u0142pracuje z odbiornikami jednokierunkowymi lub systemami komunikacji dwukierunkowej.<br \/>\nKieszenie na rzepy zainstalowane w nausznikach u\u0142atwiaj\u0105 monta\u017c w kasku<br \/>\nNiewielki rozmiar pozwala na umieszczenie ich w nausznikach<br \/>\nNasze g\u0142o\u015bniki zosta\u0142y zaprojektowane z my\u015bl\u0105 o minimalnym okablowaniu i umo\u017cliwiaj\u0105 prost\u0105 i czyst\u0105 instalacj\u0119. 10 cali przewodu od g\u0142o\u015bnika do g\u0142o\u015bnika.<\/p>\n<p>Kompatybilny z kaskami: <strong>RZ 44CE \/ RZ 70E \/ RL 70E \/ RZ 65D \/ RZ 62<\/strong><\/p>","protected":false},"excerpt":{"rendered":"<p>Zestaw s\u0142uchawek z g\u0142o\u015bnikami firmy Zamp umo\u017cliwia jedno- lub dwukierunkow\u0105 komunikacj\u0119 w ulubionym kasku. Te s\u0142uchawki z g\u0142o\u015bnikami s\u0105 \u0142atwe w instalacji i...<\/p>","protected":false},"featured_media":23357,"template":"","meta":[],"product_brand":[],"product_cat":[21,18,3348],"product_tag":[142,1344,81,1670,1669,2939,2940],"class_list":{"0":"post-23356","1":"product","2":"type-product","3":"status-publish","4":"has-post-thumbnail","6":"product_cat-prilby","7":"product_cat-vybava-pretekara","8":"product_cat-zamp-prislusenstvo","9":"product_tag-karting","10":"product_tag-karting-shop","11":"product_tag-motokary","12":"product_tag-prilba-stilo","13":"product_tag-stilo-prilby","14":"product_tag-stilo-zadny-spojler","15":"product_tag-zadny-spojler-stilo","17":"first","18":"onbackorder","19":"taxable","20":"shipping-taxable","21":"purchasable","22":"product-type-simple","23":"customify-col"},"aioseo_notices":[],"_links":{"self":[{"href":"https:\/\/motokary-karting.sk\/pl\/wp-json\/wp\/v2\/product\/23356","targetHints":{"allow":["GET"]}}],"collection":[{"href":"https:\/\/motokary-karting.sk\/pl\/wp-json\/wp\/v2\/product"}],"about":[{"href":"https:\/\/motokary-karting.sk\/pl\/wp-json\/wp\/v2\/types\/product"}],"wp:featuredmedia":[{"embeddable":true,"href":"https:\/\/motokary-karting.sk\/pl\/wp-json\/wp\/v2\/media\/23357"}],"wp:attachment":[{"href":"https:\/\/motokary-karting.sk\/pl\/wp-json\/wp\/v2\/media?parent=23356"}],"wp:term":[{"taxonomy":"product_brand","embeddable":true,"href":"https:\/\/motokary-karting.sk\/pl\/wp-json\/wp\/v2\/product_brand?post=23356"},{"taxonomy":"product_cat","embeddable":true,"href":"https:\/\/motokary-karting.sk\/pl\/wp-json\/wp\/v2\/product_cat?post=23356"},{"taxonomy":"product_tag","embeddable":true,"href":"https:\/\/motokary-karting.sk\/pl\/wp-json\/wp\/v2\/product_tag?post=23356"}],"curies":[{"name":"wp","href":"https:\/\/api.w.org\/{rel}","templated":true}]}}