{"id":23358,"date":"2024-04-19T13:56:04","date_gmt":"2024-04-19T13:56:04","guid":{"rendered":"https:\/\/motokary-karting.sk\/?post_type=product&#038;p=23358"},"modified":"2025-08-19T16:55:56","modified_gmt":"2025-08-19T16:55:56","slug":"folia-zrywalna-zamp-do-pleksi","status":"publish","type":"product","link":"https:\/\/motokary-karting.sk\/pl\/produkt\/zamp-trhacia-folia-na-plexi\/","title":{"rendered":"Folia \u0142zawi\u0105ca ZAMP do pleksi Z20"},"content":{"rendered":"<p>Odrywane os\u0142ony Zamp s\u0105 przeznaczone do kask\u00f3w Zamp. Je\u015bli \u015bcigasz si\u0119 w otwartej dziurze i chcesz mie\u0107 pewno\u015b\u0107, \u017ce masz dobr\u0105 widoczno\u015b\u0107 i koncentrujesz si\u0119 na drodze, upewnij si\u0119, \u017ce masz odrywan\u0105 os\u0142on\u0119. \u0141atwy monta\u017c i \u0142atwa obs\u0142uga.<\/p>\n<p>Jedno opakowanie zawiera 3 zestawy po 8 z\u0142o\u017conych ripper\u00f3w.<\/p>\n<p>&nbsp;<\/p>\n<p>Wizualna przepuszczalno\u015b\u0107 \u015bwiat\u0142a = 90 % w por\u00f3wnaniu do 8-warstwowej konkurencji na poziomie 83,7 %<\/p>\n<p>Optyczne zamglenie = 0,73 % w por\u00f3wnaniu do konkurencyjnych 8 warstw przy 2,67 %<\/p>\n<p>&nbsp;<\/p>\n<p>&nbsp;<\/p>\n<p>&nbsp;<\/p>","protected":false},"excerpt":{"rendered":"<p>Odrywane os\u0142ony Zamp s\u0105 przeznaczone do kask\u00f3w Zamp. Je\u015bli \u015bcigasz si\u0119 w otwartej dziurze i chcesz mie\u0107 pewno\u015b\u0107, \u017ce masz dobr\u0105 widoczno\u015b\u0107...<\/p>","protected":false},"featured_media":23359,"template":"","meta":[],"product_brand":[],"product_cat":[21,18,3348],"product_tag":[142,1344,81,1670,1669,2939,2940],"class_list":{"0":"post-23358","1":"product","2":"type-product","3":"status-publish","4":"has-post-thumbnail","6":"product_cat-prilby","7":"product_cat-vybava-pretekara","8":"product_cat-zamp-prislusenstvo","9":"product_tag-karting","10":"product_tag-karting-shop","11":"product_tag-motokary","12":"product_tag-prilba-stilo","13":"product_tag-stilo-prilby","14":"product_tag-stilo-zadny-spojler","15":"product_tag-zadny-spojler-stilo","17":"first","18":"instock","19":"sale","20":"taxable","21":"shipping-taxable","22":"purchasable","23":"product-type-simple","24":"customify-col"},"aioseo_notices":[],"_links":{"self":[{"href":"https:\/\/motokary-karting.sk\/pl\/wp-json\/wp\/v2\/product\/23358","targetHints":{"allow":["GET"]}}],"collection":[{"href":"https:\/\/motokary-karting.sk\/pl\/wp-json\/wp\/v2\/product"}],"about":[{"href":"https:\/\/motokary-karting.sk\/pl\/wp-json\/wp\/v2\/types\/product"}],"wp:featuredmedia":[{"embeddable":true,"href":"https:\/\/motokary-karting.sk\/pl\/wp-json\/wp\/v2\/media\/23359"}],"wp:attachment":[{"href":"https:\/\/motokary-karting.sk\/pl\/wp-json\/wp\/v2\/media?parent=23358"}],"wp:term":[{"taxonomy":"product_brand","embeddable":true,"href":"https:\/\/motokary-karting.sk\/pl\/wp-json\/wp\/v2\/product_brand?post=23358"},{"taxonomy":"product_cat","embeddable":true,"href":"https:\/\/motokary-karting.sk\/pl\/wp-json\/wp\/v2\/product_cat?post=23358"},{"taxonomy":"product_tag","embeddable":true,"href":"https:\/\/motokary-karting.sk\/pl\/wp-json\/wp\/v2\/product_tag?post=23358"}],"curies":[{"name":"wp","href":"https:\/\/api.w.org\/{rel}","templated":true}]}}