{"id":23368,"date":"2024-04-19T14:13:05","date_gmt":"2024-04-19T14:13:05","guid":{"rendered":"https:\/\/motokary-karting.sk\/?post_type=product&#038;p=23368"},"modified":"2026-03-24T05:48:51","modified_gmt":"2026-03-24T05:48:51","slug":"zestaw-do-piaskowania-do-kaskow-zamp","status":"publish","type":"product","link":"https:\/\/motokary-karting.sk\/pl\/produkt\/zamp-srobovacia-sada-na-prilby-zamp\/","title":{"rendered":"Zestaw monta\u017cowy do kask\u00f3w ZAMP"},"content":{"rendered":"<p>Dost\u0119pne w 7 r\u00f3\u017cnych kolorach, te anodyzowane wymienne \u015bruby wizjera oferuj\u0105 kolejny fantastyczny spos\u00f3b na spersonalizowanie kasku i wyr\u00f3\u017cnienie go na siatce.<\/p>\n<p>Kompatybilny ze wszystkimi kaskami Zamp Z20 Visor.<\/p>\n<p>Zestaw zawiera: 2 du\u017ce anodowane \u015bruby os\u0142ony, 2 anodowane prowadnice obrotowe os\u0142ony<\/p>\n<p>*Te \u015bruby wizjera s\u0105 produktem na rynku wt\u00f3rnym, kt\u00f3ry zosta\u0142 wyprodukowany pod mark\u0105 Antman Custom TriX.<\/p>","protected":false},"excerpt":{"rendered":"<p>Dost\u0119pne w 7 r\u00f3\u017cnych kolorach, te anodowane wymienne \u015bruby wizjera oferuj\u0105 kolejny fantastyczny spos\u00f3b na spersonalizowanie kasku i wyr\u00f3\u017cnienie go na siatce. Kompatybilne...<\/p>","protected":false},"featured_media":28948,"template":"","meta":[],"product_brand":[],"product_cat":[21,18,3348],"product_tag":[142,1344,81,1670,1669,2939,2940],"class_list":{"0":"post-23368","1":"product","2":"type-product","3":"status-publish","4":"has-post-thumbnail","6":"product_cat-prilby","7":"product_cat-vybava-pretekara","8":"product_cat-zamp-prislusenstvo","9":"product_tag-karting","10":"product_tag-karting-shop","11":"product_tag-motokary","12":"product_tag-prilba-stilo","13":"product_tag-stilo-prilby","14":"product_tag-stilo-zadny-spojler","15":"product_tag-zadny-spojler-stilo","17":"first","18":"instock","19":"taxable","20":"shipping-taxable","21":"purchasable","22":"product-type-variable","23":"customify-col"},"aioseo_notices":[],"_links":{"self":[{"href":"https:\/\/motokary-karting.sk\/pl\/wp-json\/wp\/v2\/product\/23368","targetHints":{"allow":["GET"]}}],"collection":[{"href":"https:\/\/motokary-karting.sk\/pl\/wp-json\/wp\/v2\/product"}],"about":[{"href":"https:\/\/motokary-karting.sk\/pl\/wp-json\/wp\/v2\/types\/product"}],"wp:featuredmedia":[{"embeddable":true,"href":"https:\/\/motokary-karting.sk\/pl\/wp-json\/wp\/v2\/media\/28948"}],"wp:attachment":[{"href":"https:\/\/motokary-karting.sk\/pl\/wp-json\/wp\/v2\/media?parent=23368"}],"wp:term":[{"taxonomy":"product_brand","embeddable":true,"href":"https:\/\/motokary-karting.sk\/pl\/wp-json\/wp\/v2\/product_brand?post=23368"},{"taxonomy":"product_cat","embeddable":true,"href":"https:\/\/motokary-karting.sk\/pl\/wp-json\/wp\/v2\/product_cat?post=23368"},{"taxonomy":"product_tag","embeddable":true,"href":"https:\/\/motokary-karting.sk\/pl\/wp-json\/wp\/v2\/product_tag?post=23368"}],"curies":[{"name":"wp","href":"https:\/\/api.w.org\/{rel}","templated":true}]}}