{"id":23392,"date":"2024-04-19T14:25:31","date_gmt":"2024-04-19T14:25:31","guid":{"rendered":"https:\/\/motokary-karting.sk\/?post_type=product&#038;p=23392"},"modified":"2025-08-25T11:14:30","modified_gmt":"2025-08-25T11:14:30","slug":"przedni-spojler-na-kask-zamp","status":"publish","type":"product","link":"https:\/\/motokary-karting.sk\/pl\/produkt\/zamp-predny-spojler-na-prilbu\/","title":{"rendered":"Przedni spojler na kask ZAMP"},"content":{"rendered":"<p>Chin Spoiler jest idealny do wy\u015bcig\u00f3w z otwartym kokpitem, aby zapobiec podnoszeniu kasku przy du\u017cych pr\u0119dko\u015bciach i zmniejszy\u0107 op\u00f3r powietrza. Co najwa\u017cniejsze, znacznie zmniejszy obci\u0105\u017cenie i si\u0142y dzia\u0142aj\u0105ce na g\u0142ow\u0119 i szyj\u0119 podczas wy\u015bcigu lub stintu.<\/p>\n<p>Spoiler podbr\u00f3dka jest kompatybilny z nast\u0119puj\u0105cymi kaskami:<\/p>\n<p>Grafika RZ 44CE \/ RZ 44CE<br \/>\nRZ 70E<br \/>\nRZ 65D \/ RZ 65D szary\/czarny<br \/>\nRZ 62<\/p>","protected":false},"excerpt":{"rendered":"<p>Spoiler podbr\u00f3dka jest idealny do wy\u015bcig\u00f3w z otwartym kokpitem, aby zapobiec podnoszeniu kasku przy du\u017cych pr\u0119dko\u015bciach i zmniejszy\u0107 op\u00f3r powietrza. Co najwa\u017cniejsze,...<\/p>","protected":false},"featured_media":23395,"template":"","meta":[],"product_brand":[],"product_cat":[21,18,3348],"product_tag":[142,1344,81,1670,1669,2939,2940],"class_list":{"0":"post-23392","1":"product","2":"type-product","3":"status-publish","4":"has-post-thumbnail","6":"product_cat-prilby","7":"product_cat-vybava-pretekara","8":"product_cat-zamp-prislusenstvo","9":"product_tag-karting","10":"product_tag-karting-shop","11":"product_tag-motokary","12":"product_tag-prilba-stilo","13":"product_tag-stilo-prilby","14":"product_tag-stilo-zadny-spojler","15":"product_tag-zadny-spojler-stilo","17":"first","18":"onbackorder","19":"taxable","20":"shipping-taxable","21":"purchasable","22":"product-type-simple","23":"customify-col","24":"product-has-gallery"},"aioseo_notices":[],"_links":{"self":[{"href":"https:\/\/motokary-karting.sk\/pl\/wp-json\/wp\/v2\/product\/23392","targetHints":{"allow":["GET"]}}],"collection":[{"href":"https:\/\/motokary-karting.sk\/pl\/wp-json\/wp\/v2\/product"}],"about":[{"href":"https:\/\/motokary-karting.sk\/pl\/wp-json\/wp\/v2\/types\/product"}],"wp:featuredmedia":[{"embeddable":true,"href":"https:\/\/motokary-karting.sk\/pl\/wp-json\/wp\/v2\/media\/23395"}],"wp:attachment":[{"href":"https:\/\/motokary-karting.sk\/pl\/wp-json\/wp\/v2\/media?parent=23392"}],"wp:term":[{"taxonomy":"product_brand","embeddable":true,"href":"https:\/\/motokary-karting.sk\/pl\/wp-json\/wp\/v2\/product_brand?post=23392"},{"taxonomy":"product_cat","embeddable":true,"href":"https:\/\/motokary-karting.sk\/pl\/wp-json\/wp\/v2\/product_cat?post=23392"},{"taxonomy":"product_tag","embeddable":true,"href":"https:\/\/motokary-karting.sk\/pl\/wp-json\/wp\/v2\/product_tag?post=23392"}],"curies":[{"name":"wp","href":"https:\/\/api.w.org\/{rel}","templated":true}]}}