{"id":23396,"date":"2024-04-19T14:30:00","date_gmt":"2024-04-19T14:30:00","guid":{"rendered":"https:\/\/motokary-karting.sk\/?post_type=product&#038;p=23396"},"modified":"2025-08-19T16:58:17","modified_gmt":"2025-08-19T16:58:17","slug":"tylny-spojler-kasku-zamp-rz70e","status":"publish","type":"product","link":"https:\/\/motokary-karting.sk\/pl\/produkt\/zamp-zadny-spojler-na-prilbu-rz70e\/","title":{"rendered":"Tylny spojler ZAMP do kasku RZ70E"},"content":{"rendered":"<p>Stylowy i elegancki tylny spojler RZ 70E pasuje do kask\u00f3w z serii RZ 70E i zapewnia lepsz\u0105 aerodynamik\u0119, pomagaj\u0105c zapewni\u0107 bardziej stabilny kask przy du\u017cych pr\u0119dko\u015bciach.<\/p>\n<p>Tylny spojler RZ 70E jest dostarczany z bardzo mocn\u0105 dwustronn\u0105 ta\u015bm\u0105 samoprzylepn\u0105, aby zapewni\u0107 bezpieczne zamocowanie spojlera do kasku.<\/p>","protected":false},"excerpt":{"rendered":"<p>Stylowy i elegancki tylny spojler RZ 70E pasuje do kask\u00f3w z serii RZ 70E i zapewnia lepsz\u0105 aerodynamik\u0119, pomagaj\u0105c zapewni\u0107 bardziej stabilny kask przy du\u017cych pr\u0119dko\u015bciach....<\/p>","protected":false},"featured_media":23397,"template":"","meta":[],"product_brand":[],"product_cat":[21,18,3348],"product_tag":[142,1344,81,1670,1669,2939,2940],"class_list":{"0":"post-23396","1":"product","2":"type-product","3":"status-publish","4":"has-post-thumbnail","6":"product_cat-prilby","7":"product_cat-vybava-pretekara","8":"product_cat-zamp-prislusenstvo","9":"product_tag-karting","10":"product_tag-karting-shop","11":"product_tag-motokary","12":"product_tag-prilba-stilo","13":"product_tag-stilo-prilby","14":"product_tag-stilo-zadny-spojler","15":"product_tag-zadny-spojler-stilo","17":"first","18":"onbackorder","19":"taxable","20":"shipping-taxable","21":"purchasable","22":"product-type-simple","23":"customify-col","24":"product-has-gallery"},"aioseo_notices":[],"_links":{"self":[{"href":"https:\/\/motokary-karting.sk\/pl\/wp-json\/wp\/v2\/product\/23396","targetHints":{"allow":["GET"]}}],"collection":[{"href":"https:\/\/motokary-karting.sk\/pl\/wp-json\/wp\/v2\/product"}],"about":[{"href":"https:\/\/motokary-karting.sk\/pl\/wp-json\/wp\/v2\/types\/product"}],"wp:featuredmedia":[{"embeddable":true,"href":"https:\/\/motokary-karting.sk\/pl\/wp-json\/wp\/v2\/media\/23397"}],"wp:attachment":[{"href":"https:\/\/motokary-karting.sk\/pl\/wp-json\/wp\/v2\/media?parent=23396"}],"wp:term":[{"taxonomy":"product_brand","embeddable":true,"href":"https:\/\/motokary-karting.sk\/pl\/wp-json\/wp\/v2\/product_brand?post=23396"},{"taxonomy":"product_cat","embeddable":true,"href":"https:\/\/motokary-karting.sk\/pl\/wp-json\/wp\/v2\/product_cat?post=23396"},{"taxonomy":"product_tag","embeddable":true,"href":"https:\/\/motokary-karting.sk\/pl\/wp-json\/wp\/v2\/product_tag?post=23396"}],"curies":[{"name":"wp","href":"https:\/\/api.w.org\/{rel}","templated":true}]}}