{"id":23400,"date":"2024-04-19T14:33:56","date_gmt":"2024-04-19T14:33:56","guid":{"rendered":"https:\/\/motokary-karting.sk\/?post_type=product&#038;p=23400"},"modified":"2025-08-19T16:13:18","modified_gmt":"2025-08-19T16:13:18","slug":"zamienna-gorna-wysciolka-zamp-do-kaskow-rz42","status":"publish","type":"product","link":"https:\/\/motokary-karting.sk\/pl\/produkt\/zamp-nahradne-polstrovanie-horne-pre-prilby-rz42\/","title":{"rendered":"Zamienna wy\u015bci\u00f3\u0142ka ZAMP do kask\u00f3w RZ42 i RZ48"},"content":{"rendered":"<p>Wymienna wk\u0142adka koronowa do popularnych kask\u00f3w m\u0142odzie\u017cowych RZ 42 i RZ 48. Je\u015bli chcesz od\u015bwie\u017cy\u0107 sw\u00f3j kask lub zmieni\u0107 rozmiar, te wk\u0142adki Crown s\u0105 doskona\u0142ym wyborem.<\/p>\n<p>&nbsp;<\/p>","protected":false},"excerpt":{"rendered":"<p>Wymienna wk\u0142adka koronowa do popularnych kask\u00f3w m\u0142odzie\u017cowych RZ 42 i RZ 48. Je\u015bli chcesz od\u015bwie\u017cy\u0107 sw\u00f3j kask lub zmieni\u0107 jego rozmiar,...<\/p>","protected":false},"featured_media":23405,"template":"","meta":[],"product_brand":[],"product_cat":[21,18,3348],"product_tag":[142,1344,81,1670,1669,2939,2940],"class_list":{"0":"post-23400","1":"product","2":"type-product","3":"status-publish","4":"has-post-thumbnail","6":"product_cat-prilby","7":"product_cat-vybava-pretekara","8":"product_cat-zamp-prislusenstvo","9":"product_tag-karting","10":"product_tag-karting-shop","11":"product_tag-motokary","12":"product_tag-prilba-stilo","13":"product_tag-stilo-prilby","14":"product_tag-stilo-zadny-spojler","15":"product_tag-zadny-spojler-stilo","17":"first","18":"onbackorder","19":"taxable","20":"shipping-taxable","21":"purchasable","22":"product-type-variable","23":"customify-col","24":"product-has-gallery"},"aioseo_notices":[],"_links":{"self":[{"href":"https:\/\/motokary-karting.sk\/pl\/wp-json\/wp\/v2\/product\/23400","targetHints":{"allow":["GET"]}}],"collection":[{"href":"https:\/\/motokary-karting.sk\/pl\/wp-json\/wp\/v2\/product"}],"about":[{"href":"https:\/\/motokary-karting.sk\/pl\/wp-json\/wp\/v2\/types\/product"}],"wp:featuredmedia":[{"embeddable":true,"href":"https:\/\/motokary-karting.sk\/pl\/wp-json\/wp\/v2\/media\/23405"}],"wp:attachment":[{"href":"https:\/\/motokary-karting.sk\/pl\/wp-json\/wp\/v2\/media?parent=23400"}],"wp:term":[{"taxonomy":"product_brand","embeddable":true,"href":"https:\/\/motokary-karting.sk\/pl\/wp-json\/wp\/v2\/product_brand?post=23400"},{"taxonomy":"product_cat","embeddable":true,"href":"https:\/\/motokary-karting.sk\/pl\/wp-json\/wp\/v2\/product_cat?post=23400"},{"taxonomy":"product_tag","embeddable":true,"href":"https:\/\/motokary-karting.sk\/pl\/wp-json\/wp\/v2\/product_tag?post=23400"}],"curies":[{"name":"wp","href":"https:\/\/api.w.org\/{rel}","templated":true}]}}