{"id":23420,"date":"2024-04-19T14:45:06","date_gmt":"2024-04-19T14:45:06","guid":{"rendered":"https:\/\/motokary-karting.sk\/?post_type=product&#038;p=23420"},"modified":"2024-09-05T13:36:43","modified_gmt":"2024-09-05T13:36:43","slug":"zamp-wymienna-wysciolka-gorna-do-kaskow-rz62","status":"publish","type":"product","link":"https:\/\/motokary-karting.sk\/pl\/produkt\/zamp-nahradne-polstrovanie-horne-pre-prilby-rz62\/","title":{"rendered":"Zamienna wy\u015bci\u00f3\u0142ka ZAMP do kask\u00f3w RZ62"},"content":{"rendered":"<p>Wymienna wk\u0142adka koronowa do kask\u00f3w RZ 62. Je\u015bli chcesz od\u015bwie\u017cy\u0107 wn\u0119trze swojego kasku lub zmieni\u0107 rozmiar, nowa wk\u0142adka koronowa jest \u015bwietn\u0105 opcj\u0105.<\/p>\n<p>Dost\u0119pne w 6 rozmiarach XS, S, M, L, XL, XXL.<\/p>\n<p>Nale\u017cy pami\u0119ta\u0107, \u017ce te kaski maj\u0105 2 rozmiary skorupy. Mniejsza skorupa pasuje do rozmiar\u00f3w XS, S i M. Wi\u0119ksza skorupa pasuje do rozmiar\u00f3w L, XL i XXL.<\/p>\n<p>POW\u0141OKA 1 - XS | S | M<\/p>\n<p>SHELL 2 - L | XL | XXL<\/p>","protected":false},"excerpt":{"rendered":"<p>Wymienna wk\u0142adka koronowa do kask\u00f3w RZ 62. Je\u015bli chcesz od\u015bwie\u017cy\u0107 wn\u0119trze swojego kasku lub zmieni\u0107 rozmiar, nowa wk\u0142adka koronowa jest \u015bwietn\u0105 opcj\u0105. Dost\u0119pne...<\/p>","protected":false},"featured_media":23418,"template":"","meta":[],"product_brand":[],"product_cat":[21,18,3348],"product_tag":[142,1344,81,1670,1669,2939,2940],"class_list":{"0":"post-23420","1":"product","2":"type-product","3":"status-publish","4":"has-post-thumbnail","6":"product_cat-prilby","7":"product_cat-vybava-pretekara","8":"product_cat-zamp-prislusenstvo","9":"product_tag-karting","10":"product_tag-karting-shop","11":"product_tag-motokary","12":"product_tag-prilba-stilo","13":"product_tag-stilo-prilby","14":"product_tag-stilo-zadny-spojler","15":"product_tag-zadny-spojler-stilo","17":"first","18":"onbackorder","19":"taxable","20":"shipping-taxable","21":"purchasable","22":"product-type-variable","23":"customify-col","24":"product-has-gallery"},"aioseo_notices":[],"_links":{"self":[{"href":"https:\/\/motokary-karting.sk\/pl\/wp-json\/wp\/v2\/product\/23420","targetHints":{"allow":["GET"]}}],"collection":[{"href":"https:\/\/motokary-karting.sk\/pl\/wp-json\/wp\/v2\/product"}],"about":[{"href":"https:\/\/motokary-karting.sk\/pl\/wp-json\/wp\/v2\/types\/product"}],"wp:featuredmedia":[{"embeddable":true,"href":"https:\/\/motokary-karting.sk\/pl\/wp-json\/wp\/v2\/media\/23418"}],"wp:attachment":[{"href":"https:\/\/motokary-karting.sk\/pl\/wp-json\/wp\/v2\/media?parent=23420"}],"wp:term":[{"taxonomy":"product_brand","embeddable":true,"href":"https:\/\/motokary-karting.sk\/pl\/wp-json\/wp\/v2\/product_brand?post=23420"},{"taxonomy":"product_cat","embeddable":true,"href":"https:\/\/motokary-karting.sk\/pl\/wp-json\/wp\/v2\/product_cat?post=23420"},{"taxonomy":"product_tag","embeddable":true,"href":"https:\/\/motokary-karting.sk\/pl\/wp-json\/wp\/v2\/product_tag?post=23420"}],"curies":[{"name":"wp","href":"https:\/\/api.w.org\/{rel}","templated":true}]}}