{"id":23538,"date":"2024-05-15T18:49:01","date_gmt":"2024-05-15T18:49:01","guid":{"rendered":"https:\/\/motokary-karting.sk\/?post_type=product&#038;p=23538"},"modified":"2026-04-12T13:36:57","modified_gmt":"2026-04-12T13:36:57","slug":"telemetria-alfano-7-2t-pro-nowy","status":"publish","type":"product","link":"https:\/\/motokary-karting.sk\/pl\/produkt\/telemetria-alfano-7-2t-pro-new\/","title":{"rendered":"Telemetria Alfano 7 \u2013 2T \u2013 PRO (mo\u017cliwo\u015b\u0107 pomiaru 2 temperatur)"},"content":{"rendered":"<p>NOWO\u015a\u0106 ALFANO 7 2T (mo\u017cliwo\u015b\u0107 monta\u017cu dw\u00f3ch sond temperatury bez rozbudowy)<\/p>\n<p>ALFANO 7, tak pot\u0119\u017cny, tak zoptymalizowany, tak PRO<\/p>\n<p>ALFANO 7 jest teraz wyposa\u017cony w GPS 25 Hz, 2,5 razy szybszy ni\u017c jego poprzednik ALFANO 6, poprawiaj\u0105c dok\u0142adno\u015b\u0107 czasu i trajektorii. Posiada r\u00f3wnie\u017c \u0142\u0105czno\u015b\u0107 bezprzewodow\u0105, kt\u00f3ra otwiera NIESAMOWITE mo\u017cliwo\u015bci. Czujniki komunikuj\u0105 si\u0119 bezpo\u015brednio z ALFANO 7, bez potrzeby stosowania okablowania lub skrzynek po\u015brednich. Dzi\u0119ki obecnie opracowanemu bezprzewodowemu czujnikowi mierz\u0105cemu ci\u015bnienie i temperatur\u0119 wewn\u0105trz opony + bezprzewodowemu czujnikowi podczerwieni mierz\u0105cemu temperatur\u0119 na powierzchni opony oraz bezprzewodowemu kluczowi sprz\u0119towemu USB \u201edost\u0119pnemu wkr\u00f3tce\u201c pod\u0142\u0105czonemu do komputera, ALFANO 7 b\u0119dzie w stanie przesy\u0142a\u0107 te dane dalej i szybciej ni\u017c w trybie Bluetooth - oko\u0142o 5 razy szybciej!<\/p>\n<p>GPS<\/p>\n<p>ALFANO 7 jest wyposa\u017cony w GPS 25 Hz, kt\u00f3ry wykorzystuje 4 konstelacje pozycji satelitarnych:<br \/>\nGALILEO (UE)<br \/>\nNAVSTAR (USA)<br \/>\nGLONASS (RU)<br \/>\nBEIDOU (CHINY)<br \/>\nmaj\u0105ce na celu dalsz\u0105 popraw\u0119 dok\u0142adno\u015bci danych, czasu i trajektorii.<\/p>\n<p>BATERIA<\/p>\n<p>40-godzinna \u017cywotno\u015b\u0107 baterii pozwala sp\u0119dzi\u0107 ca\u0142y weekend na jednym \u0142adowaniu, dzi\u0119ki wydajnej elektronice, kt\u00f3ra zu\u017cywa bardzo ma\u0142o energii.<br \/>\nAlfano 7 mo\u017cna r\u00f3wnie\u017c \u0142adowa\u0107 dzi\u0119ki POWER BANK bez konieczno\u015bci zdejmowania Alfano 7 z kierownicy.<\/p>\n<p>BLUETOOTH<\/p>\n<p>Komunikacja Bluetooth zosta\u0142a specjalnie zaprojektowana do przesy\u0142ania danych do smartfon\u00f3w, tablet\u00f3w lub komputer\u00f3w.<br \/>\nMo\u017cna go szybko i \u0142atwo aktywowa\u0107 bezpo\u015brednio za pomoc\u0105 przycisku skr\u00f3tu, nawet gdy Alfano 7 jest wy\u0142\u0105czony.<\/p>\n<p>WNIOSEK<\/p>\n<p>Jeste\u015bmy pierwsz\u0105 i jedyn\u0105 firm\u0105, kt\u00f3ra oferuje naszym klientom mo\u017cliwo\u015b\u0107 analizowania ich danych za pomoc\u0105 smartfona lub tabletu.<\/p>\n<p>BEZPIECZNY<\/p>\n<p>ALFANO 7 jest teraz wyposa\u017cony w komunikacj\u0119 bezprzewodow\u0105, dzi\u0119ki czemu rodzina czujnik\u00f3w bezprzewodowych mo\u017ce komunikowa\u0107 si\u0119 bezpo\u015brednio z ALFANO 7 bez potrzeby stosowania kabli lub skrzynki po\u015bredniej.<br \/>\nObecnie dost\u0119pne s\u0105 dwa rodzaje bezprzewodowych czujnik\u00f3w do pomiaru ci\u015bnienia i temperatury opon.<br \/>\nW najbli\u017cszej przysz\u0142o\u015bci do oferty ALFANO zostanie dodanych wi\u0119cej czujnik\u00f3w bezprzewodowych i urz\u0105dze\u0144 peryferyjnych<\/p>\n<p>Cena obejmuje:<\/p>\n<p>Alfano 7 2T<br \/>\nKabel RPM dla wysokiego napi\u0119cia (2-suwowy)<br \/>\nKabel USB do \u0142adowania<br \/>\nplastikowa os\u0142ona na wy\u015bwietlacz<br \/>\ninstrukcja obs\u0142ugi + r\u00f3\u017cne naklejki Alfano<br \/>\n<strong>(Sondy temperatury nale\u017cy zakupi\u0107 oddzielnie)<\/strong><\/p>","protected":false},"excerpt":{"rendered":"<p>NOWO\u015a\u0106 ALFANO 7 2T (mo\u017cliwo\u015b\u0107 monta\u017cu dw\u00f3ch sond temperatury bez potrzeby rozbudowy) ALFANO 7, tak pot\u0119\u017cny, tak zoptymalizowany, tak PRO ALFANO 7 jest teraz wyposa\u017cony w...<\/p>","protected":false},"featured_media":23542,"template":"","meta":[],"product_brand":[],"product_cat":[2675,335],"product_tag":[3356,3357,2280,2035,2032,2034,2033,2013,1728,142,2012,1344,2030,2031,81,2014],"class_list":{"0":"post-23538","1":"product","2":"type-product","3":"status-publish","4":"has-post-thumbnail","6":"product_cat-alfano","7":"product_cat-telemetrieapristroje","8":"product_tag-alfano-7","9":"product_tag-alfano-7-2t","10":"product_tag-alfano-ads-mag-telemetry-laptimer","11":"product_tag-alfano-karting","12":"product_tag-alfano-laptimer","13":"product_tag-alfano-motokary","14":"product_tag-alfano-telemetria","15":"product_tag-casomiera-na-motokaru","16":"product_tag-kart-shop","17":"product_tag-karting","18":"product_tag-karting-motokary","19":"product_tag-karting-shop","20":"product_tag-laptimer","21":"product_tag-laptimer-alfano","22":"product_tag-motokary","23":"product_tag-telemetria-na-motokaru","25":"first","26":"onbackorder","27":"taxable","28":"shipping-taxable","29":"purchasable","30":"product-type-simple","31":"customify-col","32":"product-has-gallery"},"aioseo_notices":[],"_links":{"self":[{"href":"https:\/\/motokary-karting.sk\/pl\/wp-json\/wp\/v2\/product\/23538","targetHints":{"allow":["GET"]}}],"collection":[{"href":"https:\/\/motokary-karting.sk\/pl\/wp-json\/wp\/v2\/product"}],"about":[{"href":"https:\/\/motokary-karting.sk\/pl\/wp-json\/wp\/v2\/types\/product"}],"wp:featuredmedia":[{"embeddable":true,"href":"https:\/\/motokary-karting.sk\/pl\/wp-json\/wp\/v2\/media\/23542"}],"wp:attachment":[{"href":"https:\/\/motokary-karting.sk\/pl\/wp-json\/wp\/v2\/media?parent=23538"}],"wp:term":[{"taxonomy":"product_brand","embeddable":true,"href":"https:\/\/motokary-karting.sk\/pl\/wp-json\/wp\/v2\/product_brand?post=23538"},{"taxonomy":"product_cat","embeddable":true,"href":"https:\/\/motokary-karting.sk\/pl\/wp-json\/wp\/v2\/product_cat?post=23538"},{"taxonomy":"product_tag","embeddable":true,"href":"https:\/\/motokary-karting.sk\/pl\/wp-json\/wp\/v2\/product_tag?post=23538"}],"curies":[{"name":"wp","href":"https:\/\/api.w.org\/{rel}","templated":true}]}}