{"id":23944,"date":"2024-09-05T13:41:42","date_gmt":"2024-09-05T13:41:42","guid":{"rendered":"https:\/\/motokary-karting.sk\/?post_type=product&#038;p=23944"},"modified":"2026-02-11T10:35:46","modified_gmt":"2026-02-11T10:35:46","slug":"kask-zamp-carbon-zr90","status":"publish","type":"product","link":"https:\/\/motokary-karting.sk\/pl\/produkt\/zamp-prilba-carbon-zr90\/","title":{"rendered":"Kask ZAMP CARBON ZR90"},"content":{"rendered":"<p>Zupe\u0142nie nowy w 2024 roku model ZR-90 posiada certyfikat FIA 8860-2018 i jest wyposa\u017cony w najnowocze\u015bniejsz\u0105 technologi\u0119 Autoclave Carbon. Ta superlekka skorupa, u\u017cywana ju\u017c przez czo\u0142owych zawodnik\u00f3w w Europie i na ca\u0142ym \u015bwiecie, oferuje wra\u017cenia wy\u015bcigowe niespotykane w \u017cadnym innym kasku.<\/p>\n<p>Mi\u0119dzynarodowe sporty motorowe zwykle wymagaj\u0105 homologacji FIA 8860-2018, ale je\u015bli te kaski o wy\u017cszej specyfikacji mieszcz\u0105 si\u0119 w bud\u017cecie wy\u015bcigowym, zawsze polecamy je ze wzgl\u0119du na oszcz\u0119dno\u015b\u0107 wagi, bezpiecze\u0144stwo i og\u00f3ln\u0105 wydajno\u015b\u0107.<\/p>\n<p>ZR 90 ma charakterystyczn\u0105 konstrukcj\u0119, kt\u00f3ra wykorzystuje najmniejsz\u0105 i najw\u0119\u017csz\u0105 skorup\u0119, aby stworzy\u0107 elegancki i aerodynamiczny kask. W po\u0142\u0105czeniu z lekkim w\u0142\u00f3knem w\u0119glowym zapewnia to mocne i stabilne wra\u017cenia z jazdy nawet przy du\u017cych si\u0142ach G.<\/p>\n<p>Model ZR 90 ma r\u00f3wnie\u017c wymienne wewn\u0119trzne wy\u015bci\u00f3\u0142ki, wk\u0142adki M6 do zag\u0142\u00f3wk\u00f3w i szyi oraz przezroczyst\u0105 os\u0142on\u0119 przeciwmgieln\u0105 Z-24.<\/p>\n<p><strong>FIA 8860-2018<\/strong><\/p>","protected":false},"excerpt":{"rendered":"<p>Zupe\u0142nie nowy w 2024 roku model ZR-90 posiada certyfikat FIA 8860-2018 i jest wyposa\u017cony w najnowocze\u015bniejsz\u0105 technologi\u0119 Autoclave Carbon. Ta superlekka pow\u0142oka, u\u017cywana ju\u017c przez czo\u0142owych zawodnik\u00f3w...<\/p>","protected":false},"featured_media":23954,"template":"","meta":[],"product_brand":[],"product_cat":[21,18,3342],"product_tag":[142,1344,3343,977,984,81,3344,985,3347,3345,3346],"class_list":{"0":"post-23944","1":"product","2":"type-product","3":"status-publish","4":"has-post-thumbnail","6":"product_cat-prilby","7":"product_cat-vybava-pretekara","8":"product_cat-zamp-helmets","9":"product_tag-karting","10":"product_tag-karting-shop","11":"product_tag-kartingova-prilba","12":"product_tag-lewis-hamilton","13":"product_tag-motokarova-prilba","14":"product_tag-motokary","15":"product_tag-prilba-na-karting","16":"product_tag-prilba-na-motokary","17":"product_tag-prilba-zamp","18":"product_tag-zamp-helmets","19":"product_tag-zamp-prilby","21":"first","22":"onbackorder","23":"sale","24":"taxable","25":"shipping-taxable","26":"purchasable","27":"product-type-variable","28":"customify-col","29":"product-has-gallery"},"aioseo_notices":[],"_links":{"self":[{"href":"https:\/\/motokary-karting.sk\/pl\/wp-json\/wp\/v2\/product\/23944","targetHints":{"allow":["GET"]}}],"collection":[{"href":"https:\/\/motokary-karting.sk\/pl\/wp-json\/wp\/v2\/product"}],"about":[{"href":"https:\/\/motokary-karting.sk\/pl\/wp-json\/wp\/v2\/types\/product"}],"wp:featuredmedia":[{"embeddable":true,"href":"https:\/\/motokary-karting.sk\/pl\/wp-json\/wp\/v2\/media\/23954"}],"wp:attachment":[{"href":"https:\/\/motokary-karting.sk\/pl\/wp-json\/wp\/v2\/media?parent=23944"}],"wp:term":[{"taxonomy":"product_brand","embeddable":true,"href":"https:\/\/motokary-karting.sk\/pl\/wp-json\/wp\/v2\/product_brand?post=23944"},{"taxonomy":"product_cat","embeddable":true,"href":"https:\/\/motokary-karting.sk\/pl\/wp-json\/wp\/v2\/product_cat?post=23944"},{"taxonomy":"product_tag","embeddable":true,"href":"https:\/\/motokary-karting.sk\/pl\/wp-json\/wp\/v2\/product_tag?post=23944"}],"curies":[{"name":"wp","href":"https:\/\/api.w.org\/{rel}","templated":true}]}}