{"id":23960,"date":"2024-09-06T12:22:27","date_gmt":"2024-09-06T12:22:27","guid":{"rendered":"https:\/\/motokary-karting.sk\/?post_type=product&#038;p=23960"},"modified":"2026-03-22T11:02:36","modified_gmt":"2026-03-22T11:02:36","slug":"laserowy-aligner-do-przecinarki-lancuchowej-typu-219","status":"publish","type":"product","link":"https:\/\/motokary-karting.sk\/pl\/produkt\/laserovyz-zarovnavac-retaze-na-retaz-typu-219\/","title":{"rendered":"Laserowy aligner \u0142a\u0144cucha"},"content":{"rendered":"<p>Idealne ustawienie \u0142a\u0144cuch\u00f3w i k\u00f3\u0142 z\u0119batych zapewnia d\u0142ug\u0105 \u017cywotno\u015b\u0107 podzespo\u0142\u00f3w, zapobiega awariom \u0142a\u0144cuch\u00f3w i zmniejsza op\u00f3r mocy.<br \/>\nNiezb\u0119dne narz\u0119dzie dla ka\u017cdego kierowcy: najszybszy i naj\u0142atwiejszy spos\u00f3b regulacji bieg\u00f3w.<br \/>\nWystarczy przypi\u0105\u0107 narz\u0119dzie do tylnej z\u0119batki, w\u0142\u0105czy\u0107 je, a na przedniej z\u0119batce pojawi si\u0119 laserowy punkt.<\/p>","protected":false},"excerpt":{"rendered":"<p>Idealne wyr\u00f3wnanie \u0142a\u0144cuch\u00f3w i k\u00f3\u0142 \u0142a\u0144cuchowych zapewnia trwa\u0142o\u015b\u0107 podzespo\u0142\u00f3w, zapobiega awariom \u0142a\u0144cuch\u00f3w i zmniejsza op\u00f3r podczas jazdy. Niezb\u0119dne narz\u0119dzie do...<\/p>","protected":false},"featured_media":28497,"template":"","meta":[],"product_brand":[],"product_cat":[3350,58],"product_tag":[142,81,572,573,574],"class_list":{"0":"post-23960","1":"product","2":"type-product","3":"status-publish","4":"has-post-thumbnail","6":"product_cat-pripravky","7":"product_cat-vybava-do-garaze","8":"product_tag-karting","9":"product_tag-motokary","10":"product_tag-puller","11":"product_tag-puller-for-chain","12":"product_tag-puller-for-chain-219","14":"first","15":"onbackorder","16":"taxable","17":"shipping-taxable","18":"purchasable","19":"product-type-variable","20":"customify-col"},"aioseo_notices":[],"_links":{"self":[{"href":"https:\/\/motokary-karting.sk\/pl\/wp-json\/wp\/v2\/product\/23960","targetHints":{"allow":["GET"]}}],"collection":[{"href":"https:\/\/motokary-karting.sk\/pl\/wp-json\/wp\/v2\/product"}],"about":[{"href":"https:\/\/motokary-karting.sk\/pl\/wp-json\/wp\/v2\/types\/product"}],"wp:featuredmedia":[{"embeddable":true,"href":"https:\/\/motokary-karting.sk\/pl\/wp-json\/wp\/v2\/media\/28497"}],"wp:attachment":[{"href":"https:\/\/motokary-karting.sk\/pl\/wp-json\/wp\/v2\/media?parent=23960"}],"wp:term":[{"taxonomy":"product_brand","embeddable":true,"href":"https:\/\/motokary-karting.sk\/pl\/wp-json\/wp\/v2\/product_brand?post=23960"},{"taxonomy":"product_cat","embeddable":true,"href":"https:\/\/motokary-karting.sk\/pl\/wp-json\/wp\/v2\/product_cat?post=23960"},{"taxonomy":"product_tag","embeddable":true,"href":"https:\/\/motokary-karting.sk\/pl\/wp-json\/wp\/v2\/product_tag?post=23960"}],"curies":[{"name":"wp","href":"https:\/\/api.w.org\/{rel}","templated":true}]}}