{"id":24011,"date":"2024-09-16T12:24:33","date_gmt":"2024-09-16T12:24:33","guid":{"rendered":"https:\/\/motokary-karting.sk\/?post_type=product&#038;p=24011"},"modified":"2026-03-27T11:06:06","modified_gmt":"2026-03-27T11:06:06","slug":"spojler-gorny-zamp-do-gornego-otworu-wentylacyjnego-kasku","status":"publish","type":"product","link":"https:\/\/motokary-karting.sk\/pl\/produkt\/zamp-horny-spojler-na-prilbu-top-vent\/","title":{"rendered":"G\u00f3rny spojler kasku ZAMP - TOP VENT"},"content":{"rendered":"<p>Top Vent Scoop Clear mo\u017cna zamontowa\u0107 we wszystkich kaskach RZ z serii Zamp wyposa\u017conych w g\u00f3rny system wentylacji. Ta lekka i \u0142atwa w monta\u017cu g\u00f3rna miarka mo\u017ce by\u0107 zakupiona z zatyczk\u0105 lub bez, aby zapobiec przedostawaniu si\u0119 powietrza i wody do kasku.<\/p>\n<p>&nbsp;<\/p>\n<p>Je\u015bli nie masz pewno\u015bci, czy Tw\u00f3j kask jest kompatybilny z Top Vent Scoop, skontaktuj si\u0119 z cz\u0142onkiem zespo\u0142u, a my wyja\u015bnimy.<\/p>","protected":false},"excerpt":{"rendered":"<p>Top Vent Scoop Clear mo\u017cna zamontowa\u0107 we wszystkich kaskach RZ z serii Zamp, kt\u00f3re s\u0105 wyposa\u017cone w g\u00f3rny system wentylacji. Ten lekki i \u0142atwy w monta\u017cu...<\/p>","protected":false},"featured_media":24012,"template":"","meta":[],"product_brand":[],"product_cat":[18,3348],"product_tag":[142,1344,81,1670,1669,2939,2940],"class_list":{"0":"post-24011","1":"product","2":"type-product","3":"status-publish","4":"has-post-thumbnail","6":"product_cat-vybava-pretekara","7":"product_cat-zamp-prislusenstvo","8":"product_tag-karting","9":"product_tag-karting-shop","10":"product_tag-motokary","11":"product_tag-prilba-stilo","12":"product_tag-stilo-prilby","13":"product_tag-stilo-zadny-spojler","14":"product_tag-zadny-spojler-stilo","16":"first","17":"onbackorder","18":"taxable","19":"shipping-taxable","20":"purchasable","21":"product-type-simple","22":"customify-col"},"aioseo_notices":[],"_links":{"self":[{"href":"https:\/\/motokary-karting.sk\/pl\/wp-json\/wp\/v2\/product\/24011","targetHints":{"allow":["GET"]}}],"collection":[{"href":"https:\/\/motokary-karting.sk\/pl\/wp-json\/wp\/v2\/product"}],"about":[{"href":"https:\/\/motokary-karting.sk\/pl\/wp-json\/wp\/v2\/types\/product"}],"wp:featuredmedia":[{"embeddable":true,"href":"https:\/\/motokary-karting.sk\/pl\/wp-json\/wp\/v2\/media\/24012"}],"wp:attachment":[{"href":"https:\/\/motokary-karting.sk\/pl\/wp-json\/wp\/v2\/media?parent=24011"}],"wp:term":[{"taxonomy":"product_brand","embeddable":true,"href":"https:\/\/motokary-karting.sk\/pl\/wp-json\/wp\/v2\/product_brand?post=24011"},{"taxonomy":"product_cat","embeddable":true,"href":"https:\/\/motokary-karting.sk\/pl\/wp-json\/wp\/v2\/product_cat?post=24011"},{"taxonomy":"product_tag","embeddable":true,"href":"https:\/\/motokary-karting.sk\/pl\/wp-json\/wp\/v2\/product_tag?post=24011"}],"curies":[{"name":"wp","href":"https:\/\/api.w.org\/{rel}","templated":true}]}}