{"id":24542,"date":"2024-11-14T10:00:01","date_gmt":"2024-11-14T10:00:01","guid":{"rendered":"https:\/\/motokary-karting.sk\/?post_type=product&#038;p=24542"},"modified":"2026-02-24T15:10:05","modified_gmt":"2026-02-24T15:10:05","slug":"kombinezon-alpinestars-kmx9-v3-graph-5","status":"publish","type":"product","link":"https:\/\/motokary-karting.sk\/pl\/produkt\/alpinestars-kombineza-kmx9-v3-graph-5\/","title":{"rendered":"Kombinezon Alpinestars KMX9 v3 Graph 5"},"content":{"rendered":"<p>Wersja graficzna jest wyposa\u017cona w te same funkcje co KMX9 v3 i jest dost\u0119pna w dw\u00f3ch sportowych i nowoczesnych wzorach. Zaprojektowany z my\u015bl\u0105 o trwa\u0142o\u015bci, minimalnym marszczeniu materia\u0142u i odporno\u015bci na \u015bcieranie, kombinezon zapewnia komfort, elastyczno\u015b\u0107 i odprowadzanie wilgoci. Homologacja FIA 8877-2022.<\/p>","protected":false},"excerpt":{"rendered":"<p>Wersja graficzna jest wyposa\u017cona w te same funkcje, co KMX9 v3 i jest dost\u0119pna w dw\u00f3ch sportowych i nowoczesnych wzorach. Kombinezon zosta\u0142 zaprojektowany z my\u015bl\u0105 o trwa\u0142o\u015bci, minimalnym marszczeniu materia\u0142u...<\/p>","protected":false},"featured_media":24567,"template":"","meta":[],"product_brand":[],"product_cat":[84,22,18],"product_tag":[2834,2832,3264,142,2833,2658,482,1258,81,2088],"class_list":{"0":"post-24542","1":"product","2":"type-product","3":"status-publish","4":"has-post-thumbnail","6":"product_cat-alpinestars-kombinezy","7":"product_cat-kombinezy","8":"product_cat-vybava-pretekara","9":"product_tag-alpinestars-kmx9-v2-graph3","10":"product_tag-alpinestars-kombineza-kmx5","11":"product_tag-alpinetars-graph-2","12":"product_tag-karting","13":"product_tag-karting-alpinestars","14":"product_tag-karting-pezinok","15":"product_tag-kombineza-na-motokary","16":"product_tag-motokarova-kombineza","17":"product_tag-motokary","18":"product_tag-overal-na-motokaru","20":"first","21":"instock","22":"taxable","23":"shipping-taxable","24":"purchasable","25":"product-type-variable","26":"customify-col","27":"product-has-gallery"},"aioseo_notices":[],"_links":{"self":[{"href":"https:\/\/motokary-karting.sk\/pl\/wp-json\/wp\/v2\/product\/24542","targetHints":{"allow":["GET"]}}],"collection":[{"href":"https:\/\/motokary-karting.sk\/pl\/wp-json\/wp\/v2\/product"}],"about":[{"href":"https:\/\/motokary-karting.sk\/pl\/wp-json\/wp\/v2\/types\/product"}],"wp:featuredmedia":[{"embeddable":true,"href":"https:\/\/motokary-karting.sk\/pl\/wp-json\/wp\/v2\/media\/24567"}],"wp:attachment":[{"href":"https:\/\/motokary-karting.sk\/pl\/wp-json\/wp\/v2\/media?parent=24542"}],"wp:term":[{"taxonomy":"product_brand","embeddable":true,"href":"https:\/\/motokary-karting.sk\/pl\/wp-json\/wp\/v2\/product_brand?post=24542"},{"taxonomy":"product_cat","embeddable":true,"href":"https:\/\/motokary-karting.sk\/pl\/wp-json\/wp\/v2\/product_cat?post=24542"},{"taxonomy":"product_tag","embeddable":true,"href":"https:\/\/motokary-karting.sk\/pl\/wp-json\/wp\/v2\/product_tag?post=24542"}],"curies":[{"name":"wp","href":"https:\/\/api.w.org\/{rel}","templated":true}]}}