{"id":24626,"date":"2024-11-30T09:28:25","date_gmt":"2024-11-30T09:28:25","guid":{"rendered":"https:\/\/motokary-karting.sk\/?post_type=product&#038;p=24626"},"modified":"2026-02-11T10:52:26","modified_gmt":"2026-02-11T10:52:26","slug":"rekawice-alpinestars-tech-1k-v3","status":"publish","type":"product","link":"https:\/\/motokary-karting.sk\/pl\/produkt\/alpinestars-rukavice-tech-1k-v3\/","title":{"rendered":"Alpinestars R\u0119kawice Tech 1K v3"},"content":{"rendered":"<p>Alpinestars TECH 1K v3 zosta\u0142 specjalnie opracowany, aby zaoferowa\u0107 kierowcom gokart\u00f3w wyj\u0105tkowo lekkie i aerodynamiczne r\u0119kawice o wyj\u0105tkowych w\u0142a\u015bciwo\u015bciach pod wzgl\u0119dem komfortu i wra\u017ce\u0144 z jazdy.<\/p>\n<p>Design r\u0119kawic zachwyca przede wszystkim charakterystyczn\u0105, sublimowan\u0105 grafik\u0105. Dzi\u0119ki dwuwarstwowemu, 4-kierunkowo rozci\u0105gliwemu materia\u0142owi i ergonomicznie wyci\u0119temu silikonowemu uchwytowi gwarantuj\u0105 doskona\u0142y komfort, przyczepno\u015b\u0107 i mobilno\u015b\u0107.<\/p>\n<p>Zatwierdzony zgodnie z najnowszym standardem bezpiecze\u0144stwa FIA8877-2022 dla gokart\u00f3w.<\/p>","protected":false},"excerpt":{"rendered":"<p>Alpinestars TECH 1K v3 zosta\u0142y specjalnie opracowane, aby zaoferowa\u0107 kierowcom gokart\u00f3w wyj\u0105tkowo lekkie i aerodynamiczne r\u0119kawice o wyj\u0105tkowym komforcie i...<\/p>","protected":false},"featured_media":24804,"template":"","meta":[],"product_brand":[],"product_cat":[82,15,18],"product_tag":[2797,2795,1845,2647,1344,2657,1084,81,2796,1455],"class_list":{"0":"post-24626","1":"product","2":"type-product","3":"status-publish","4":"has-post-thumbnail","6":"product_cat-alpinestars","7":"product_cat-rukavice","8":"product_cat-vybava-pretekara","9":"product_tag-alpinestars-rukavice","10":"product_tag-alpinestars-rukavice-tech-1kx-v2","11":"product_tag-alpinestars-shop","12":"product_tag-karting-rukavice","13":"product_tag-karting-shop","14":"product_tag-karting-shop-pezinok","15":"product_tag-motokarove-rukavice","16":"product_tag-motokary","17":"product_tag-rukavice-alpinestars","18":"product_tag-rukavice-na-motokaru","20":"first","21":"onbackorder","22":"taxable","23":"shipping-taxable","24":"purchasable","25":"product-type-variable","26":"customify-col","27":"product-has-gallery"},"aioseo_notices":[],"_links":{"self":[{"href":"https:\/\/motokary-karting.sk\/pl\/wp-json\/wp\/v2\/product\/24626","targetHints":{"allow":["GET"]}}],"collection":[{"href":"https:\/\/motokary-karting.sk\/pl\/wp-json\/wp\/v2\/product"}],"about":[{"href":"https:\/\/motokary-karting.sk\/pl\/wp-json\/wp\/v2\/types\/product"}],"wp:featuredmedia":[{"embeddable":true,"href":"https:\/\/motokary-karting.sk\/pl\/wp-json\/wp\/v2\/media\/24804"}],"wp:attachment":[{"href":"https:\/\/motokary-karting.sk\/pl\/wp-json\/wp\/v2\/media?parent=24626"}],"wp:term":[{"taxonomy":"product_brand","embeddable":true,"href":"https:\/\/motokary-karting.sk\/pl\/wp-json\/wp\/v2\/product_brand?post=24626"},{"taxonomy":"product_cat","embeddable":true,"href":"https:\/\/motokary-karting.sk\/pl\/wp-json\/wp\/v2\/product_cat?post=24626"},{"taxonomy":"product_tag","embeddable":true,"href":"https:\/\/motokary-karting.sk\/pl\/wp-json\/wp\/v2\/product_tag?post=24626"}],"curies":[{"name":"wp","href":"https:\/\/api.w.org\/{rel}","templated":true}]}}