{"id":24811,"date":"2024-11-30T09:43:48","date_gmt":"2024-11-30T09:43:48","guid":{"rendered":"https:\/\/motokary-karting.sk\/?post_type=product&#038;p=24811"},"modified":"2026-01-28T18:14:44","modified_gmt":"2026-01-28T18:14:44","slug":"rekawice-alpinestars-tech-1k-race-v2-pure","status":"publish","type":"product","link":"https:\/\/motokary-karting.sk\/pl\/produkt\/alpinestars-rukavice-tech-1k-race-v2-pure\/","title":{"rendered":"Alpinestars R\u0119kawice Tech 1k Race v2 PURE"},"content":{"rendered":"<p>Dzi\u0119ki niewielkiej wadze i elastycznemu materia\u0142owi, TECH 1K RACE v2 zapewnia komfort i wydajno\u015b\u0107 ka\u017cdemu pilotowi gokarta. Wst\u0119pnie ukszta\u0142towana konstrukcja podstawy sprzyja dopasowaniu, jednocze\u015bnie zmniejszaj\u0105c marszczenie materia\u0142u. Nowa, ergonomiczna konstrukcja uchwytu zapewnia lepsze wyczucie, trwa\u0142o\u015b\u0107, mobilno\u015b\u0107 i przyczepno\u015b\u0107. Dost\u0119pne w pi\u0119ciu nowoczesnych wersjach podstawy.<\/p>\n<p>Rozmiary dzieci\u0119ce dost\u0119pne tylko w kolorach czerwonym\/bia\u0142ym, \u017c\u00f3\u0142tym\/szarym<\/p>","protected":false},"excerpt":{"rendered":"<p>Dzi\u0119ki niewielkiej wadze i elastycznemu materia\u0142owi TECH 1K RACE v2 zapewnia komfort i wydajno\u015b\u0107 ka\u017cdemu pilotowi gokarta. Wst\u0119pnie ukszta\u0142towana konstrukcja podstawy u\u0142atwia dopasowanie,...<\/p>","protected":false},"featured_media":24821,"template":"","meta":[],"product_brand":[],"product_cat":[82,15,18],"product_tag":[3268,2797,142,34,1084,2121,81,2796,3267,1083],"class_list":{"0":"post-24811","1":"product","2":"type-product","3":"status-publish","4":"has-post-thumbnail","6":"product_cat-alpinestars","7":"product_cat-rukavice","8":"product_cat-vybava-pretekara","9":"product_tag-alpinestars-one-vision","10":"product_tag-alpinestars-rukavice","11":"product_tag-karting","12":"product_tag-motokara","13":"product_tag-motokarove-rukavice","14":"product_tag-motokarx","15":"product_tag-motokary","16":"product_tag-rukavice-alpinestars","17":"product_tag-rukavice-alpinestars-on-vision","18":"product_tag-rukavice-na-motokary","20":"first","21":"instock","22":"taxable","23":"shipping-taxable","24":"purchasable","25":"product-type-variable","26":"customify-col","27":"product-has-gallery"},"aioseo_notices":[],"_links":{"self":[{"href":"https:\/\/motokary-karting.sk\/pl\/wp-json\/wp\/v2\/product\/24811","targetHints":{"allow":["GET"]}}],"collection":[{"href":"https:\/\/motokary-karting.sk\/pl\/wp-json\/wp\/v2\/product"}],"about":[{"href":"https:\/\/motokary-karting.sk\/pl\/wp-json\/wp\/v2\/types\/product"}],"wp:featuredmedia":[{"embeddable":true,"href":"https:\/\/motokary-karting.sk\/pl\/wp-json\/wp\/v2\/media\/24821"}],"wp:attachment":[{"href":"https:\/\/motokary-karting.sk\/pl\/wp-json\/wp\/v2\/media?parent=24811"}],"wp:term":[{"taxonomy":"product_brand","embeddable":true,"href":"https:\/\/motokary-karting.sk\/pl\/wp-json\/wp\/v2\/product_brand?post=24811"},{"taxonomy":"product_cat","embeddable":true,"href":"https:\/\/motokary-karting.sk\/pl\/wp-json\/wp\/v2\/product_cat?post=24811"},{"taxonomy":"product_tag","embeddable":true,"href":"https:\/\/motokary-karting.sk\/pl\/wp-json\/wp\/v2\/product_tag?post=24811"}],"curies":[{"name":"wp","href":"https:\/\/api.w.org\/{rel}","templated":true}]}}