{"id":24906,"date":"2024-11-30T17:13:10","date_gmt":"2024-11-30T17:13:10","guid":{"rendered":"https:\/\/motokary-karting.sk\/?post_type=product&#038;p=24906"},"modified":"2026-04-27T11:21:35","modified_gmt":"2026-04-27T11:21:35","slug":"rekawice-sparco-rookie-2","status":"publish","type":"product","link":"https:\/\/motokary-karting.sk\/pl\/produkt\/sparco-rukavice-k-rookie\/","title":{"rendered":"R\u0119kawice Sparco K-Rookie"},"content":{"rendered":"<p>K-ROOKIE to niezwykle przyczepne i wygodne r\u0119kawice kartingowe, kt\u00f3re natychmiast przyci\u0105gaj\u0105 wzrok swoim \u015bwie\u017cym designem - i atrakcyjn\u0105 cen\u0105 bazow\u0105. Silikonowe nadruki na d\u0142oniach gwarantuj\u0105 optymaln\u0105 przyczepno\u015b\u0107 i bezpo\u015bredni kontakt z kierownic\u0105. Idealne dopasowanie dzi\u0119ki ultracienkiemu krojowi, elastycznemu materia\u0142owi, elastycznemu paskowi na nadgarstek i p\u0142askim szwom zapewniaj\u0105cym wysoki komfort noszenia.<\/p>","protected":false},"excerpt":{"rendered":"<p>K-ROOKIE to niezwykle przyczepne i wygodne r\u0119kawice kartingowe, kt\u00f3re natychmiast przyci\u0105gaj\u0105 wzrok \u015bwie\u017cym designem - i atrakcyjn\u0105 cen\u0105 bazow\u0105. Silikonowe nadruki na...<\/p>","protected":false},"featured_media":24935,"template":"","meta":[],"product_brand":[],"product_cat":[15,93,18],"product_tag":[142,1344,1084,81,97,83,1083,472,1086,2095,26,1081,2096,3363],"class_list":{"0":"post-24906","1":"product","2":"type-product","3":"status-publish","4":"has-post-thumbnail","6":"product_cat-rukavice","7":"product_cat-sparco","8":"product_cat-vybava-pretekara","9":"product_tag-karting","10":"product_tag-karting-shop","11":"product_tag-motokarove-rukavice","12":"product_tag-motokary","13":"product_tag-record","14":"product_tag-rukavice","15":"product_tag-rukavice-na-motokary","16":"product_tag-rukavice-sparco","17":"product_tag-rukavice-sparco-record","18":"product_tag-rukavice-sparco-roceord","19":"product_tag-sparco","20":"product_tag-sparco-record","21":"product_tag-sparco-record-rukavice","22":"product_tag-sparco-rukaivce-k-rookie","24":"first","25":"instock","26":"taxable","27":"shipping-taxable","28":"purchasable","29":"product-type-variable","30":"customify-col","31":"product-has-gallery"},"aioseo_notices":[],"_links":{"self":[{"href":"https:\/\/motokary-karting.sk\/pl\/wp-json\/wp\/v2\/product\/24906","targetHints":{"allow":["GET"]}}],"collection":[{"href":"https:\/\/motokary-karting.sk\/pl\/wp-json\/wp\/v2\/product"}],"about":[{"href":"https:\/\/motokary-karting.sk\/pl\/wp-json\/wp\/v2\/types\/product"}],"wp:featuredmedia":[{"embeddable":true,"href":"https:\/\/motokary-karting.sk\/pl\/wp-json\/wp\/v2\/media\/24935"}],"wp:attachment":[{"href":"https:\/\/motokary-karting.sk\/pl\/wp-json\/wp\/v2\/media?parent=24906"}],"wp:term":[{"taxonomy":"product_brand","embeddable":true,"href":"https:\/\/motokary-karting.sk\/pl\/wp-json\/wp\/v2\/product_brand?post=24906"},{"taxonomy":"product_cat","embeddable":true,"href":"https:\/\/motokary-karting.sk\/pl\/wp-json\/wp\/v2\/product_cat?post=24906"},{"taxonomy":"product_tag","embeddable":true,"href":"https:\/\/motokary-karting.sk\/pl\/wp-json\/wp\/v2\/product_tag?post=24906"}],"curies":[{"name":"wp","href":"https:\/\/api.w.org\/{rel}","templated":true}]}}