{"id":2494,"date":"2020-08-13T19:13:28","date_gmt":"2020-08-13T19:13:28","guid":{"rendered":"https:\/\/motokary-karting.sk\/?post_type=product&#038;p=2494"},"modified":"2026-01-02T12:14:28","modified_gmt":"2026-01-02T12:14:28","slug":"obudowa-lozyska-tylnej-osi-30-mm","status":"publish","type":"product","link":"https:\/\/motokary-karting.sk\/pl\/produkt\/ulozenie-domec-loziska-pre-zadnu-os-30mm\/","title":{"rendered":"Uk\u0142ad \u0142o\u017cysk (dom) dla tylnej osi 30 mm"},"content":{"rendered":"","protected":false},"excerpt":{"rendered":"<p>Dostawa w ci\u0105gu 7 dni<\/p>","protected":false},"featured_media":2497,"template":"","meta":[],"product_brand":[],"product_cat":[271,668,173,77,368],"product_tag":[316,296,317,677,678,34,679,379],"class_list":{"0":"post-2494","1":"product","2":"type-product","3":"status-publish","4":"has-post-thumbnail","6":"product_cat-nahradne-diely-na-podvozky","7":"product_cat-o-30mm-zadne-osi-prislusenstvo","8":"product_cat-podvozky-nahradne-diely","9":"product_cat-rental-karting","10":"product_cat-zadne-osi-prislusenstvo","11":"product_tag-domec","12":"product_tag-domec-loziska","13":"product_tag-housing","14":"product_tag-housing-for-axle-bearing","15":"product_tag-housing-for-bearing","16":"product_tag-motokara","17":"product_tag-ulozeni-loziska","18":"product_tag-ulozenie-loziska","20":"first","21":"instock","22":"taxable","23":"shipping-taxable","24":"purchasable","25":"product-type-simple","26":"customify-col","27":"product-has-gallery"},"aioseo_notices":[],"_links":{"self":[{"href":"https:\/\/motokary-karting.sk\/pl\/wp-json\/wp\/v2\/product\/2494","targetHints":{"allow":["GET"]}}],"collection":[{"href":"https:\/\/motokary-karting.sk\/pl\/wp-json\/wp\/v2\/product"}],"about":[{"href":"https:\/\/motokary-karting.sk\/pl\/wp-json\/wp\/v2\/types\/product"}],"wp:featuredmedia":[{"embeddable":true,"href":"https:\/\/motokary-karting.sk\/pl\/wp-json\/wp\/v2\/media\/2497"}],"wp:attachment":[{"href":"https:\/\/motokary-karting.sk\/pl\/wp-json\/wp\/v2\/media?parent=2494"}],"wp:term":[{"taxonomy":"product_brand","embeddable":true,"href":"https:\/\/motokary-karting.sk\/pl\/wp-json\/wp\/v2\/product_brand?post=2494"},{"taxonomy":"product_cat","embeddable":true,"href":"https:\/\/motokary-karting.sk\/pl\/wp-json\/wp\/v2\/product_cat?post=2494"},{"taxonomy":"product_tag","embeddable":true,"href":"https:\/\/motokary-karting.sk\/pl\/wp-json\/wp\/v2\/product_tag?post=2494"}],"curies":[{"name":"wp","href":"https:\/\/api.w.org\/{rel}","templated":true}]}}