{"id":24977,"date":"2024-11-30T15:37:21","date_gmt":"2024-11-30T15:37:21","guid":{"rendered":"https:\/\/motokary-karting.sk\/?post_type=product&#038;p=24977"},"modified":"2026-04-07T09:34:20","modified_gmt":"2026-04-07T09:34:20","slug":"rekawice-sparco-arrow","status":"publish","type":"product","link":"https:\/\/motokary-karting.sk\/pl\/produkt\/sparco-rukavice-k-arrow\/","title":{"rendered":"R\u0119kawice Sparco K-ARROW+"},"content":{"rendered":"<p>R\u0119kawice kartingowe Sparco K-ARROW+ to rozwini\u0119ta wersja popularnych r\u0119kawic Sparco Arrow K, teraz homologowana zgodnie z najnowszym standardem kartingowym FIA 8877-2022. Dzi\u0119ki cz\u0119\u015bciowej pow\u0142oce Sparco HTX we wst\u0119pnie ukszta\u0142towanej d\u0142oni, r\u0119kawice zapewniaj\u0105 optymaln\u0105 przyczepno\u015b\u0107 na kierownicy. Niezwykle oddychaj\u0105cy materia\u0142 wierzchni wykonany z perforowanej tkaniny o strukturze plastra miodu gwarantuje wysoki poziom komfortu, a zewn\u0119trzne szwy i elastyczny materia\u0142 na grzbiecie d\u0142oni zapewniaj\u0105 idealne dopasowanie i dodatkowy komfort.<\/p>\n<p>Norma FIA: 8877-2022<\/p>","protected":false},"excerpt":{"rendered":"<p>R\u0119kawice kartingowe Sparco K-ARROW+ to rozwini\u0119ta wersja popularnych r\u0119kawic Sparco Arrow K, teraz homologowana zgodnie z najnowsz\u0105 norm\u0105 kartingow\u0105 FIA 8877-2022. Dzi\u0119ki cz\u0119\u015bciowej...<\/p>","protected":false},"featured_media":25010,"template":"","meta":[],"product_brand":[],"product_cat":[15,93,18],"product_tag":[3446,3445,3443,142,1344,1084,81,97,83,1083,3444,472,1086,2095,26,2772,2773,3364,1081,2096],"class_list":{"0":"post-24977","1":"product","2":"type-product","3":"status-publish","4":"has-post-thumbnail","6":"product_cat-rukavice","7":"product_cat-sparco","8":"product_cat-vybava-pretekara","9":"product_tag-fia-cik-rukavice","10":"product_tag-fia-rukavice","11":"product_tag-homologovane-rukavice","12":"product_tag-karting","13":"product_tag-karting-shop","14":"product_tag-motokarove-rukavice","15":"product_tag-motokary","16":"product_tag-record","17":"product_tag-rukavice","18":"product_tag-rukavice-na-motokary","19":"product_tag-rukavice-na-motokary-cik-fia","20":"product_tag-rukavice-sparco","21":"product_tag-rukavice-sparco-record","22":"product_tag-rukavice-sparco-roceord","23":"product_tag-sparco","24":"product_tag-sparco-arrow-k","25":"product_tag-sparco-arrow-k-rukavice","26":"product_tag-sparco-k-arrow","27":"product_tag-sparco-record","28":"product_tag-sparco-record-rukavice","30":"first","31":"instock","32":"taxable","33":"shipping-taxable","34":"purchasable","35":"product-type-variable","36":"customify-col","37":"product-has-gallery"},"aioseo_notices":[],"_links":{"self":[{"href":"https:\/\/motokary-karting.sk\/pl\/wp-json\/wp\/v2\/product\/24977","targetHints":{"allow":["GET"]}}],"collection":[{"href":"https:\/\/motokary-karting.sk\/pl\/wp-json\/wp\/v2\/product"}],"about":[{"href":"https:\/\/motokary-karting.sk\/pl\/wp-json\/wp\/v2\/types\/product"}],"wp:featuredmedia":[{"embeddable":true,"href":"https:\/\/motokary-karting.sk\/pl\/wp-json\/wp\/v2\/media\/25010"}],"wp:attachment":[{"href":"https:\/\/motokary-karting.sk\/pl\/wp-json\/wp\/v2\/media?parent=24977"}],"wp:term":[{"taxonomy":"product_brand","embeddable":true,"href":"https:\/\/motokary-karting.sk\/pl\/wp-json\/wp\/v2\/product_brand?post=24977"},{"taxonomy":"product_cat","embeddable":true,"href":"https:\/\/motokary-karting.sk\/pl\/wp-json\/wp\/v2\/product_cat?post=24977"},{"taxonomy":"product_tag","embeddable":true,"href":"https:\/\/motokary-karting.sk\/pl\/wp-json\/wp\/v2\/product_tag?post=24977"}],"curies":[{"name":"wp","href":"https:\/\/api.w.org\/{rel}","templated":true}]}}