{"id":25047,"date":"2024-11-30T11:59:49","date_gmt":"2024-11-30T11:59:49","guid":{"rendered":"https:\/\/motokary-karting.sk\/?post_type=product&#038;p=25047"},"modified":"2026-02-11T10:51:42","modified_gmt":"2026-02-11T10:51:42","slug":"rekawice-sparco-tide","status":"publish","type":"product","link":"https:\/\/motokary-karting.sk\/pl\/produkt\/sparco-rukavice-k-tide\/","title":{"rendered":"R\u0119kawice Sparco K-TIDE"},"content":{"rendered":"<p>R\u0119kawice kartingowe Sparco K-TIDE+ s\u0105 kartingow\u0105 wersj\u0105 ognioodpornych r\u0119kawic wy\u015bcigowych TIDE i spe\u0142niaj\u0105 najnowszy standard kartingowy FIA 8877-2022. Dzi\u0119ki ergonomicznie ukszta\u0142towanej d\u0142oni i zewn\u0119trznym szwom r\u0119kawice idealnie pasuj\u0105 i zapewniaj\u0105 wysoki komfort. Dzi\u0119ki innowacyjnej pow\u0142oce wewn\u0119trznej powierzchni z nowego materia\u0142u HTX-3D, r\u0119kawice kartingowe K-TIDE+ poch\u0142aniaj\u0105 wstrz\u0105sy i wibracje na kierownicy. Drobne wypustki w kszta\u0142cie wulkanu zapewniaj\u0105 doskona\u0142\u0105 przyczepno\u015b\u0107 i najlepsz\u0105 amortyzacj\u0119. Dzi\u0119ki dynamicznemu designowi r\u0119kawice wizualnie stanowi\u0105 idealne wyko\u0144czenie kombinezonu.<\/p>\n<p>Norma FIA: 8877-2022<\/p>","protected":false},"excerpt":{"rendered":"<p>R\u0119kawice kartingowe Sparco K-TIDE+ s\u0105 kartingow\u0105 wersj\u0105 ognioodpornych r\u0119kawic wy\u015bcigowych TIDE i spe\u0142niaj\u0105 najnowszy standard kartingowy FIA 8877-2022. Wyposa\u017cone w ergonomicznie ukszta\u0142towan\u0105 d\u0142o\u0144 i...<\/p>","protected":false},"featured_media":25102,"template":"","meta":[],"product_brand":[],"product_cat":[15,93,18],"product_tag":[142,1090,1344,1084,81,83,1083,472,1088,26,1089,1087],"class_list":{"0":"post-25047","1":"product","2":"type-product","3":"status-publish","4":"has-post-thumbnail","6":"product_cat-rukavice","7":"product_cat-sparco","8":"product_cat-vybava-pretekara","9":"product_tag-karting","10":"product_tag-karting-glooves","11":"product_tag-karting-shop","12":"product_tag-motokarove-rukavice","13":"product_tag-motokary","14":"product_tag-rukavice","15":"product_tag-rukavice-na-motokary","16":"product_tag-rukavice-sparco","17":"product_tag-rukavice-sparco-tide-k","18":"product_tag-sparco","19":"product_tag-sparco-tide-k","20":"product_tag-tide-k","22":"first","23":"onbackorder","24":"taxable","25":"shipping-taxable","26":"purchasable","27":"product-type-variable","28":"customify-col","29":"product-has-gallery"},"aioseo_notices":[],"_links":{"self":[{"href":"https:\/\/motokary-karting.sk\/pl\/wp-json\/wp\/v2\/product\/25047","targetHints":{"allow":["GET"]}}],"collection":[{"href":"https:\/\/motokary-karting.sk\/pl\/wp-json\/wp\/v2\/product"}],"about":[{"href":"https:\/\/motokary-karting.sk\/pl\/wp-json\/wp\/v2\/types\/product"}],"wp:featuredmedia":[{"embeddable":true,"href":"https:\/\/motokary-karting.sk\/pl\/wp-json\/wp\/v2\/media\/25102"}],"wp:attachment":[{"href":"https:\/\/motokary-karting.sk\/pl\/wp-json\/wp\/v2\/media?parent=25047"}],"wp:term":[{"taxonomy":"product_brand","embeddable":true,"href":"https:\/\/motokary-karting.sk\/pl\/wp-json\/wp\/v2\/product_brand?post=25047"},{"taxonomy":"product_cat","embeddable":true,"href":"https:\/\/motokary-karting.sk\/pl\/wp-json\/wp\/v2\/product_cat?post=25047"},{"taxonomy":"product_tag","embeddable":true,"href":"https:\/\/motokary-karting.sk\/pl\/wp-json\/wp\/v2\/product_tag?post=25047"}],"curies":[{"name":"wp","href":"https:\/\/api.w.org\/{rel}","templated":true}]}}