{"id":25103,"date":"2024-11-30T17:19:44","date_gmt":"2024-11-30T17:19:44","guid":{"rendered":"https:\/\/motokary-karting.sk\/?post_type=product&#038;p=25103"},"modified":"2026-04-13T10:24:45","modified_gmt":"2026-04-13T10:24:45","slug":"rekawice-sparco-k-attack","status":"publish","type":"product","link":"https:\/\/motokary-karting.sk\/pl\/produkt\/sparco-rukavice-k-attack\/","title":{"rendered":"R\u0119kawice Sparco K-Attack"},"content":{"rendered":"<p>R\u0119kawice gokartowe Sparco K-ATTACK przyci\u0105gaj\u0105 \u015bwie\u017cym, stylowym designem, kt\u00f3ry natychmiast przyci\u0105ga wzrok na ka\u017cdym torze gokartowym. Opr\u00f3cz nowoczesnego wygl\u0105du, oferuj\u0105 r\u00f3wnie\u017c ekskluzywne funkcje: Minimalna konstrukcja zewn\u0119trznych szw\u00f3w i wst\u0119pnie uformowana struktura palc\u00f3w zapewniaj\u0105 idealne dopasowanie i zmniejszaj\u0105 oznaki zm\u0119czenia. Innowacyjna struktura profilu 3D z silikonu na d\u0142oni zapewnia doskona\u0142\u0105 przyczepno\u015b\u0107 i precyzyjn\u0105 czu\u0142o\u015b\u0107 sterowania.<\/p>","protected":false},"excerpt":{"rendered":"<p>R\u0119kawice kartingowe Sparco K-ATTACK zachwycaj\u0105 \u015bwie\u017cym, stylowym wygl\u0105dem, kt\u00f3ry natychmiast przyci\u0105ga wzrok na ka\u017cdym torze kartingowym. Opr\u00f3cz nowoczesnego wygl\u0105du oferuj\u0105 r\u00f3wnie\u017c ekskluzywne funkcje.<\/p>","protected":false},"featured_media":25134,"template":"","meta":[],"product_brand":[],"product_cat":[15,93,18],"product_tag":[142,1344,1084,81,97,83,1083,472,1086,2095,26,3365,1081,2096],"class_list":{"0":"post-25103","1":"product","2":"type-product","3":"status-publish","4":"has-post-thumbnail","6":"product_cat-rukavice","7":"product_cat-sparco","8":"product_cat-vybava-pretekara","9":"product_tag-karting","10":"product_tag-karting-shop","11":"product_tag-motokarove-rukavice","12":"product_tag-motokary","13":"product_tag-record","14":"product_tag-rukavice","15":"product_tag-rukavice-na-motokary","16":"product_tag-rukavice-sparco","17":"product_tag-rukavice-sparco-record","18":"product_tag-rukavice-sparco-roceord","19":"product_tag-sparco","20":"product_tag-sparco-k-attack","21":"product_tag-sparco-record","22":"product_tag-sparco-record-rukavice","24":"first","25":"instock","26":"taxable","27":"shipping-taxable","28":"purchasable","29":"product-type-variable","30":"customify-col","31":"product-has-gallery"},"aioseo_notices":[],"_links":{"self":[{"href":"https:\/\/motokary-karting.sk\/pl\/wp-json\/wp\/v2\/product\/25103","targetHints":{"allow":["GET"]}}],"collection":[{"href":"https:\/\/motokary-karting.sk\/pl\/wp-json\/wp\/v2\/product"}],"about":[{"href":"https:\/\/motokary-karting.sk\/pl\/wp-json\/wp\/v2\/types\/product"}],"wp:featuredmedia":[{"embeddable":true,"href":"https:\/\/motokary-karting.sk\/pl\/wp-json\/wp\/v2\/media\/25134"}],"wp:attachment":[{"href":"https:\/\/motokary-karting.sk\/pl\/wp-json\/wp\/v2\/media?parent=25103"}],"wp:term":[{"taxonomy":"product_brand","embeddable":true,"href":"https:\/\/motokary-karting.sk\/pl\/wp-json\/wp\/v2\/product_brand?post=25103"},{"taxonomy":"product_cat","embeddable":true,"href":"https:\/\/motokary-karting.sk\/pl\/wp-json\/wp\/v2\/product_cat?post=25103"},{"taxonomy":"product_tag","embeddable":true,"href":"https:\/\/motokary-karting.sk\/pl\/wp-json\/wp\/v2\/product_tag?post=25103"}],"curies":[{"name":"wp","href":"https:\/\/api.w.org\/{rel}","templated":true}]}}