{"id":25186,"date":"2024-12-01T08:34:22","date_gmt":"2024-12-01T08:34:22","guid":{"rendered":"https:\/\/motokary-karting.sk\/?post_type=product&#038;p=25186"},"modified":"2026-01-28T18:09:50","modified_gmt":"2026-01-28T18:09:50","slug":"rekawice-omp-szt-2-art","status":"publish","type":"product","link":"https:\/\/motokary-karting.sk\/pl\/produkt\/omp-rukavice-ks-2-art\/","title":{"rendered":"R\u0119kawice OMP KS-2 Art"},"content":{"rendered":"<p>Super lekkie r\u0119kawice kartingowe o bezkompromisowo dobrym dopasowaniu. Niezwykle cienki i elastyczny materia\u0142 wierzchni w po\u0142\u0105czeniu ze specjalnymi szwami zewn\u0119trznymi gwarantuje najwy\u017cszy mo\u017cliwy komfort noszenia. Du\u017ce silikonowe nadruki zapewniaj\u0105 optymaln\u0105 przyczepno\u015b\u0107 i bezpo\u015bredni kontakt z kierownic\u0105. R\u0119kawice wizualne KS-2 ART imponuj\u0105 wyj\u0105tkowo wyrafinowanym krojem i nowoczesnymi akcentami kolorystycznymi.<\/p>","protected":false},"excerpt":{"rendered":"<p>Super lekkie r\u0119kawice kartingowe o bezkompromisowo dobrym dopasowaniu. Niezwykle cienki i elastyczny materia\u0142 wierzchni w po\u0142\u0105czeniu ze specjalnymi szwami zewn\u0119trznymi gwarantuje najwy\u017cszy mo\u017cliwy komfort noszenia....<\/p>","protected":false},"featured_media":25239,"template":"","meta":[],"product_brand":[],"product_cat":[90,15,18],"product_tag":[2774,142,1344,2776,1084,81,25,2778,3366,2775,2779,1825,83,1083,2777],"class_list":{"0":"post-25186","1":"product","2":"type-product","3":"status-publish","4":"has-post-thumbnail","6":"product_cat-omp","7":"product_cat-rukavice","8":"product_cat-vybava-pretekara","9":"product_tag-diler-omp","10":"product_tag-karting","11":"product_tag-karting-shop","12":"product_tag-motokarove-omp-rukavice","13":"product_tag-motokarove-rukavice","14":"product_tag-motokary","15":"product_tag-omp","16":"product_tag-omp-ks-3-rukavice","17":"product_tag-omp-ks2-art","18":"product_tag-omp-rukavice","19":"product_tag-omp-rukavice-ks-3","20":"product_tag-omp-shop","21":"product_tag-rukavice","22":"product_tag-rukavice-na-motokary","23":"product_tag-rukavice-omp-na-motokary","25":"first","26":"onbackorder","27":"taxable","28":"shipping-taxable","29":"purchasable","30":"product-type-variable","31":"customify-col","32":"product-has-gallery"},"aioseo_notices":[],"_links":{"self":[{"href":"https:\/\/motokary-karting.sk\/pl\/wp-json\/wp\/v2\/product\/25186","targetHints":{"allow":["GET"]}}],"collection":[{"href":"https:\/\/motokary-karting.sk\/pl\/wp-json\/wp\/v2\/product"}],"about":[{"href":"https:\/\/motokary-karting.sk\/pl\/wp-json\/wp\/v2\/types\/product"}],"wp:featuredmedia":[{"embeddable":true,"href":"https:\/\/motokary-karting.sk\/pl\/wp-json\/wp\/v2\/media\/25239"}],"wp:attachment":[{"href":"https:\/\/motokary-karting.sk\/pl\/wp-json\/wp\/v2\/media?parent=25186"}],"wp:term":[{"taxonomy":"product_brand","embeddable":true,"href":"https:\/\/motokary-karting.sk\/pl\/wp-json\/wp\/v2\/product_brand?post=25186"},{"taxonomy":"product_cat","embeddable":true,"href":"https:\/\/motokary-karting.sk\/pl\/wp-json\/wp\/v2\/product_cat?post=25186"},{"taxonomy":"product_tag","embeddable":true,"href":"https:\/\/motokary-karting.sk\/pl\/wp-json\/wp\/v2\/product_tag?post=25186"}],"curies":[{"name":"wp","href":"https:\/\/api.w.org\/{rel}","templated":true}]}}