{"id":2532,"date":"2020-08-13T20:38:03","date_gmt":"2020-08-13T20:38:03","guid":{"rendered":"https:\/\/motokary-karting.sk\/?post_type=product&#038;p=2532"},"modified":"2025-05-30T05:16:31","modified_gmt":"2025-05-30T05:16:31","slug":"zestaw-gumowych-kol-zebatych-paska-pompy-wodnej-4szt","status":"publish","type":"product","link":"https:\/\/motokary-karting.sk\/pl\/produkt\/remen-vodnej-pumpy-prevodova-gumicka-sada-4ks\/","title":{"rendered":"Pasek pompy wodnej (guma z\u0119bata) ZESTAW 4 szt."},"content":{"rendered":"","protected":false},"excerpt":{"rendered":"<p>Towary w magazynie s\u0105 wysy\u0142ane natychmiast<\/p>","protected":false},"featured_media":2534,"template":"","meta":[],"product_brand":[],"product_cat":[280,271],"product_tag":[704,705,142,81,693,694,702,703,697,699,700,701,696],"class_list":{"0":"post-2532","1":"product","2":"type-product","3":"status-publish","4":"has-post-thumbnail","6":"product_cat-chladice-vody-prislusenstvo","7":"product_cat-nahradne-diely-na-podvozky","8":"product_tag-gumicka","9":"product_tag-gumicka-na-vodnu-pumpu","10":"product_tag-karting","11":"product_tag-motokary","12":"product_tag-pulley","13":"product_tag-pulley-waterpump","14":"product_tag-remen","15":"product_tag-remen-vodnej-pumpy","16":"product_tag-vodna-pumpa","17":"product_tag-vodne-cerpadlo","18":"product_tag-vodni-cerpadlo","19":"product_tag-vodni-duchadlo","20":"product_tag-waterpump","22":"first","23":"onbackorder","24":"taxable","25":"shipping-taxable","26":"purchasable","27":"product-type-simple","28":"customify-col"},"aioseo_notices":[],"_links":{"self":[{"href":"https:\/\/motokary-karting.sk\/pl\/wp-json\/wp\/v2\/product\/2532","targetHints":{"allow":["GET"]}}],"collection":[{"href":"https:\/\/motokary-karting.sk\/pl\/wp-json\/wp\/v2\/product"}],"about":[{"href":"https:\/\/motokary-karting.sk\/pl\/wp-json\/wp\/v2\/types\/product"}],"wp:featuredmedia":[{"embeddable":true,"href":"https:\/\/motokary-karting.sk\/pl\/wp-json\/wp\/v2\/media\/2534"}],"wp:attachment":[{"href":"https:\/\/motokary-karting.sk\/pl\/wp-json\/wp\/v2\/media?parent=2532"}],"wp:term":[{"taxonomy":"product_brand","embeddable":true,"href":"https:\/\/motokary-karting.sk\/pl\/wp-json\/wp\/v2\/product_brand?post=2532"},{"taxonomy":"product_cat","embeddable":true,"href":"https:\/\/motokary-karting.sk\/pl\/wp-json\/wp\/v2\/product_cat?post=2532"},{"taxonomy":"product_tag","embeddable":true,"href":"https:\/\/motokary-karting.sk\/pl\/wp-json\/wp\/v2\/product_tag?post=2532"}],"curies":[{"name":"wp","href":"https:\/\/api.w.org\/{rel}","templated":true}]}}