{"id":25385,"date":"2024-12-01T10:17:10","date_gmt":"2024-12-01T10:17:10","guid":{"rendered":"https:\/\/motokary-karting.sk\/?post_type=product&#038;p=25385"},"modified":"2026-02-11T10:43:55","modified_gmt":"2026-02-11T10:43:55","slug":"sparco-kombinezon-superleggera-k","status":"publish","type":"product","link":"https:\/\/motokary-karting.sk\/pl\/produkt\/sparco-kombineza-superleggera-k\/","title":{"rendered":"Kombinezon Sparco Superleggera K"},"content":{"rendered":"<p>Kombinezon kartingowy Sparco Superleggera K wyznacza nowe standardy pod wzgl\u0119dem lekko\u015bci i wytrzyma\u0142o\u015bci materia\u0142u. Dzi\u0119ki ultracienkiemu materia\u0142owi o wadze zaledwie 300 g\/m\u00b2 oferuje wyj\u0105tkowy komfort i maksymaln\u0105 oddychalno\u015b\u0107. Opatentowany system AIR-IN gwarantuje ci\u0105g\u0142y przep\u0142yw powietrza, kt\u00f3ry skutecznie ch\u0142odzi kierowc\u0119.<\/p>\n<p>Ultra lekki. Ultra cienka. Ultra oddychaj\u0105ce.<br \/>\nElastyczne silikonowe wstawki na rami\u0105czkach zatrzymuj\u0105 przep\u0142yw powietrza i dostosowuj\u0105 si\u0119 do ruch\u00f3w rowerzysty, a strefy wentylacyjne w tylnej cz\u0119\u015bci zapewniaj\u0105 dodatkow\u0105 wentylacj\u0119. Kombinezon wykonany jest z ultra wytrzyma\u0142ego, wysoce oddychaj\u0105cego materia\u0142u i w razie potrzeby mo\u017cna go w pe\u0142ni dostosowa\u0107. Nowy, innowacyjny system zapinania ko\u0142nierza chroni g\u0142\u00f3wny materia\u0142 przed zu\u017cyciem i zapewnia d\u0142ug\u0105 \u017cywotno\u015b\u0107 nawet przy cz\u0119stym praniu. Elastyczne wstawki w dolnej cz\u0119\u015bci plec\u00f3w zapewniaj\u0105 maksymaln\u0105 swobod\u0119 ruch\u00f3w.<\/p>\n<p>Norma FIA: 8877-2022<\/p>","protected":false},"excerpt":{"rendered":"<p>Kombinezon kartingowy Sparco Superleggera K wyznacza nowe standardy pod wzgl\u0119dem lekko\u015bci i wytrzyma\u0142o\u015bci materia\u0142u. Dzi\u0119ki ultracienkiemu materia\u0142owi wa\u017c\u0105cemu zaledwie 300 g\/m\u00b2, oferuje wyj\u0105tkow\u0105...<\/p>","protected":false},"featured_media":25492,"template":"","meta":[],"product_brand":[],"product_cat":[22,98,18],"product_tag":[142,1344,85,482,1255,1258,81,2083,2085,26,1257,3328,3367,1256,100,2084],"class_list":{"0":"post-25385","1":"product","2":"type-product","3":"status-publish","4":"has-post-thumbnail","6":"product_cat-kombinezy","7":"product_cat-sparco-kombinezy","8":"product_cat-vybava-pretekara","9":"product_tag-karting","10":"product_tag-karting-shop","11":"product_tag-kombineza","12":"product_tag-kombineza-na-motokary","13":"product_tag-kombineza-sparco-thunder","14":"product_tag-motokarova-kombineza","15":"product_tag-motokary","16":"product_tag-overal-sparco-thunder","17":"product_tag-saprco-shop","18":"product_tag-sparco","19":"product_tag-sparco-kombineza-thunder","20":"product_tag-sparco-prime-k-advanced","21":"product_tag-sparco-superleggera-k","22":"product_tag-sparco-thunder","23":"product_tag-thunder","24":"product_tag-thunder-sparco","26":"first","27":"onbackorder","28":"taxable","29":"shipping-taxable","30":"purchasable","31":"product-type-variable","32":"customify-col","33":"product-has-gallery"},"aioseo_notices":[],"_links":{"self":[{"href":"https:\/\/motokary-karting.sk\/pl\/wp-json\/wp\/v2\/product\/25385","targetHints":{"allow":["GET"]}}],"collection":[{"href":"https:\/\/motokary-karting.sk\/pl\/wp-json\/wp\/v2\/product"}],"about":[{"href":"https:\/\/motokary-karting.sk\/pl\/wp-json\/wp\/v2\/types\/product"}],"wp:featuredmedia":[{"embeddable":true,"href":"https:\/\/motokary-karting.sk\/pl\/wp-json\/wp\/v2\/media\/25492"}],"wp:attachment":[{"href":"https:\/\/motokary-karting.sk\/pl\/wp-json\/wp\/v2\/media?parent=25385"}],"wp:term":[{"taxonomy":"product_brand","embeddable":true,"href":"https:\/\/motokary-karting.sk\/pl\/wp-json\/wp\/v2\/product_brand?post=25385"},{"taxonomy":"product_cat","embeddable":true,"href":"https:\/\/motokary-karting.sk\/pl\/wp-json\/wp\/v2\/product_cat?post=25385"},{"taxonomy":"product_tag","embeddable":true,"href":"https:\/\/motokary-karting.sk\/pl\/wp-json\/wp\/v2\/product_tag?post=25385"}],"curies":[{"name":"wp","href":"https:\/\/api.w.org\/{rel}","templated":true}]}}