{"id":25493,"date":"2024-12-01T10:33:35","date_gmt":"2024-12-01T10:33:35","guid":{"rendered":"https:\/\/motokary-karting.sk\/?post_type=product&#038;p=25493"},"modified":"2026-04-27T05:55:29","modified_gmt":"2026-04-27T05:55:29","slug":"kombinezon-sparco-thunder-advanced","status":"publish","type":"product","link":"https:\/\/motokary-karting.sk\/pl\/produkt\/sparco-kombineza-thunder-advanced\/","title":{"rendered":"Kombinezon Sparco Thunder Advanced"},"content":{"rendered":"<p>Kombinezon Sparco THUNDER to idealny wyb\u00f3r dla ambitnego kierowcy gokartowego, kt\u00f3ry szczyci si\u0119 trwa\u0142\u0105 jako\u015bci\u0105 i nowoczesnym wzornictwem. Spe\u0142nia najnowszy standard kartingowy FIA 8877-2022. Oferuje doskona\u0142\u0105 oddychalno\u015b\u0107 dzi\u0119ki oddychaj\u0105cym wstawkom pod pachami i w okolicy ud.<\/p>\n<p>Specjalne elastyczne wstawki zapewniaj\u0105 maksymaln\u0105 swobod\u0119 ruch\u00f3w, a sportowy, przylegaj\u0105cy do cia\u0142a kr\u00f3j zapewnia optymalne dopasowanie. Otwarty zamek b\u0142yskawiczny z przodu, kontrastowe aplikacje i przyci\u0119ty ko\u0142nierz nadaj\u0105 kombinezonowi dynamiczny wygl\u0105d. Idealny od poziomu podstawowego do profesjonalnego u\u017cytku wy\u015bcigowego.<\/p>\n<p>Norma FIA: 8877-2022<\/p>","protected":false},"excerpt":{"rendered":"<p>Kombinezon Sparco THUNDER to idealny wyb\u00f3r dla ambitnego kierowcy gokartowego, kt\u00f3ry szczyci si\u0119 trwa\u0142\u0105 jako\u015bci\u0105 i nowoczesnym wzornictwem. Spe\u0142nia najnowszy standard FIA 8877-2022 dla...<\/p>","protected":false},"featured_media":25621,"template":"","meta":[],"product_brand":[],"product_cat":[22,98,18],"product_tag":[142,1344,85,482,1255,1258,81,2083,2085,26,1257,1256,100,2084],"class_list":{"0":"post-25493","1":"product","2":"type-product","3":"status-publish","4":"has-post-thumbnail","6":"product_cat-kombinezy","7":"product_cat-sparco-kombinezy","8":"product_cat-vybava-pretekara","9":"product_tag-karting","10":"product_tag-karting-shop","11":"product_tag-kombineza","12":"product_tag-kombineza-na-motokary","13":"product_tag-kombineza-sparco-thunder","14":"product_tag-motokarova-kombineza","15":"product_tag-motokary","16":"product_tag-overal-sparco-thunder","17":"product_tag-saprco-shop","18":"product_tag-sparco","19":"product_tag-sparco-kombineza-thunder","20":"product_tag-sparco-thunder","21":"product_tag-thunder","22":"product_tag-thunder-sparco","24":"first","25":"instock","26":"taxable","27":"shipping-taxable","28":"purchasable","29":"product-type-variable","30":"customify-col","31":"product-has-gallery"},"aioseo_notices":[],"_links":{"self":[{"href":"https:\/\/motokary-karting.sk\/pl\/wp-json\/wp\/v2\/product\/25493","targetHints":{"allow":["GET"]}}],"collection":[{"href":"https:\/\/motokary-karting.sk\/pl\/wp-json\/wp\/v2\/product"}],"about":[{"href":"https:\/\/motokary-karting.sk\/pl\/wp-json\/wp\/v2\/types\/product"}],"wp:featuredmedia":[{"embeddable":true,"href":"https:\/\/motokary-karting.sk\/pl\/wp-json\/wp\/v2\/media\/25621"}],"wp:attachment":[{"href":"https:\/\/motokary-karting.sk\/pl\/wp-json\/wp\/v2\/media?parent=25493"}],"wp:term":[{"taxonomy":"product_brand","embeddable":true,"href":"https:\/\/motokary-karting.sk\/pl\/wp-json\/wp\/v2\/product_brand?post=25493"},{"taxonomy":"product_cat","embeddable":true,"href":"https:\/\/motokary-karting.sk\/pl\/wp-json\/wp\/v2\/product_cat?post=25493"},{"taxonomy":"product_tag","embeddable":true,"href":"https:\/\/motokary-karting.sk\/pl\/wp-json\/wp\/v2\/product_tag?post=25493"}],"curies":[{"name":"wp","href":"https:\/\/api.w.org\/{rel}","templated":true}]}}