{"id":2562,"date":"2020-07-13T21:31:13","date_gmt":"2020-07-13T21:31:13","guid":{"rendered":"https:\/\/motokary-karting.sk\/?post_type=product&#038;p=2562"},"modified":"2026-01-28T19:12:03","modified_gmt":"2026-01-28T19:12:03","slug":"ochraniacz-zeber-racewear-fr-1","status":"publish","type":"product","link":"https:\/\/motokary-karting.sk\/pl\/produkt\/rebrovy-chranic-racewear-fr-1\/","title":{"rendered":"Ochraniacz \u017ceber Racewear FR-1"},"content":{"rendered":"<p>-Profesjonalny ochraniacz \u017ceber (bez homologacji FIA)<br \/>\n-optymalna ochrona \u017ceber, klatki piersiowej i plec\u00f3w pe\u0142ny ochraniacz plec\u00f3w chroni\u0105cy kr\u0119gos\u0142up<br \/>\n-pe\u0142ny ochraniacz piersi chroni przed uderzeniami w kierownic\u0119, jest dwucz\u0119\u015bciowy, dzi\u0119ki czemu mo\u017cna go idealnie dopasowa\u0107<br \/>\n-optymalna regulacja za pomoc\u0105 rzep\u00f3w<br \/>\n-maksymalna ochrona i przyjemny komfort<br \/>\n-mo\u017ce by\u0107 noszony na lub pod kombinezonem<\/p>","protected":false},"excerpt":{"rendered":"<p>-profesjonalny ochraniacz \u017ceber (bez homologacji FIA) -optymalna ochrona \u017ceber, klatki piersiowej i plec\u00f3w -pe\u0142ny ochraniacz kr\u0119gos\u0142upa chroni\u0105cy kr\u0119gos\u0142up -pe\u0142ny ochraniacz klatki piersiowej chroni\u0105cy przed...<\/p>","protected":false},"featured_media":2571,"template":"","meta":[],"product_brand":[],"product_cat":[88,18],"product_tag":[1243,721,155,142,1344,1545,1546,81,720,153,1030,1203],"class_list":{"0":"post-2562","1":"product","2":"type-product","3":"status-publish","4":"has-post-thumbnail","6":"product_cat-ochrana-rebier","7":"product_cat-vybava-pretekara","8":"product_tag-chranic-na-rebra","9":"product_tag-chranic-rebier","10":"product_tag-chranicrebier","11":"product_tag-karting","12":"product_tag-karting-shop","13":"product_tag-motokarovy-chranic-rebier","14":"product_tag-motokarovy-rebrovy-chranic","15":"product_tag-motokary","16":"product_tag-ochrana-rebier","17":"product_tag-racewear","18":"product_tag-rebrovy-chranic","19":"product_tag-rebrovy-chranic-na-motokary","21":"first","22":"instock","23":"taxable","24":"shipping-taxable","25":"purchasable","26":"product-type-variable","27":"customify-col","28":"product-has-gallery"},"aioseo_notices":[],"_links":{"self":[{"href":"https:\/\/motokary-karting.sk\/pl\/wp-json\/wp\/v2\/product\/2562","targetHints":{"allow":["GET"]}}],"collection":[{"href":"https:\/\/motokary-karting.sk\/pl\/wp-json\/wp\/v2\/product"}],"about":[{"href":"https:\/\/motokary-karting.sk\/pl\/wp-json\/wp\/v2\/types\/product"}],"wp:featuredmedia":[{"embeddable":true,"href":"https:\/\/motokary-karting.sk\/pl\/wp-json\/wp\/v2\/media\/2571"}],"wp:attachment":[{"href":"https:\/\/motokary-karting.sk\/pl\/wp-json\/wp\/v2\/media?parent=2562"}],"wp:term":[{"taxonomy":"product_brand","embeddable":true,"href":"https:\/\/motokary-karting.sk\/pl\/wp-json\/wp\/v2\/product_brand?post=2562"},{"taxonomy":"product_cat","embeddable":true,"href":"https:\/\/motokary-karting.sk\/pl\/wp-json\/wp\/v2\/product_cat?post=2562"},{"taxonomy":"product_tag","embeddable":true,"href":"https:\/\/motokary-karting.sk\/pl\/wp-json\/wp\/v2\/product_tag?post=2562"}],"curies":[{"name":"wp","href":"https:\/\/api.w.org\/{rel}","templated":true}]}}