{"id":25697,"date":"2024-12-02T15:42:35","date_gmt":"2024-12-02T15:42:35","guid":{"rendered":"https:\/\/motokary-karting.sk\/?post_type=product&#038;p=25697"},"modified":"2026-03-25T10:45:57","modified_gmt":"2026-03-25T10:45:57","slug":"kombinezon-sparco-kerb-advanced-lady","status":"publish","type":"product","link":"https:\/\/motokary-karting.sk\/pl\/produkt\/sparco-kombineza-kerb-advanced-lady\/","title":{"rendered":"Kombinezon Sparco Kerb Advanced LADY"},"content":{"rendered":"<p>Ten kombinezon gokartowy zachwyca nowoczesnym designem i doskona\u0142ym komfortem noszenia. Nowy kr\u00f3j zapewnia idealne dopasowanie do cia\u0142a, a elastyczne wstawki pod pachami i w okolicach plec\u00f3w oferuj\u0105 maksymaln\u0105 swobod\u0119 ruch\u00f3w \u2013 idealne do ka\u017cdej pozycji siedz\u0105cej w gokarcie.<\/p>\n<p>Otwory wentylacyjne w obszarze ud gwarantuj\u0105 ukierunkowan\u0105 wentylacj\u0119, kt\u00f3ra zapewnia przyjemny komfort nawet w wysokich temperaturach. Szlufki boczne w pasie mo\u017cna \u0142atwo regulowa\u0107 w celu indywidualnego dopasowania. Kontrastuj\u0105ce kolorystycznie aplikacje i uko\u015bne kontrastuj\u0105ce szwy podkre\u015blaj\u0105 sportowy i nowoczesny wygl\u0105d kombinezonu. Sportowy design i ergonomiczny kszta\u0142t sprawiaj\u0105, \u017ce Sparco CURB jest najlepszym modelem w swojej klasie, zar\u00f3wno pod wzgl\u0119dem wizualnym, jak i pod wzgl\u0119dem komfortu.<\/p>\n<p>Norma FIA: 8877-2022<\/p>","protected":false},"excerpt":{"rendered":"<p>Ten kombinezon kartingowy zachwyca nowoczesnym designem i doskona\u0142ym komfortem noszenia. Nowy kr\u00f3j zapewnia idealne dopasowanie do cia\u0142a, a elastyczne wstawki pod pachami i...<\/p>","protected":false},"featured_media":25734,"template":"","meta":[],"product_brand":[],"product_cat":[22,98,18],"product_tag":[142,1344,1042,1254,81,2082,26,1252,2769,1043,1253,1755],"class_list":{"0":"post-25697","1":"product","2":"type-product","3":"status-publish","4":"has-post-thumbnail","6":"product_cat-kombinezy","7":"product_cat-sparco-kombinezy","8":"product_cat-vybava-pretekara","9":"product_tag-karting","10":"product_tag-karting-shop","11":"product_tag-kombineza-sparco","12":"product_tag-kombineza-sparco-kerb","13":"product_tag-motokary","14":"product_tag-overal-sparco-kerb","15":"product_tag-sparco","16":"product_tag-sparco-kerb","17":"product_tag-sparco-kerb-lady","18":"product_tag-sparco-kombineza","19":"product_tag-sparco-kombineza-kerb","20":"product_tag-sparco-shop","22":"first","23":"instock","24":"taxable","25":"shipping-taxable","26":"purchasable","27":"product-type-variable","28":"customify-col","29":"product-has-gallery"},"aioseo_notices":[],"_links":{"self":[{"href":"https:\/\/motokary-karting.sk\/pl\/wp-json\/wp\/v2\/product\/25697","targetHints":{"allow":["GET"]}}],"collection":[{"href":"https:\/\/motokary-karting.sk\/pl\/wp-json\/wp\/v2\/product"}],"about":[{"href":"https:\/\/motokary-karting.sk\/pl\/wp-json\/wp\/v2\/types\/product"}],"wp:featuredmedia":[{"embeddable":true,"href":"https:\/\/motokary-karting.sk\/pl\/wp-json\/wp\/v2\/media\/25734"}],"wp:attachment":[{"href":"https:\/\/motokary-karting.sk\/pl\/wp-json\/wp\/v2\/media?parent=25697"}],"wp:term":[{"taxonomy":"product_brand","embeddable":true,"href":"https:\/\/motokary-karting.sk\/pl\/wp-json\/wp\/v2\/product_brand?post=25697"},{"taxonomy":"product_cat","embeddable":true,"href":"https:\/\/motokary-karting.sk\/pl\/wp-json\/wp\/v2\/product_cat?post=25697"},{"taxonomy":"product_tag","embeddable":true,"href":"https:\/\/motokary-karting.sk\/pl\/wp-json\/wp\/v2\/product_tag?post=25697"}],"curies":[{"name":"wp","href":"https:\/\/api.w.org\/{rel}","templated":true}]}}