{"id":25839,"date":"2024-12-04T08:04:56","date_gmt":"2024-12-04T08:04:56","guid":{"rendered":"https:\/\/motokary-karting.sk\/?post_type=product&#038;p=25839"},"modified":"2026-04-21T10:43:49","modified_gmt":"2026-04-21T10:43:49","slug":"kombinezon-alpinestars-kmx9-v3-graph-6","status":"publish","type":"product","link":"https:\/\/motokary-karting.sk\/pl\/produkt\/alpinestars-kombineza-kmx9-v3-graph-6\/","title":{"rendered":"Kombinezon Alpinestars KMX9 v3 Graph 6"},"content":{"rendered":"<p>Wersja graficzna jest wyposa\u017cona w te same funkcje co KMX9 v3 i jest dost\u0119pna w trzech sportowych i nowoczesnych wzorach. Zaprojektowany z my\u015bl\u0105 o trwa\u0142o\u015bci, minimalnym marszczeniu materia\u0142u i odporno\u015bci na \u015bcieranie, kombinezon zapewnia komfort, elastyczno\u015b\u0107 i odprowadzanie wilgoci.<\/p>\n<p>Norma FIA: 8877-2022<\/p>","protected":false},"excerpt":{"rendered":"<p>Wersja graficzna jest wyposa\u017cona w te same funkcje, co KMX9 v3 i jest dost\u0119pna w trzech sportowych i nowoczesnych wzorach. Kombinezon zosta\u0142 zaprojektowany z my\u015bl\u0105 o trwa\u0142o\u015bci, minimalnym marszczeniu materia\u0142u...<\/p>","protected":false},"featured_media":25917,"template":"","meta":[],"product_brand":[],"product_cat":[84,22,18],"product_tag":[2834,3368,2832,3264,142,2833,2658,482,1258,81,2088],"class_list":{"0":"post-25839","1":"product","2":"type-product","3":"status-publish","4":"has-post-thumbnail","6":"product_cat-alpinestars-kombinezy","7":"product_cat-kombinezy","8":"product_cat-vybava-pretekara","9":"product_tag-alpinestars-kmx9-v2-graph3","10":"product_tag-alpinestars-kmx9-v3-graph-6","11":"product_tag-alpinestars-kombineza-kmx5","12":"product_tag-alpinetars-graph-2","13":"product_tag-karting","14":"product_tag-karting-alpinestars","15":"product_tag-karting-pezinok","16":"product_tag-kombineza-na-motokary","17":"product_tag-motokarova-kombineza","18":"product_tag-motokary","19":"product_tag-overal-na-motokaru","21":"first","22":"instock","23":"taxable","24":"shipping-taxable","25":"purchasable","26":"product-type-variable","27":"customify-col","28":"product-has-gallery"},"aioseo_notices":[],"_links":{"self":[{"href":"https:\/\/motokary-karting.sk\/pl\/wp-json\/wp\/v2\/product\/25839","targetHints":{"allow":["GET"]}}],"collection":[{"href":"https:\/\/motokary-karting.sk\/pl\/wp-json\/wp\/v2\/product"}],"about":[{"href":"https:\/\/motokary-karting.sk\/pl\/wp-json\/wp\/v2\/types\/product"}],"wp:featuredmedia":[{"embeddable":true,"href":"https:\/\/motokary-karting.sk\/pl\/wp-json\/wp\/v2\/media\/25917"}],"wp:attachment":[{"href":"https:\/\/motokary-karting.sk\/pl\/wp-json\/wp\/v2\/media?parent=25839"}],"wp:term":[{"taxonomy":"product_brand","embeddable":true,"href":"https:\/\/motokary-karting.sk\/pl\/wp-json\/wp\/v2\/product_brand?post=25839"},{"taxonomy":"product_cat","embeddable":true,"href":"https:\/\/motokary-karting.sk\/pl\/wp-json\/wp\/v2\/product_cat?post=25839"},{"taxonomy":"product_tag","embeddable":true,"href":"https:\/\/motokary-karting.sk\/pl\/wp-json\/wp\/v2\/product_tag?post=25839"}],"curies":[{"name":"wp","href":"https:\/\/api.w.org\/{rel}","templated":true}]}}