{"id":25919,"date":"2024-12-04T10:48:41","date_gmt":"2024-12-04T10:48:41","guid":{"rendered":"https:\/\/motokary-karting.sk\/?post_type=product&#038;p=25919"},"modified":"2026-03-04T12:25:55","modified_gmt":"2026-03-04T12:25:55","slug":"kombinezon-omp-3x","status":"publish","type":"product","link":"https:\/\/motokary-karting.sk\/pl\/produkt\/omp-kombineza-ks-3x\/","title":{"rendered":"Kombinezon OMP KS-3X"},"content":{"rendered":"<p>Nowy OMP Kartoverall KS-3 zachwyca nowoczesnym, dwukolorowym designem i wytrzyma\u0142ym materia\u0142em zewn\u0119trznym. Lekko chropowata powierzchnia zapewnia wygodny chwyt i zwi\u0119ksza trwa\u0142o\u015b\u0107.<\/p>\n<p>Dzi\u0119ki oddychaj\u0105cym wstawkom na wewn\u0119trznej stronie ud, kombinezon zapewnia lepsz\u0105 oddychalno\u015b\u0107 nawet podczas intensywnej jazdy. Nowy, zoptymalizowany i wst\u0119pnie ukszta\u0142towany kr\u00f3j oraz elastyczne wstawki w okolicy ramion gwarantuj\u0105 idealne dopasowanie i maksymaln\u0105 swobod\u0119 ruch\u00f3w. Mi\u0119kka wewn\u0119trzna podszewka i wysokiej jako\u015bci materia\u0142y dope\u0142niaj\u0105 doskona\u0142y komfort tego popularnego kombinezonu kartingowego.<\/p>\n<p>Norma FIA: 8877-2022<\/p>","protected":false},"excerpt":{"rendered":"<p>Nowy OMP Kartoverall KS-3 zachwyca nowoczesnym, dwukolorowym designem i wytrzyma\u0142ym materia\u0142em zewn\u0119trznym. Lekko chropowata powierzchnia zapewnia wygodny chwyt i zwi\u0119ksza trwa\u0142o\u015b\u0107. Dzi\u0119ki oddychaj\u0105cym wstawkom na...<\/p>","protected":false},"featured_media":25985,"template":"","meta":[],"product_brand":[],"product_cat":[22,91,18],"product_tag":[142,1344,2117,1258,2118,81,2119,2116,2115,1828,1825],"class_list":{"0":"post-25919","1":"product","2":"type-product","3":"status-publish","4":"has-post-thumbnail","6":"product_cat-kombinezy","7":"product_cat-omp-kombinezy","8":"product_cat-vybava-pretekara","9":"product_tag-karting","10":"product_tag-karting-shop","11":"product_tag-kombinezqa-na-motokary","12":"product_tag-motokarova-kombineza","13":"product_tag-motokarovy-shop","14":"product_tag-motokary","15":"product_tag-motokary-obchod","16":"product_tag-omp-karting-kombineza","17":"product_tag-omp-kombineza-ks-3","18":"product_tag-omp-ks-3","19":"product_tag-omp-shop","21":"first","22":"instock","23":"taxable","24":"shipping-taxable","25":"purchasable","26":"product-type-variable","27":"customify-col","28":"product-has-gallery"},"aioseo_notices":[],"_links":{"self":[{"href":"https:\/\/motokary-karting.sk\/pl\/wp-json\/wp\/v2\/product\/25919","targetHints":{"allow":["GET"]}}],"collection":[{"href":"https:\/\/motokary-karting.sk\/pl\/wp-json\/wp\/v2\/product"}],"about":[{"href":"https:\/\/motokary-karting.sk\/pl\/wp-json\/wp\/v2\/types\/product"}],"wp:featuredmedia":[{"embeddable":true,"href":"https:\/\/motokary-karting.sk\/pl\/wp-json\/wp\/v2\/media\/25985"}],"wp:attachment":[{"href":"https:\/\/motokary-karting.sk\/pl\/wp-json\/wp\/v2\/media?parent=25919"}],"wp:term":[{"taxonomy":"product_brand","embeddable":true,"href":"https:\/\/motokary-karting.sk\/pl\/wp-json\/wp\/v2\/product_brand?post=25919"},{"taxonomy":"product_cat","embeddable":true,"href":"https:\/\/motokary-karting.sk\/pl\/wp-json\/wp\/v2\/product_cat?post=25919"},{"taxonomy":"product_tag","embeddable":true,"href":"https:\/\/motokary-karting.sk\/pl\/wp-json\/wp\/v2\/product_tag?post=25919"}],"curies":[{"name":"wp","href":"https:\/\/api.w.org\/{rel}","templated":true}]}}