{"id":26257,"date":"2024-12-04T15:01:03","date_gmt":"2024-12-04T15:01:03","guid":{"rendered":"https:\/\/motokary-karting.sk\/?post_type=product&#038;p=26257"},"modified":"2026-02-11T10:56:45","modified_gmt":"2026-02-11T10:56:45","slug":"buty-sparco-z-systemem-szybkiego-sznurowania-i-chowania","status":"publish","type":"product","link":"https:\/\/motokary-karting.sk\/pl\/produkt\/sparco-topanky-k-rapid-snurovacie-aj-zatahovaci-system\/","title":{"rendered":"Buty Sparco K-Rapid (zar\u00f3wno sznurowane, jak i chowane)"},"content":{"rendered":"<p>Buty kartingowe Sparco K-RAPID charakteryzuj\u0105 si\u0119 wyj\u0105tkow\u0105 lekko\u015bci\u0105 i wygod\u0105. Cienka cholewka z mikrofibry i oddychaj\u0105ca podszewka z siateczki zapewniaj\u0105 optymalne dopasowanie i wysoki komfort noszenia. Solidna podeszwa z naturalnej gumy zapewnia maksymaln\u0105 przyczepno\u015b\u0107 nawet na mokrych lub oleistych nawierzchniach i zapewnia doskona\u0142e wyczucie peda\u0142u.<\/p>\n<p>Rozmiary dzieci\u0119ce s\u0105 dost\u0119pne tylko w kolorze czarnym\/bia\u0142ym.<\/p>\n<p>Norma FIA: 8877-2022<\/p>","protected":false},"excerpt":{"rendered":"<p>Buty kartingowe Sparco K-RAPID charakteryzuj\u0105 si\u0119 wyj\u0105tkow\u0105 lekko\u015bci\u0105 i wygod\u0105. Cienka cholewka z mikrofibry i oddychaj\u0105ca podszewka z siateczki zapewniaj\u0105 optymalne dopasowanie i wysoki komfort....<\/p>","protected":false},"featured_media":26537,"template":"","meta":[],"product_brand":[],"product_cat":[95,28,18],"product_tag":[937,142,940,81,938,26,3324,87,939],"class_list":{"0":"post-26257","1":"product","2":"type-product","3":"status-publish","4":"has-post-thumbnail","6":"product_cat-sparco-topanky","7":"product_cat-topanky","8":"product_cat-vybava-pretekara","9":"product_tag-jazdecke-topanky","10":"product_tag-karting","11":"product_tag-motokarove-topanky","12":"product_tag-motokary","13":"product_tag-pretekarske-topanky","14":"product_tag-sparco","15":"product_tag-sparco-k-prime","16":"product_tag-topanky","17":"product_tag-topanky-na-motokary","19":"first","20":"onbackorder","21":"taxable","22":"shipping-taxable","23":"purchasable","24":"product-type-variable","25":"customify-col","26":"product-has-gallery"},"aioseo_notices":[],"_links":{"self":[{"href":"https:\/\/motokary-karting.sk\/pl\/wp-json\/wp\/v2\/product\/26257","targetHints":{"allow":["GET"]}}],"collection":[{"href":"https:\/\/motokary-karting.sk\/pl\/wp-json\/wp\/v2\/product"}],"about":[{"href":"https:\/\/motokary-karting.sk\/pl\/wp-json\/wp\/v2\/types\/product"}],"wp:featuredmedia":[{"embeddable":true,"href":"https:\/\/motokary-karting.sk\/pl\/wp-json\/wp\/v2\/media\/26537"}],"wp:attachment":[{"href":"https:\/\/motokary-karting.sk\/pl\/wp-json\/wp\/v2\/media?parent=26257"}],"wp:term":[{"taxonomy":"product_brand","embeddable":true,"href":"https:\/\/motokary-karting.sk\/pl\/wp-json\/wp\/v2\/product_brand?post=26257"},{"taxonomy":"product_cat","embeddable":true,"href":"https:\/\/motokary-karting.sk\/pl\/wp-json\/wp\/v2\/product_cat?post=26257"},{"taxonomy":"product_tag","embeddable":true,"href":"https:\/\/motokary-karting.sk\/pl\/wp-json\/wp\/v2\/product_tag?post=26257"}],"curies":[{"name":"wp","href":"https:\/\/api.w.org\/{rel}","templated":true}]}}